{"id":38136,"date":"2023-02-22T16:03:50","date_gmt":"2023-02-22T16:03:50","guid":{"rendered":"https:\/\/www.fortunyo.es\/nosaltres"},"modified":"2025-04-07T12:54:33","modified_gmt":"2025-04-07T12:54:33","slug":"nosaltres","status":"publish","type":"page","link":"https:\/\/www.fortunyo.es\/ca\/nosaltres","title":{"rendered":"Nosaltres"},"content":{"rendered":"\t\t<div data-elementor-type=\"wp-page\" data-elementor-id=\"38136\" class=\"elementor elementor-38136 elementor-29547\">\n\t\t\t\t\t\t<section class=\"elementor-section elementor-top-section elementor-element elementor-element-db85bca elementor-section-height-min-height elementor-section-items-bottom elementor-section-boxed elementor-section-height-default cmsmasters-block-default\" data-id=\"db85bca\" data-element_type=\"section\" data-settings=\"{&quot;background_background&quot;:&quot;classic&quot;}\">\n\t\t\t\t\t\t\t<div class=\"elementor-background-overlay\"><\/div>\n\t\t\t\t\t\t\t<div class=\"elementor-container elementor-column-gap-wide\">\n\t\t\t\t\t<div class=\"elementor-column elementor-col-100 elementor-top-column elementor-element elementor-element-283b4f9\" data-id=\"283b4f9\" data-element_type=\"column\">\n\t\t\t<div class=\"elementor-widget-wrap elementor-element-populated\">\n\t\t\t\t\t\t<section class=\"elementor-section elementor-inner-section elementor-element elementor-element-f503ee0 elementor-section-full_width elementor-section-height-default elementor-section-height-default cmsmasters-block-default\" data-id=\"f503ee0\" data-element_type=\"section\">\n\t\t\t\t\t\t<div class=\"elementor-container elementor-column-gap-no\">\n\t\t\t\t\t<div class=\"elementor-column elementor-col-100 elementor-inner-column elementor-element elementor-element-6627837\" data-id=\"6627837\" data-element_type=\"column\">\n\t\t\t<div class=\"elementor-widget-wrap elementor-element-populated\">\n\t\t\t\t\t\t<div class=\"elementor-element elementor-element-9245000 cmsmasters-block-default cmsmasters-sticky-default elementor-widget elementor-widget-heading\" data-id=\"9245000\" data-element_type=\"widget\" data-widget_type=\"heading.default\">\n\t\t\t\t<div class=\"elementor-widget-container\">\n\t\t\t\t\t<h1 class=\"elementor-heading-title elementor-size-default\">Arxius<\/h1>\t\t\t\t<\/div>\n\t\t\t\t<\/div>\n\t\t\t\t\t<\/div>\n\t\t<\/div>\n\t\t\t\t\t<\/div>\n\t\t<\/section>\n\t\t\t\t\t<\/div>\n\t\t<\/div>\n\t\t\t\t\t<\/div>\n\t\t<\/section>\n\t\t\t\t<section class=\"elementor-section elementor-top-section elementor-element elementor-element-a412778 elementor-section-content-middle elementor-section-boxed elementor-section-height-default elementor-section-height-default cmsmasters-block-default\" data-id=\"a412778\" data-element_type=\"section\">\n\t\t\t\t\t\t<div class=\"elementor-container elementor-column-gap-wide\">\n\t\t\t\t\t<div class=\"elementor-column elementor-col-50 elementor-top-column elementor-element elementor-element-60a8400\" data-id=\"60a8400\" data-element_type=\"column\">\n\t\t\t<div class=\"elementor-widget-wrap elementor-element-populated\">\n\t\t\t\t\t\t<div class=\"elementor-element elementor-element-f142b58 cmsmasters-block-default cmsmasters-sticky-default elementor-widget elementor-widget-image\" data-id=\"f142b58\" data-element_type=\"widget\" data-widget_type=\"image.default\">\n\t\t\t\t<div class=\"elementor-widget-container\">\n\t\t\t\t\t\t\t\t\t\t\t\t\t\t\t<img fetchpriority=\"high\" decoding=\"async\" width=\"4240\" height=\"2384\" src=\"https:\/\/www.fortunyo.es\/wp-content\/uploads\/2023\/02\/MORRO-DE-PORC-TALLAT-I-ADOBAT-1-30x17.png\" class=\"attachment-full size-full wp-image-36397 cmsmasters_img cmsmasters-lazyload lazyload\" alt=\"morro de cerdo cortado y adobado carns fortunyo\" data-sizes=\"(max-width: 4240px) 100vw, 4240px\" data-src=\"https:\/\/www.fortunyo.es\/wp-content\/uploads\/2023\/02\/MORRO-DE-PORC-TALLAT-I-ADOBAT-1.png\" data-srcset=\"https:\/\/www.fortunyo.es\/wp-content\/uploads\/2023\/02\/MORRO-DE-PORC-TALLAT-I-ADOBAT-1.png 4240w, https:\/\/www.fortunyo.es\/wp-content\/uploads\/2023\/02\/MORRO-DE-PORC-TALLAT-I-ADOBAT-1-600x337.png 600w, https:\/\/www.fortunyo.es\/wp-content\/uploads\/2023\/02\/MORRO-DE-PORC-TALLAT-I-ADOBAT-1-300x169.png 300w, https:\/\/www.fortunyo.es\/wp-content\/uploads\/2023\/02\/MORRO-DE-PORC-TALLAT-I-ADOBAT-1-1024x576.png 1024w, https:\/\/www.fortunyo.es\/wp-content\/uploads\/2023\/02\/MORRO-DE-PORC-TALLAT-I-ADOBAT-1-768x432.png 768w, https:\/\/www.fortunyo.es\/wp-content\/uploads\/2023\/02\/MORRO-DE-PORC-TALLAT-I-ADOBAT-1-1536x864.png 1536w, https:\/\/www.fortunyo.es\/wp-content\/uploads\/2023\/02\/MORRO-DE-PORC-TALLAT-I-ADOBAT-1-2048x1152.png 2048w, https:\/\/www.fortunyo.es\/wp-content\/uploads\/2023\/02\/MORRO-DE-PORC-TALLAT-I-ADOBAT-1-534x300.png 534w, https:\/\/www.fortunyo.es\/wp-content\/uploads\/2023\/02\/MORRO-DE-PORC-TALLAT-I-ADOBAT-1-30x16.png 30w, https:\/\/www.fortunyo.es\/wp-content\/uploads\/2023\/02\/MORRO-DE-PORC-TALLAT-I-ADOBAT-1-18x10.png 18w\" srcset=\"https:\/\/www.fortunyo.es\/wp-content\/uploads\/2023\/02\/MORRO-DE-PORC-TALLAT-I-ADOBAT-1-30x16.png 30w, https:\/\/www.fortunyo.es\/wp-content\/uploads\/2023\/02\/MORRO-DE-PORC-TALLAT-I-ADOBAT-1-600x337.png 600w, https:\/\/www.fortunyo.es\/wp-content\/uploads\/2023\/02\/MORRO-DE-PORC-TALLAT-I-ADOBAT-1-300x169.png 300w, https:\/\/www.fortunyo.es\/wp-content\/uploads\/2023\/02\/MORRO-DE-PORC-TALLAT-I-ADOBAT-1-1024x576.png 1024w, https:\/\/www.fortunyo.es\/wp-content\/uploads\/2023\/02\/MORRO-DE-PORC-TALLAT-I-ADOBAT-1-768x432.png 768w, https:\/\/www.fortunyo.es\/wp-content\/uploads\/2023\/02\/MORRO-DE-PORC-TALLAT-I-ADOBAT-1-1536x864.png 1536w, https:\/\/www.fortunyo.es\/wp-content\/uploads\/2023\/02\/MORRO-DE-PORC-TALLAT-I-ADOBAT-1-2048x1152.png 2048w, https:\/\/www.fortunyo.es\/wp-content\/uploads\/2023\/02\/MORRO-DE-PORC-TALLAT-I-ADOBAT-1-534x300.png 534w, https:\/\/www.fortunyo.es\/wp-content\/uploads\/2023\/02\/MORRO-DE-PORC-TALLAT-I-ADOBAT-1-18x10.png 18w\" sizes=\"(max-width: 4240px) 100vw, 4240px\" \/>\t\t\t\t\t\t\t\t\t\t\t\t\t\t\t<\/div>\n\t\t\t\t<\/div>\n\t\t\t\t\t<\/div>\n\t\t<\/div>\n\t\t\t\t<div class=\"elementor-column elementor-col-50 elementor-top-column elementor-element elementor-element-3595822\" data-id=\"3595822\" data-element_type=\"column\">\n\t\t\t<div class=\"elementor-widget-wrap elementor-element-populated\">\n\t\t\t\t\t\t<div class=\"elementor-element elementor-element-787dc8d cmsmasters-block-default cmsmasters-sticky-default elementor-widget elementor-widget-text-editor\" data-id=\"787dc8d\" data-element_type=\"widget\" data-widget_type=\"text-editor.default\">\n\t\t\t\t<div class=\"elementor-widget-container\">\n\t\t\t\t\t\t\t\t\t<h2>Comprom\u00eds amb la qualitat<\/h2>\t\t\t\t\t\t\t\t<\/div>\n\t\t\t\t<\/div>\n\t\t\t\t<div class=\"elementor-element elementor-element-4a30eb9 cmsmasters-block-default cmsmasters-sticky-default elementor-widget elementor-widget-text-editor\" data-id=\"4a30eb9\" data-element_type=\"widget\" data-widget_type=\"text-editor.default\">\n\t\t\t\t<div class=\"elementor-widget-container\">\n\t\t\t\t\t\t\t\t\t<p>A <strong>Fortu\u00f1o<\/strong>, portem m\u00e9s de 60 anys dedicant-nos amb passi\u00f3 a l&#8217;elaboraci\u00f3 de carns i menuts artesanals a Lleida. El nostre origen est\u00e0 profundament lligat a les tradicions gastron\u00f2miques i, des del nostre inici, ens hem mantingut fidels als processos artesanals que garanteixen l\u2019aut\u00e8ntic gust casol\u00e0 en cada un dels nostres productes.<\/p>\t\t\t\t\t\t\t\t<\/div>\n\t\t\t\t<\/div>\n\t\t\t\t\t<\/div>\n\t\t<\/div>\n\t\t\t\t\t<\/div>\n\t\t<\/section>\n\t\t\t\t<section class=\"elementor-section elementor-top-section elementor-element elementor-element-0cf3b81 elementor-section-content-middle elementor-section-boxed elementor-section-height-default elementor-section-height-default cmsmasters-block-default\" data-id=\"0cf3b81\" data-element_type=\"section\">\n\t\t\t\t\t\t<div class=\"elementor-container elementor-column-gap-wide\">\n\t\t\t\t\t<div class=\"elementor-column elementor-col-50 elementor-top-column elementor-element elementor-element-3f1831f\" data-id=\"3f1831f\" data-element_type=\"column\">\n\t\t\t<div class=\"elementor-widget-wrap elementor-element-populated\">\n\t\t\t\t\t\t<div class=\"elementor-element elementor-element-750cfb1 cmsmasters-block-default cmsmasters-sticky-default elementor-widget elementor-widget-heading\" data-id=\"750cfb1\" data-element_type=\"widget\" data-widget_type=\"heading.default\">\n\t\t\t\t<div class=\"elementor-widget-container\">\n\t\t\t\t\t<h2 class=\"elementor-heading-title elementor-size-default\">M\u00e9s de 60 anys de tradici\u00f3<\/h2>\t\t\t\t<\/div>\n\t\t\t\t<\/div>\n\t\t\t\t<div class=\"elementor-element elementor-element-8177721 cmsmasters-block-default cmsmasters-sticky-default elementor-widget elementor-widget-text-editor\" data-id=\"8177721\" data-element_type=\"widget\" data-widget_type=\"text-editor.default\">\n\t\t\t\t<div class=\"elementor-widget-container\">\n\t\t\t\t\t\t\t\t\t<p><strong>Carns i Menuts Fortu\u00f1o <\/strong> va n\u00e9ixer fa m\u00e9s de 60 anys a <strong>Lleida<\/strong>, de la m\u00e0 de <strong>Josep Fortu\u00f1o<\/strong>. Des del primer dia, ens especialitzem en la ind\u00fastria c\u00e0rnia centrant els nostres esfor\u00e7os en la producci\u00f3 de <strong>menuts<\/strong>. Amb la seva visi\u00f3 clara i la seva passi\u00f3 per la qualitat, va establir les bases del que som avui: una empresa compromesa amb oferir productes excel\u00b7lents, sempre guiats per dos valors fonamentals: el <strong>servei pr\u00f2xim amb el client<\/strong> i la <strong>m\u00e0xima qualitat<\/strong> en tot all\u00f2 que fem.<\/p>\t\t\t\t\t\t\t\t<\/div>\n\t\t\t\t<\/div>\n\t\t\t\t\t<\/div>\n\t\t<\/div>\n\t\t\t\t<div class=\"elementor-column elementor-col-50 elementor-top-column elementor-element elementor-element-8b75f87\" data-id=\"8b75f87\" data-element_type=\"column\">\n\t\t\t<div class=\"elementor-widget-wrap elementor-element-populated\">\n\t\t\t\t\t\t<div class=\"elementor-element elementor-element-9c5e81b cmsmasters-block-default cmsmasters-sticky-default elementor-widget elementor-widget-image\" data-id=\"9c5e81b\" data-element_type=\"widget\" data-widget_type=\"image.default\">\n\t\t\t\t<div class=\"elementor-widget-container\">\n\t\t\t\t\t\t\t\t\t\t\t\t\t\t\t<img decoding=\"async\" width=\"2381\" height=\"3194\" src=\"https:\/\/www.fortunyo.es\/wp-content\/uploads\/2024\/09\/2-e1726479124893-30x40.png\" class=\"attachment-full size-full wp-image-36477 cmsmasters_img cmsmasters-lazyload lazyload\" alt=\"sobre nosotros equipo carns fortunyo\" data-sizes=\"(max-width: 2381px) 100vw, 2381px\" data-src=\"https:\/\/www.fortunyo.es\/wp-content\/uploads\/2024\/09\/2-e1726479124893.png\" data-srcset=\"https:\/\/www.fortunyo.es\/wp-content\/uploads\/2024\/09\/2-e1726479124893.png 2381w, https:\/\/www.fortunyo.es\/wp-content\/uploads\/2024\/09\/2-e1726479124893-600x805.png 600w, https:\/\/www.fortunyo.es\/wp-content\/uploads\/2024\/09\/2-e1726479124893-224x300.png 224w, https:\/\/www.fortunyo.es\/wp-content\/uploads\/2024\/09\/2-e1726479124893-763x1024.png 763w, https:\/\/www.fortunyo.es\/wp-content\/uploads\/2024\/09\/2-e1726479124893-768x1030.png 768w, https:\/\/www.fortunyo.es\/wp-content\/uploads\/2024\/09\/2-e1726479124893-1145x1536.png 1145w, https:\/\/www.fortunyo.es\/wp-content\/uploads\/2024\/09\/2-e1726479124893-1527x2048.png 1527w, https:\/\/www.fortunyo.es\/wp-content\/uploads\/2024\/09\/2-e1726479124893-30x40.png 30w, https:\/\/www.fortunyo.es\/wp-content\/uploads\/2024\/09\/2-e1726479124893-7x10.png 7w\" srcset=\"https:\/\/www.fortunyo.es\/wp-content\/uploads\/2024\/09\/2-e1726479124893-30x40.png 30w, https:\/\/www.fortunyo.es\/wp-content\/uploads\/2024\/09\/2-e1726479124893-600x805.png 600w, https:\/\/www.fortunyo.es\/wp-content\/uploads\/2024\/09\/2-e1726479124893-224x300.png 224w, https:\/\/www.fortunyo.es\/wp-content\/uploads\/2024\/09\/2-e1726479124893-763x1024.png 763w, https:\/\/www.fortunyo.es\/wp-content\/uploads\/2024\/09\/2-e1726479124893-768x1030.png 768w, https:\/\/www.fortunyo.es\/wp-content\/uploads\/2024\/09\/2-e1726479124893-1145x1536.png 1145w, https:\/\/www.fortunyo.es\/wp-content\/uploads\/2024\/09\/2-e1726479124893-1527x2048.png 1527w, https:\/\/www.fortunyo.es\/wp-content\/uploads\/2024\/09\/2-e1726479124893-7x10.png 7w\" sizes=\"(max-width: 2381px) 100vw, 2381px\" \/>\t\t\t\t\t\t\t\t\t\t\t\t\t\t\t<\/div>\n\t\t\t\t<\/div>\n\t\t\t\t\t<\/div>\n\t\t<\/div>\n\t\t\t\t\t<\/div>\n\t\t<\/section>\n\t\t\t\t<\/div>\n\t\t","protected":false},"excerpt":{"rendered":"<p>Comprom\u00eds amb la qualitat A Fortu\u00f1o, portem m\u00e9s de 60 anys dedicant-nos amb passi\u00f3 a l&#8217;elaboraci\u00f3 de carns i menuts artesanals a Lleida. El nostre origen est\u00e0 profundament lligat a les tradicions gastron\u00f2miques i, des del nostre inici, ens hem mantingut fidels als processos artesanals que garanteixen l\u2019aut\u00e8ntic gust casol\u00e0 en cada un dels nostres&#8230;<\/p>\n","protected":false},"author":1,"featured_media":0,"parent":0,"menu_order":0,"comment_status":"closed","ping_status":"closed","template":"","meta":{"_acf_changed":false,"footnotes":""},"class_list":["post-38136","page","type-page","status-publish","hentry"],"acf":[],"yoast_head":"<!-- This site is optimized with the Yoast SEO plugin v24.7 - https:\/\/yoast.com\/wordpress\/plugins\/seo\/ -->\n<title>Nosaltres - Fortu\u00f1o<\/title>\n<meta name=\"description\" content=\"A Fortu\u00f1o, fa m\u00e9s de 50 anys que ens dediquem amb passi\u00f3 a l\u2019elaboraci\u00f3 de carns i menuts artesanals.\" \/>\n<meta name=\"robots\" content=\"index, follow, max-snippet:-1, max-image-preview:large, max-video-preview:-1\" \/>\n<link rel=\"canonical\" href=\"https:\/\/www.fortunyo.es\/ca\/nosaltres\" \/>\n<meta property=\"og:locale\" content=\"ca_ES\" \/>\n<meta property=\"og:type\" content=\"article\" \/>\n<meta property=\"og:title\" content=\"Nosaltres - Fortu\u00f1o\" \/>\n<meta property=\"og:description\" content=\"A Fortu\u00f1o, fa m\u00e9s de 50 anys que ens dediquem amb passi\u00f3 a l\u2019elaboraci\u00f3 de carns i menuts artesanals.\" \/>\n<meta property=\"og:url\" content=\"https:\/\/www.fortunyo.es\/ca\/nosaltres\" \/>\n<meta property=\"og:site_name\" content=\"Fortu\u00f1o\" \/>\n<meta property=\"article:modified_time\" content=\"2025-04-07T12:54:33+00:00\" \/>\n<meta property=\"og:image\" content=\"https:\/\/www.fortunyo.es\/wp-content\/uploads\/2023\/02\/MORRO-DE-PORC-TALLAT-I-ADOBAT-1-1024x576.png\" \/>\n\t<meta property=\"og:image:width\" content=\"1024\" \/>\n\t<meta property=\"og:image:height\" content=\"576\" \/>\n\t<meta property=\"og:image:type\" content=\"image\/png\" \/>\n<meta name=\"twitter:card\" content=\"summary_large_image\" \/>\n<meta name=\"twitter:label1\" content=\"Temps estimat de lectura\" \/>\n\t<meta name=\"twitter:data1\" content=\"1 minut\" \/>\n<script type=\"application\/ld+json\" class=\"yoast-schema-graph\">{\"@context\":\"https:\/\/schema.org\",\"@graph\":[{\"@type\":\"WebPage\",\"@id\":\"https:\/\/www.fortunyo.es\/ca\/nosaltres\",\"url\":\"https:\/\/www.fortunyo.es\/ca\/nosaltres\",\"name\":\"Nosaltres - Fortu\u00f1o\",\"isPartOf\":{\"@id\":\"https:\/\/www.fortunyo.es\/ca#website\"},\"primaryImageOfPage\":{\"@id\":\"https:\/\/www.fortunyo.es\/ca\/nosaltres#primaryimage\"},\"image\":{\"@id\":\"https:\/\/www.fortunyo.es\/ca\/nosaltres#primaryimage\"},\"thumbnailUrl\":\"https:\/\/www.fortunyo.es\/wp-content\/uploads\/2023\/02\/MORRO-DE-PORC-TALLAT-I-ADOBAT-1-30x17.png\",\"datePublished\":\"2023-02-22T16:03:50+00:00\",\"dateModified\":\"2025-04-07T12:54:33+00:00\",\"description\":\"A Fortu\u00f1o, fa m\u00e9s de 50 anys que ens dediquem amb passi\u00f3 a l\u2019elaboraci\u00f3 de carns i menuts artesanals.\",\"breadcrumb\":{\"@id\":\"https:\/\/www.fortunyo.es\/ca\/nosaltres#breadcrumb\"},\"inLanguage\":\"ca\",\"potentialAction\":[{\"@type\":\"ReadAction\",\"target\":[\"https:\/\/www.fortunyo.es\/ca\/nosaltres\"]}]},{\"@type\":\"ImageObject\",\"inLanguage\":\"ca\",\"@id\":\"https:\/\/www.fortunyo.es\/ca\/nosaltres#primaryimage\",\"url\":\"https:\/\/www.fortunyo.es\/wp-content\/uploads\/2023\/02\/MORRO-DE-PORC-TALLAT-I-ADOBAT-1-30x17.png\",\"contentUrl\":\"https:\/\/www.fortunyo.es\/wp-content\/uploads\/2023\/02\/MORRO-DE-PORC-TALLAT-I-ADOBAT-1-30x17.png\"},{\"@type\":\"BreadcrumbList\",\"@id\":\"https:\/\/www.fortunyo.es\/ca\/nosaltres#breadcrumb\",\"itemListElement\":[{\"@type\":\"ListItem\",\"position\":1,\"name\":\"Portada\",\"item\":\"https:\/\/www.fortunyo.es\/ca\"},{\"@type\":\"ListItem\",\"position\":2,\"name\":\"Nosaltres\"}]},{\"@type\":\"WebSite\",\"@id\":\"https:\/\/www.fortunyo.es\/ca#website\",\"url\":\"https:\/\/www.fortunyo.es\/ca\",\"name\":\"Fortu\u00f1o\",\"description\":\"Carns i menuts\",\"potentialAction\":[{\"@type\":\"SearchAction\",\"target\":{\"@type\":\"EntryPoint\",\"urlTemplate\":\"https:\/\/www.fortunyo.es\/ca?s={search_term_string}\"},\"query-input\":{\"@type\":\"PropertyValueSpecification\",\"valueRequired\":true,\"valueName\":\"search_term_string\"}}],\"inLanguage\":\"ca\"}]}<\/script>\n<!-- \/ Yoast SEO plugin. -->","yoast_head_json":{"title":"Nosaltres - Fortu\u00f1o","description":"A Fortu\u00f1o, fa m\u00e9s de 50 anys que ens dediquem amb passi\u00f3 a l\u2019elaboraci\u00f3 de carns i menuts artesanals.","robots":{"index":"index","follow":"follow","max-snippet":"max-snippet:-1","max-image-preview":"max-image-preview:large","max-video-preview":"max-video-preview:-1"},"canonical":"https:\/\/www.fortunyo.es\/ca\/nosaltres","og_locale":"ca_ES","og_type":"article","og_title":"Nosaltres - Fortu\u00f1o","og_description":"A Fortu\u00f1o, fa m\u00e9s de 50 anys que ens dediquem amb passi\u00f3 a l\u2019elaboraci\u00f3 de carns i menuts artesanals.","og_url":"https:\/\/www.fortunyo.es\/ca\/nosaltres","og_site_name":"Fortu\u00f1o","article_modified_time":"2025-04-07T12:54:33+00:00","og_image":[{"width":1024,"height":576,"url":"https:\/\/www.fortunyo.es\/wp-content\/uploads\/2023\/02\/MORRO-DE-PORC-TALLAT-I-ADOBAT-1-1024x576.png","type":"image\/png"}],"twitter_card":"summary_large_image","twitter_misc":{"Temps estimat de lectura":"1 minut"},"schema":{"@context":"https:\/\/schema.org","@graph":[{"@type":"WebPage","@id":"https:\/\/www.fortunyo.es\/ca\/nosaltres","url":"https:\/\/www.fortunyo.es\/ca\/nosaltres","name":"Nosaltres - Fortu\u00f1o","isPartOf":{"@id":"https:\/\/www.fortunyo.es\/ca#website"},"primaryImageOfPage":{"@id":"https:\/\/www.fortunyo.es\/ca\/nosaltres#primaryimage"},"image":{"@id":"https:\/\/www.fortunyo.es\/ca\/nosaltres#primaryimage"},"thumbnailUrl":"https:\/\/www.fortunyo.es\/wp-content\/uploads\/2023\/02\/MORRO-DE-PORC-TALLAT-I-ADOBAT-1-30x17.png","datePublished":"2023-02-22T16:03:50+00:00","dateModified":"2025-04-07T12:54:33+00:00","description":"A Fortu\u00f1o, fa m\u00e9s de 50 anys que ens dediquem amb passi\u00f3 a l\u2019elaboraci\u00f3 de carns i menuts artesanals.","breadcrumb":{"@id":"https:\/\/www.fortunyo.es\/ca\/nosaltres#breadcrumb"},"inLanguage":"ca","potentialAction":[{"@type":"ReadAction","target":["https:\/\/www.fortunyo.es\/ca\/nosaltres"]}]},{"@type":"ImageObject","inLanguage":"ca","@id":"https:\/\/www.fortunyo.es\/ca\/nosaltres#primaryimage","url":"https:\/\/www.fortunyo.es\/wp-content\/uploads\/2023\/02\/MORRO-DE-PORC-TALLAT-I-ADOBAT-1-30x17.png","contentUrl":"https:\/\/www.fortunyo.es\/wp-content\/uploads\/2023\/02\/MORRO-DE-PORC-TALLAT-I-ADOBAT-1-30x17.png"},{"@type":"BreadcrumbList","@id":"https:\/\/www.fortunyo.es\/ca\/nosaltres#breadcrumb","itemListElement":[{"@type":"ListItem","position":1,"name":"Portada","item":"https:\/\/www.fortunyo.es\/ca"},{"@type":"ListItem","position":2,"name":"Nosaltres"}]},{"@type":"WebSite","@id":"https:\/\/www.fortunyo.es\/ca#website","url":"https:\/\/www.fortunyo.es\/ca","name":"Fortu\u00f1o","description":"Carns i menuts","potentialAction":[{"@type":"SearchAction","target":{"@type":"EntryPoint","urlTemplate":"https:\/\/www.fortunyo.es\/ca?s={search_term_string}"},"query-input":{"@type":"PropertyValueSpecification","valueRequired":true,"valueName":"search_term_string"}}],"inLanguage":"ca"}]}},"_links":{"self":[{"href":"https:\/\/www.fortunyo.es\/ca\/wp-json\/wp\/v2\/pages\/38136","targetHints":{"allow":["GET"]}}],"collection":[{"href":"https:\/\/www.fortunyo.es\/ca\/wp-json\/wp\/v2\/pages"}],"about":[{"href":"https:\/\/www.fortunyo.es\/ca\/wp-json\/wp\/v2\/types\/page"}],"author":[{"embeddable":true,"href":"https:\/\/www.fortunyo.es\/ca\/wp-json\/wp\/v2\/users\/1"}],"replies":[{"embeddable":true,"href":"https:\/\/www.fortunyo.es\/ca\/wp-json\/wp\/v2\/comments?post=38136"}],"version-history":[{"count":1,"href":"https:\/\/www.fortunyo.es\/ca\/wp-json\/wp\/v2\/pages\/38136\/revisions"}],"predecessor-version":[{"id":38137,"href":"https:\/\/www.fortunyo.es\/ca\/wp-json\/wp\/v2\/pages\/38136\/revisions\/38137"}],"wp:attachment":[{"href":"https:\/\/www.fortunyo.es\/ca\/wp-json\/wp\/v2\/media?parent=38136"}],"curies":[{"name":"wp","href":"https:\/\/api.w.org\/{rel}","templated":true}]}}