{"id":38160,"date":"2024-10-24T10:44:34","date_gmt":"2024-10-24T10:44:34","guid":{"rendered":"https:\/\/www.fortunyo.es\/product\/curats-cuits-i-formatges"},"modified":"2025-04-16T14:17:06","modified_gmt":"2025-04-16T14:17:06","slug":"curats-cuits-i-formatges","status":"publish","type":"product","link":"https:\/\/www.fortunyo.es\/ca\/product\/curats-cuits-i-formatges","title":{"rendered":"Curats, cuits i formatges"},"content":{"rendered":"<ul>\n<li>Cap de llom amb pebre.<\/li>\n<li>Cansalada ib\u00e8rica salada.<\/li>\n<li>Centre pernil (Sencer).<\/li>\n<li>Centre pernil (Tallat).<\/li>\n<li>Xori\u00e7 ib\u00e8ric cular.<\/li>\n<li>Xori\u00e7 picant.<\/li>\n<li>Pernil ib\u00e8ric sencer.<\/li>\n<li>Pernil hongar\u00e8s sencer.<\/li>\n<li>Llom curat ib\u00e8ric.<\/li>\n<li>Cansalada viada seca curada.<\/li>\n<li>Llonganissa ib\u00e8ric cular.<\/li>\n<li>Secallona.<\/li>\n<li>Bacon r\u00fastic.<\/li>\n<li>Botifarra blanca.<\/li>\n<li>Butifarra negra amb ceba.<\/li>\n<li>Frankfurt (Paquet 8 ud.).<\/li>\n<li>Edam en barra.<\/li>\n<li>Formatge curat.<\/li>\n<li>Formatge semicurat.<\/li>\n<\/ul>\n","protected":false},"excerpt":{"rendered":"<p><strong>Articles disponibles:<\/strong><\/p>\n<ul>\n<li>Cap de llom amb pebre.<\/li>\n<li>Cansalada ib\u00e8rica salada.<\/li>\n<li>Centre pernil (Sencer).<\/li>\n<li>Centre pernil (Tallat).<\/li>\n<li>Xori\u00e7 ib\u00e8ric cular.<\/li>\n<li>Xori\u00e7 picant.<\/li>\n<li>Pernil ib\u00e8ric sencer.<\/li>\n<li>Pernil hongar\u00e8s sencer.<\/li>\n<li>Llom curat.<\/li>\n<li>Llom curat ib\u00e8ric.<\/li>\n<li>Cansalada viada seca curada.<\/li>\n<li>Llonganissa ib\u00e8ric cular.<\/li>\n<li>Secallona.<\/li>\n<li>Sum\u00e0ia extra.<\/li>\n<li>Bacon r\u00fastic.<\/li>\n<li>Botifarra blanca.<\/li>\n<li>Butifarra negra amb ceba.<\/li>\n<li>Frankfurt (Paquet 8 ud.).<\/li>\n<li>Edam en barra.<\/li>\n<li>Formatge curat.<\/li>\n<li>Formatge semicurat.<\/li>\n<\/ul>\n","protected":false},"featured_media":38686,"comment_status":"closed","ping_status":"closed","template":"","meta":{"_acf_changed":false},"product_brand":[],"product_cat":[153,154],"product_tag":[],"class_list":{"0":"post-38160","1":"product","2":"type-product","3":"status-publish","4":"has-post-thumbnail","6":"product_cat-curats-i-formatges","7":"product_cat-porc-curats-i-formatges","9":"first","10":"instock","11":"shipping-taxable","12":"purchasable","13":"product-type-variable"},"acf":[],"yoast_head":"<!-- This site is optimized with the Yoast SEO plugin v24.7 - https:\/\/yoast.com\/wordpress\/plugins\/seo\/ -->\n<title>Curats, cuits i formatges - Fortu\u00f1o<\/title>\n<meta name=\"robots\" content=\"index, follow, max-snippet:-1, max-image-preview:large, max-video-preview:-1\" \/>\n<link rel=\"canonical\" href=\"https:\/\/www.fortunyo.es\/ca\/product\/curats-cuits-i-formatges\" \/>\n<meta property=\"og:locale\" content=\"ca_ES\" \/>\n<meta property=\"og:type\" content=\"article\" \/>\n<meta property=\"og:title\" content=\"Curats, cuits i formatges - Fortu\u00f1o\" \/>\n<meta property=\"og:description\" content=\"Articles disponibles:   Cap de llom amb pebre.  Cansalada ib\u00e8rica salada.  Centre pernil (Sencer).  Centre pernil (Tallat).  Xori\u00e7 ib\u00e8ric cular.  Xori\u00e7 picant.  Pernil ib\u00e8ric sencer.  Pernil hongar\u00e8s sencer.  Llom curat.  Llom curat ib\u00e8ric.  Cansalada viada seca curada.  Llonganissa ib\u00e8ric cular.  Secallona.  Sum\u00e0ia extra.  Bacon r\u00fastic.  Botifarra blanca.  Butifarra negra amb ceba.  Frankfurt (Paquet 8 ud.).  Edam en barra.  Formatge curat.  Formatge semicurat.\" \/>\n<meta property=\"og:url\" content=\"https:\/\/www.fortunyo.es\/ca\/product\/curats-cuits-i-formatges\" \/>\n<meta property=\"og:site_name\" content=\"Fortu\u00f1o\" \/>\n<meta property=\"article:modified_time\" content=\"2025-04-16T14:17:06+00:00\" \/>\n<meta property=\"og:image\" content=\"https:\/\/www.fortunyo.es\/wp-content\/uploads\/2025\/04\/envato-labs-image-edit-ok.png\" \/>\n\t<meta property=\"og:image:width\" content=\"1000\" \/>\n\t<meta property=\"og:image:height\" content=\"664\" \/>\n\t<meta property=\"og:image:type\" content=\"image\/png\" \/>\n<meta name=\"twitter:card\" content=\"summary_large_image\" \/>\n<meta name=\"twitter:label1\" content=\"Temps estimat de lectura\" \/>\n\t<meta name=\"twitter:data1\" content=\"1 minut\" \/>\n<script type=\"application\/ld+json\" class=\"yoast-schema-graph\">{\"@context\":\"https:\/\/schema.org\",\"@graph\":[{\"@type\":\"WebPage\",\"@id\":\"https:\/\/www.fortunyo.es\/ca\/product\/curats-cuits-i-formatges\",\"url\":\"https:\/\/www.fortunyo.es\/ca\/product\/curats-cuits-i-formatges\",\"name\":\"Curats, cuits i formatges - Fortu\u00f1o\",\"isPartOf\":{\"@id\":\"https:\/\/www.fortunyo.es\/ca#website\"},\"primaryImageOfPage\":{\"@id\":\"https:\/\/www.fortunyo.es\/ca\/product\/curats-cuits-i-formatges#primaryimage\"},\"image\":{\"@id\":\"https:\/\/www.fortunyo.es\/ca\/product\/curats-cuits-i-formatges#primaryimage\"},\"thumbnailUrl\":\"https:\/\/www.fortunyo.es\/wp-content\/uploads\/2025\/04\/envato-labs-image-edit-ok.png\",\"datePublished\":\"2024-10-24T10:44:34+00:00\",\"dateModified\":\"2025-04-16T14:17:06+00:00\",\"breadcrumb\":{\"@id\":\"https:\/\/www.fortunyo.es\/ca\/product\/curats-cuits-i-formatges#breadcrumb\"},\"inLanguage\":\"ca\",\"potentialAction\":[{\"@type\":\"ReadAction\",\"target\":[\"https:\/\/www.fortunyo.es\/ca\/product\/curats-cuits-i-formatges\"]}]},{\"@type\":\"ImageObject\",\"inLanguage\":\"ca\",\"@id\":\"https:\/\/www.fortunyo.es\/ca\/product\/curats-cuits-i-formatges#primaryimage\",\"url\":\"https:\/\/www.fortunyo.es\/wp-content\/uploads\/2025\/04\/envato-labs-image-edit-ok.png\",\"contentUrl\":\"https:\/\/www.fortunyo.es\/wp-content\/uploads\/2025\/04\/envato-labs-image-edit-ok.png\",\"width\":1000,\"height\":664,\"caption\":\"Embutidos y quesos\"},{\"@type\":\"BreadcrumbList\",\"@id\":\"https:\/\/www.fortunyo.es\/ca\/product\/curats-cuits-i-formatges#breadcrumb\",\"itemListElement\":[{\"@type\":\"ListItem\",\"position\":1,\"name\":\"Portada\",\"item\":\"https:\/\/www.fortunyo.es\/ca\"},{\"@type\":\"ListItem\",\"position\":2,\"name\":\"Productes\",\"item\":\"https:\/\/www.fortunyo.es\/ca\/productes\"},{\"@type\":\"ListItem\",\"position\":3,\"name\":\"Curats, cuits i formatges\"}]},{\"@type\":\"WebSite\",\"@id\":\"https:\/\/www.fortunyo.es\/ca#website\",\"url\":\"https:\/\/www.fortunyo.es\/ca\",\"name\":\"Fortu\u00f1o\",\"description\":\"Carns i menuts\",\"potentialAction\":[{\"@type\":\"SearchAction\",\"target\":{\"@type\":\"EntryPoint\",\"urlTemplate\":\"https:\/\/www.fortunyo.es\/ca?s={search_term_string}\"},\"query-input\":{\"@type\":\"PropertyValueSpecification\",\"valueRequired\":true,\"valueName\":\"search_term_string\"}}],\"inLanguage\":\"ca\"}]}<\/script>\n<!-- \/ Yoast SEO plugin. -->","yoast_head_json":{"title":"Curats, cuits i formatges - Fortu\u00f1o","robots":{"index":"index","follow":"follow","max-snippet":"max-snippet:-1","max-image-preview":"max-image-preview:large","max-video-preview":"max-video-preview:-1"},"canonical":"https:\/\/www.fortunyo.es\/ca\/product\/curats-cuits-i-formatges","og_locale":"ca_ES","og_type":"article","og_title":"Curats, cuits i formatges - Fortu\u00f1o","og_description":"Articles disponibles:   Cap de llom amb pebre.  Cansalada ib\u00e8rica salada.  Centre pernil (Sencer).  Centre pernil (Tallat).  Xori\u00e7 ib\u00e8ric cular.  Xori\u00e7 picant.  Pernil ib\u00e8ric sencer.  Pernil hongar\u00e8s sencer.  Llom curat.  Llom curat ib\u00e8ric.  Cansalada viada seca curada.  Llonganissa ib\u00e8ric cular.  Secallona.  Sum\u00e0ia extra.  Bacon r\u00fastic.  Botifarra blanca.  Butifarra negra amb ceba.  Frankfurt (Paquet 8 ud.).  Edam en barra.  Formatge curat.  Formatge semicurat.","og_url":"https:\/\/www.fortunyo.es\/ca\/product\/curats-cuits-i-formatges","og_site_name":"Fortu\u00f1o","article_modified_time":"2025-04-16T14:17:06+00:00","og_image":[{"width":1000,"height":664,"url":"https:\/\/www.fortunyo.es\/wp-content\/uploads\/2025\/04\/envato-labs-image-edit-ok.png","type":"image\/png"}],"twitter_card":"summary_large_image","twitter_misc":{"Temps estimat de lectura":"1 minut"},"schema":{"@context":"https:\/\/schema.org","@graph":[{"@type":"WebPage","@id":"https:\/\/www.fortunyo.es\/ca\/product\/curats-cuits-i-formatges","url":"https:\/\/www.fortunyo.es\/ca\/product\/curats-cuits-i-formatges","name":"Curats, cuits i formatges - Fortu\u00f1o","isPartOf":{"@id":"https:\/\/www.fortunyo.es\/ca#website"},"primaryImageOfPage":{"@id":"https:\/\/www.fortunyo.es\/ca\/product\/curats-cuits-i-formatges#primaryimage"},"image":{"@id":"https:\/\/www.fortunyo.es\/ca\/product\/curats-cuits-i-formatges#primaryimage"},"thumbnailUrl":"https:\/\/www.fortunyo.es\/wp-content\/uploads\/2025\/04\/envato-labs-image-edit-ok.png","datePublished":"2024-10-24T10:44:34+00:00","dateModified":"2025-04-16T14:17:06+00:00","breadcrumb":{"@id":"https:\/\/www.fortunyo.es\/ca\/product\/curats-cuits-i-formatges#breadcrumb"},"inLanguage":"ca","potentialAction":[{"@type":"ReadAction","target":["https:\/\/www.fortunyo.es\/ca\/product\/curats-cuits-i-formatges"]}]},{"@type":"ImageObject","inLanguage":"ca","@id":"https:\/\/www.fortunyo.es\/ca\/product\/curats-cuits-i-formatges#primaryimage","url":"https:\/\/www.fortunyo.es\/wp-content\/uploads\/2025\/04\/envato-labs-image-edit-ok.png","contentUrl":"https:\/\/www.fortunyo.es\/wp-content\/uploads\/2025\/04\/envato-labs-image-edit-ok.png","width":1000,"height":664,"caption":"Embutidos y quesos"},{"@type":"BreadcrumbList","@id":"https:\/\/www.fortunyo.es\/ca\/product\/curats-cuits-i-formatges#breadcrumb","itemListElement":[{"@type":"ListItem","position":1,"name":"Portada","item":"https:\/\/www.fortunyo.es\/ca"},{"@type":"ListItem","position":2,"name":"Productes","item":"https:\/\/www.fortunyo.es\/ca\/productes"},{"@type":"ListItem","position":3,"name":"Curats, cuits i formatges"}]},{"@type":"WebSite","@id":"https:\/\/www.fortunyo.es\/ca#website","url":"https:\/\/www.fortunyo.es\/ca","name":"Fortu\u00f1o","description":"Carns i menuts","potentialAction":[{"@type":"SearchAction","target":{"@type":"EntryPoint","urlTemplate":"https:\/\/www.fortunyo.es\/ca?s={search_term_string}"},"query-input":{"@type":"PropertyValueSpecification","valueRequired":true,"valueName":"search_term_string"}}],"inLanguage":"ca"}]}},"_links":{"self":[{"href":"https:\/\/www.fortunyo.es\/ca\/wp-json\/wp\/v2\/product\/38160","targetHints":{"allow":["GET"]}}],"collection":[{"href":"https:\/\/www.fortunyo.es\/ca\/wp-json\/wp\/v2\/product"}],"about":[{"href":"https:\/\/www.fortunyo.es\/ca\/wp-json\/wp\/v2\/types\/product"}],"replies":[{"embeddable":true,"href":"https:\/\/www.fortunyo.es\/ca\/wp-json\/wp\/v2\/comments?post=38160"}],"version-history":[{"count":2,"href":"https:\/\/www.fortunyo.es\/ca\/wp-json\/wp\/v2\/product\/38160\/revisions"}],"predecessor-version":[{"id":38715,"href":"https:\/\/www.fortunyo.es\/ca\/wp-json\/wp\/v2\/product\/38160\/revisions\/38715"}],"wp:featuredmedia":[{"embeddable":true,"href":"https:\/\/www.fortunyo.es\/ca\/wp-json\/wp\/v2\/media\/38686"}],"wp:attachment":[{"href":"https:\/\/www.fortunyo.es\/ca\/wp-json\/wp\/v2\/media?parent=38160"}],"wp:term":[{"taxonomy":"product_brand","embeddable":true,"href":"https:\/\/www.fortunyo.es\/ca\/wp-json\/wp\/v2\/product_brand?post=38160"},{"taxonomy":"product_cat","embeddable":true,"href":"https:\/\/www.fortunyo.es\/ca\/wp-json\/wp\/v2\/product_cat?post=38160"},{"taxonomy":"product_tag","embeddable":true,"href":"https:\/\/www.fortunyo.es\/ca\/wp-json\/wp\/v2\/product_tag?post=38160"}],"curies":[{"name":"wp","href":"https:\/\/api.w.org\/{rel}","templated":true}]}}