{"id":38181,"date":"2024-10-24T10:39:21","date_gmt":"2024-10-24T10:39:21","guid":{"rendered":"https:\/\/www.fortunyo.es\/product\/elaborats"},"modified":"2025-04-16T14:13:45","modified_gmt":"2025-04-16T14:13:45","slug":"elaborats","status":"publish","type":"product","link":"https:\/\/www.fortunyo.es\/ca\/product\/elaborats","title":{"rendered":"Elaborats"},"content":{"rendered":"<ul>\n<li>Mandonguilles.<\/li>\n<li>Burguer meat porc (Picada).<\/li>\n<li>Burguer meat mixta (Picada).<\/li>\n<li>Burguer meat bov\u00ed (Picada).<\/li>\n<li>Xistorra.<\/li>\n<li>Xori\u00e7 per a brasa fresc.<\/li>\n<li>Costella adobada de porc.<\/li>\n<li>Burguer meat vedella (Hamburguesa).<\/li>\n<li>Llom adobat.<\/li>\n<li>Llonganissa amb pebre.<\/li>\n<li>Broqueta moruna amb pal.<\/li>\n<li>Broqueta moruna a granel.<\/li>\n<\/ul>\n","protected":false},"excerpt":{"rendered":"<p>Mandonguilles. Burguer meat porc (Picada). Burguer meat mixta (Picada). Burguer meat bov\u00ed (Picada). Xistorra. Xori\u00e7 per a brasa fresc. Costella adobada de porc. Burguer meat vedella (Hamburguesa). Llom adobat. Llonganissa amb pebre. Broqueta moruna amb pal. Broqueta moruna a granel.<\/p>\n","protected":false},"featured_media":38087,"comment_status":"closed","ping_status":"closed","template":"","meta":{"_acf_changed":false},"product_brand":[],"product_cat":[160,155,157],"product_tag":[],"class_list":{"0":"post-38181","1":"product","2":"type-product","3":"status-publish","4":"has-post-thumbnail","6":"product_cat-vedella-ca-2","7":"product_cat-els-nostres-productes","8":"product_cat-porc","10":"first","11":"instock","12":"shipping-taxable","13":"product-type-simple"},"acf":[],"yoast_head":"<!-- This site is optimized with the Yoast SEO plugin v24.7 - https:\/\/yoast.com\/wordpress\/plugins\/seo\/ -->\n<title>Elaborats - Fortu\u00f1o<\/title>\n<meta name=\"robots\" content=\"index, follow, max-snippet:-1, max-image-preview:large, max-video-preview:-1\" \/>\n<link rel=\"canonical\" href=\"https:\/\/www.fortunyo.es\/ca\/product\/elaborats\" \/>\n<meta property=\"og:locale\" content=\"ca_ES\" \/>\n<meta property=\"og:type\" content=\"article\" \/>\n<meta property=\"og:title\" content=\"Elaborats - Fortu\u00f1o\" \/>\n<meta property=\"og:description\" content=\"Mandonguilles. Burguer meat porc (Picada). Burguer meat mixta (Picada). Burguer meat bov\u00ed (Picada). Xistorra. Xori\u00e7 per a brasa fresc. Costella adobada de porc. Burguer meat vedella (Hamburguesa). Llom adobat. Llonganissa amb pebre. Broqueta moruna amb pal. Broqueta moruna a granel.\" \/>\n<meta property=\"og:url\" content=\"https:\/\/www.fortunyo.es\/ca\/product\/elaborats\" \/>\n<meta property=\"og:site_name\" content=\"Fortu\u00f1o\" \/>\n<meta property=\"article:modified_time\" content=\"2025-04-16T14:13:45+00:00\" \/>\n<meta property=\"og:image\" content=\"https:\/\/www.fortunyo.es\/wp-content\/uploads\/2024\/10\/raw-cutlets-for-hamburger-isolated-on-white-backgr-2025-01-08-04-59-28-utc-scaled.jpg\" \/>\n\t<meta property=\"og:image:width\" content=\"2560\" \/>\n\t<meta property=\"og:image:height\" content=\"1722\" \/>\n\t<meta property=\"og:image:type\" content=\"image\/jpeg\" \/>\n<meta name=\"twitter:card\" content=\"summary_large_image\" \/>\n<meta name=\"twitter:label1\" content=\"Temps estimat de lectura\" \/>\n\t<meta name=\"twitter:data1\" content=\"1 minut\" \/>\n<script type=\"application\/ld+json\" class=\"yoast-schema-graph\">{\"@context\":\"https:\/\/schema.org\",\"@graph\":[{\"@type\":\"WebPage\",\"@id\":\"https:\/\/www.fortunyo.es\/ca\/product\/elaborats\",\"url\":\"https:\/\/www.fortunyo.es\/ca\/product\/elaborats\",\"name\":\"Elaborats - Fortu\u00f1o\",\"isPartOf\":{\"@id\":\"https:\/\/www.fortunyo.es\/ca#website\"},\"primaryImageOfPage\":{\"@id\":\"https:\/\/www.fortunyo.es\/ca\/product\/elaborats#primaryimage\"},\"image\":{\"@id\":\"https:\/\/www.fortunyo.es\/ca\/product\/elaborats#primaryimage\"},\"thumbnailUrl\":\"https:\/\/www.fortunyo.es\/wp-content\/uploads\/2024\/10\/raw-cutlets-for-hamburger-isolated-on-white-backgr-2025-01-08-04-59-28-utc-scaled.jpg\",\"datePublished\":\"2024-10-24T10:39:21+00:00\",\"dateModified\":\"2025-04-16T14:13:45+00:00\",\"breadcrumb\":{\"@id\":\"https:\/\/www.fortunyo.es\/ca\/product\/elaborats#breadcrumb\"},\"inLanguage\":\"ca\",\"potentialAction\":[{\"@type\":\"ReadAction\",\"target\":[\"https:\/\/www.fortunyo.es\/ca\/product\/elaborats\"]}]},{\"@type\":\"ImageObject\",\"inLanguage\":\"ca\",\"@id\":\"https:\/\/www.fortunyo.es\/ca\/product\/elaborats#primaryimage\",\"url\":\"https:\/\/www.fortunyo.es\/wp-content\/uploads\/2024\/10\/raw-cutlets-for-hamburger-isolated-on-white-backgr-2025-01-08-04-59-28-utc-scaled.jpg\",\"contentUrl\":\"https:\/\/www.fortunyo.es\/wp-content\/uploads\/2024\/10\/raw-cutlets-for-hamburger-isolated-on-white-backgr-2025-01-08-04-59-28-utc-scaled.jpg\",\"width\":2560,\"height\":1722,\"caption\":\"Stack of fresh raw burger patty isolated on white background\"},{\"@type\":\"BreadcrumbList\",\"@id\":\"https:\/\/www.fortunyo.es\/ca\/product\/elaborats#breadcrumb\",\"itemListElement\":[{\"@type\":\"ListItem\",\"position\":1,\"name\":\"Portada\",\"item\":\"https:\/\/www.fortunyo.es\/ca\"},{\"@type\":\"ListItem\",\"position\":2,\"name\":\"Productes\",\"item\":\"https:\/\/www.fortunyo.es\/ca\/productes\"},{\"@type\":\"ListItem\",\"position\":3,\"name\":\"Elaborats\"}]},{\"@type\":\"WebSite\",\"@id\":\"https:\/\/www.fortunyo.es\/ca#website\",\"url\":\"https:\/\/www.fortunyo.es\/ca\",\"name\":\"Fortu\u00f1o\",\"description\":\"Carns i menuts\",\"potentialAction\":[{\"@type\":\"SearchAction\",\"target\":{\"@type\":\"EntryPoint\",\"urlTemplate\":\"https:\/\/www.fortunyo.es\/ca?s={search_term_string}\"},\"query-input\":{\"@type\":\"PropertyValueSpecification\",\"valueRequired\":true,\"valueName\":\"search_term_string\"}}],\"inLanguage\":\"ca\"}]}<\/script>\n<!-- \/ Yoast SEO plugin. -->","yoast_head_json":{"title":"Elaborats - Fortu\u00f1o","robots":{"index":"index","follow":"follow","max-snippet":"max-snippet:-1","max-image-preview":"max-image-preview:large","max-video-preview":"max-video-preview:-1"},"canonical":"https:\/\/www.fortunyo.es\/ca\/product\/elaborats","og_locale":"ca_ES","og_type":"article","og_title":"Elaborats - Fortu\u00f1o","og_description":"Mandonguilles. Burguer meat porc (Picada). Burguer meat mixta (Picada). Burguer meat bov\u00ed (Picada). Xistorra. Xori\u00e7 per a brasa fresc. Costella adobada de porc. Burguer meat vedella (Hamburguesa). Llom adobat. Llonganissa amb pebre. Broqueta moruna amb pal. Broqueta moruna a granel.","og_url":"https:\/\/www.fortunyo.es\/ca\/product\/elaborats","og_site_name":"Fortu\u00f1o","article_modified_time":"2025-04-16T14:13:45+00:00","og_image":[{"width":2560,"height":1722,"url":"https:\/\/www.fortunyo.es\/wp-content\/uploads\/2024\/10\/raw-cutlets-for-hamburger-isolated-on-white-backgr-2025-01-08-04-59-28-utc-scaled.jpg","type":"image\/jpeg"}],"twitter_card":"summary_large_image","twitter_misc":{"Temps estimat de lectura":"1 minut"},"schema":{"@context":"https:\/\/schema.org","@graph":[{"@type":"WebPage","@id":"https:\/\/www.fortunyo.es\/ca\/product\/elaborats","url":"https:\/\/www.fortunyo.es\/ca\/product\/elaborats","name":"Elaborats - Fortu\u00f1o","isPartOf":{"@id":"https:\/\/www.fortunyo.es\/ca#website"},"primaryImageOfPage":{"@id":"https:\/\/www.fortunyo.es\/ca\/product\/elaborats#primaryimage"},"image":{"@id":"https:\/\/www.fortunyo.es\/ca\/product\/elaborats#primaryimage"},"thumbnailUrl":"https:\/\/www.fortunyo.es\/wp-content\/uploads\/2024\/10\/raw-cutlets-for-hamburger-isolated-on-white-backgr-2025-01-08-04-59-28-utc-scaled.jpg","datePublished":"2024-10-24T10:39:21+00:00","dateModified":"2025-04-16T14:13:45+00:00","breadcrumb":{"@id":"https:\/\/www.fortunyo.es\/ca\/product\/elaborats#breadcrumb"},"inLanguage":"ca","potentialAction":[{"@type":"ReadAction","target":["https:\/\/www.fortunyo.es\/ca\/product\/elaborats"]}]},{"@type":"ImageObject","inLanguage":"ca","@id":"https:\/\/www.fortunyo.es\/ca\/product\/elaborats#primaryimage","url":"https:\/\/www.fortunyo.es\/wp-content\/uploads\/2024\/10\/raw-cutlets-for-hamburger-isolated-on-white-backgr-2025-01-08-04-59-28-utc-scaled.jpg","contentUrl":"https:\/\/www.fortunyo.es\/wp-content\/uploads\/2024\/10\/raw-cutlets-for-hamburger-isolated-on-white-backgr-2025-01-08-04-59-28-utc-scaled.jpg","width":2560,"height":1722,"caption":"Stack of fresh raw burger patty isolated on white background"},{"@type":"BreadcrumbList","@id":"https:\/\/www.fortunyo.es\/ca\/product\/elaborats#breadcrumb","itemListElement":[{"@type":"ListItem","position":1,"name":"Portada","item":"https:\/\/www.fortunyo.es\/ca"},{"@type":"ListItem","position":2,"name":"Productes","item":"https:\/\/www.fortunyo.es\/ca\/productes"},{"@type":"ListItem","position":3,"name":"Elaborats"}]},{"@type":"WebSite","@id":"https:\/\/www.fortunyo.es\/ca#website","url":"https:\/\/www.fortunyo.es\/ca","name":"Fortu\u00f1o","description":"Carns i menuts","potentialAction":[{"@type":"SearchAction","target":{"@type":"EntryPoint","urlTemplate":"https:\/\/www.fortunyo.es\/ca?s={search_term_string}"},"query-input":{"@type":"PropertyValueSpecification","valueRequired":true,"valueName":"search_term_string"}}],"inLanguage":"ca"}]}},"_links":{"self":[{"href":"https:\/\/www.fortunyo.es\/ca\/wp-json\/wp\/v2\/product\/38181","targetHints":{"allow":["GET"]}}],"collection":[{"href":"https:\/\/www.fortunyo.es\/ca\/wp-json\/wp\/v2\/product"}],"about":[{"href":"https:\/\/www.fortunyo.es\/ca\/wp-json\/wp\/v2\/types\/product"}],"replies":[{"embeddable":true,"href":"https:\/\/www.fortunyo.es\/ca\/wp-json\/wp\/v2\/comments?post=38181"}],"version-history":[{"count":2,"href":"https:\/\/www.fortunyo.es\/ca\/wp-json\/wp\/v2\/product\/38181\/revisions"}],"predecessor-version":[{"id":38710,"href":"https:\/\/www.fortunyo.es\/ca\/wp-json\/wp\/v2\/product\/38181\/revisions\/38710"}],"wp:featuredmedia":[{"embeddable":true,"href":"https:\/\/www.fortunyo.es\/ca\/wp-json\/wp\/v2\/media\/38087"}],"wp:attachment":[{"href":"https:\/\/www.fortunyo.es\/ca\/wp-json\/wp\/v2\/media?parent=38181"}],"wp:term":[{"taxonomy":"product_brand","embeddable":true,"href":"https:\/\/www.fortunyo.es\/ca\/wp-json\/wp\/v2\/product_brand?post=38181"},{"taxonomy":"product_cat","embeddable":true,"href":"https:\/\/www.fortunyo.es\/ca\/wp-json\/wp\/v2\/product_cat?post=38181"},{"taxonomy":"product_tag","embeddable":true,"href":"https:\/\/www.fortunyo.es\/ca\/wp-json\/wp\/v2\/product_tag?post=38181"}],"curies":[{"name":"wp","href":"https:\/\/api.w.org\/{rel}","templated":true}]}}