{"id":38183,"date":"2023-02-24T09:40:42","date_gmt":"2023-02-24T09:40:42","guid":{"rendered":"https:\/\/www.fortunyo.es\/product\/peus-de-porc-cuits"},"modified":"2025-04-16T14:28:20","modified_gmt":"2025-04-16T14:28:20","slug":"peus-de-porc-cuits","status":"publish","type":"product","link":"https:\/\/www.fortunyo.es\/ca\/product\/peus-de-porc-cuits","title":{"rendered":"Peus de porc cuits"},"content":{"rendered":"<p>Caixa 10 uts<\/p>\n<p>Bosses 4 1\/2<\/p>\n<p>Caixa 5 uts<\/p>\n<p>Bosses 4 1\/2<\/p>\n","protected":false},"excerpt":{"rendered":"<p>Amb una textura gelatinosa i plena de gust, s\u00f3n ideals per a ser cuits lentament amb guisats o preparats amb receptes que requereixin un toc \u00fanic. Nutritius i vers\u00e0tils, els nostres peus de porc afegeixen profunditat i riquesa a qualsevol plat, des de sopes fins a plats principals estofats. Gaudeix d\u2019aquest tall tradicional que promet elevar les teves receptes casolanes amb la seva textura i gust excepcionals.<\/p>\n<p>&nbsp;<\/p>\n","protected":false},"featured_media":38021,"comment_status":"open","ping_status":"closed","template":"","meta":{"_acf_changed":false},"product_brand":[],"product_cat":[156,157,159],"product_tag":[],"class_list":{"0":"post-38183","1":"product","2":"type-product","3":"status-publish","4":"has-post-thumbnail","6":"product_cat-menuts","7":"product_cat-porc","8":"product_cat-precuinat","10":"first","11":"outofstock","12":"sale","13":"shipping-taxable","14":"purchasable","15":"product-type-variable"},"acf":[],"yoast_head":"<!-- This site is optimized with the Yoast SEO plugin v24.7 - https:\/\/yoast.com\/wordpress\/plugins\/seo\/ -->\n<title>Peus de porc cuits - Fortu\u00f1o<\/title>\n<meta name=\"robots\" content=\"index, follow, max-snippet:-1, max-image-preview:large, max-video-preview:-1\" \/>\n<link rel=\"canonical\" href=\"https:\/\/www.fortunyo.es\/ca\/product\/peus-de-porc-cuits\" \/>\n<meta property=\"og:locale\" content=\"ca_ES\" \/>\n<meta property=\"og:type\" content=\"article\" \/>\n<meta property=\"og:title\" content=\"Peus de porc cuits - Fortu\u00f1o\" \/>\n<meta property=\"og:description\" content=\"Amb una textura gelatinosa i plena de gust, s\u00f3n ideals per a ser cuits lentament amb guisats o preparats amb receptes que requereixin un toc \u00fanic. Nutritius i vers\u00e0tils, els nostres peus de porc afegeixen profunditat i riquesa a qualsevol plat, des de sopes fins a plats principals estofats. Gaudeix d\u2019aquest tall tradicional que promet elevar les teves receptes casolanes amb la seva textura i gust excepcionals.  &nbsp;\" \/>\n<meta property=\"og:url\" content=\"https:\/\/www.fortunyo.es\/ca\/product\/peus-de-porc-cuits\" \/>\n<meta property=\"og:site_name\" content=\"Fortu\u00f1o\" \/>\n<meta property=\"article:modified_time\" content=\"2025-04-16T14:28:20+00:00\" \/>\n<meta property=\"og:image\" content=\"https:\/\/www.fortunyo.es\/wp-content\/uploads\/2023\/02\/PEUS-PORC-1024x576.png\" \/>\n\t<meta property=\"og:image:width\" content=\"1024\" \/>\n\t<meta property=\"og:image:height\" content=\"576\" \/>\n\t<meta property=\"og:image:type\" content=\"image\/png\" \/>\n<meta name=\"twitter:card\" content=\"summary_large_image\" \/>\n<meta name=\"twitter:label1\" content=\"Temps estimat de lectura\" \/>\n\t<meta name=\"twitter:data1\" content=\"1 minut\" \/>\n<script type=\"application\/ld+json\" class=\"yoast-schema-graph\">{\"@context\":\"https:\/\/schema.org\",\"@graph\":[{\"@type\":\"WebPage\",\"@id\":\"https:\/\/www.fortunyo.es\/ca\/product\/peus-de-porc-cuits\",\"url\":\"https:\/\/www.fortunyo.es\/ca\/product\/peus-de-porc-cuits\",\"name\":\"Peus de porc cuits - Fortu\u00f1o\",\"isPartOf\":{\"@id\":\"https:\/\/www.fortunyo.es\/ca#website\"},\"primaryImageOfPage\":{\"@id\":\"https:\/\/www.fortunyo.es\/ca\/product\/peus-de-porc-cuits#primaryimage\"},\"image\":{\"@id\":\"https:\/\/www.fortunyo.es\/ca\/product\/peus-de-porc-cuits#primaryimage\"},\"thumbnailUrl\":\"https:\/\/www.fortunyo.es\/wp-content\/uploads\/2023\/02\/PEUS-PORC-e1726150374523.png\",\"datePublished\":\"2023-02-24T09:40:42+00:00\",\"dateModified\":\"2025-04-16T14:28:20+00:00\",\"breadcrumb\":{\"@id\":\"https:\/\/www.fortunyo.es\/ca\/product\/peus-de-porc-cuits#breadcrumb\"},\"inLanguage\":\"ca\",\"potentialAction\":[{\"@type\":\"ReadAction\",\"target\":[\"https:\/\/www.fortunyo.es\/ca\/product\/peus-de-porc-cuits\"]}]},{\"@type\":\"ImageObject\",\"inLanguage\":\"ca\",\"@id\":\"https:\/\/www.fortunyo.es\/ca\/product\/peus-de-porc-cuits#primaryimage\",\"url\":\"https:\/\/www.fortunyo.es\/wp-content\/uploads\/2023\/02\/PEUS-PORC-e1726150374523.png\",\"contentUrl\":\"https:\/\/www.fortunyo.es\/wp-content\/uploads\/2023\/02\/PEUS-PORC-e1726150374523.png\",\"width\":4240,\"height\":2384,\"caption\":\"peus de porc cuits carns fortunyo\"},{\"@type\":\"BreadcrumbList\",\"@id\":\"https:\/\/www.fortunyo.es\/ca\/product\/peus-de-porc-cuits#breadcrumb\",\"itemListElement\":[{\"@type\":\"ListItem\",\"position\":1,\"name\":\"Portada\",\"item\":\"https:\/\/www.fortunyo.es\/ca\"},{\"@type\":\"ListItem\",\"position\":2,\"name\":\"Productes\",\"item\":\"https:\/\/www.fortunyo.es\/ca\/productes\"},{\"@type\":\"ListItem\",\"position\":3,\"name\":\"Peus de porc cuits\"}]},{\"@type\":\"WebSite\",\"@id\":\"https:\/\/www.fortunyo.es\/ca#website\",\"url\":\"https:\/\/www.fortunyo.es\/ca\",\"name\":\"Fortu\u00f1o\",\"description\":\"Carns i menuts\",\"potentialAction\":[{\"@type\":\"SearchAction\",\"target\":{\"@type\":\"EntryPoint\",\"urlTemplate\":\"https:\/\/www.fortunyo.es\/ca?s={search_term_string}\"},\"query-input\":{\"@type\":\"PropertyValueSpecification\",\"valueRequired\":true,\"valueName\":\"search_term_string\"}}],\"inLanguage\":\"ca\"}]}<\/script>\n<!-- \/ Yoast SEO plugin. -->","yoast_head_json":{"title":"Peus de porc cuits - Fortu\u00f1o","robots":{"index":"index","follow":"follow","max-snippet":"max-snippet:-1","max-image-preview":"max-image-preview:large","max-video-preview":"max-video-preview:-1"},"canonical":"https:\/\/www.fortunyo.es\/ca\/product\/peus-de-porc-cuits","og_locale":"ca_ES","og_type":"article","og_title":"Peus de porc cuits - Fortu\u00f1o","og_description":"Amb una textura gelatinosa i plena de gust, s\u00f3n ideals per a ser cuits lentament amb guisats o preparats amb receptes que requereixin un toc \u00fanic. Nutritius i vers\u00e0tils, els nostres peus de porc afegeixen profunditat i riquesa a qualsevol plat, des de sopes fins a plats principals estofats. Gaudeix d\u2019aquest tall tradicional que promet elevar les teves receptes casolanes amb la seva textura i gust excepcionals.  &nbsp;","og_url":"https:\/\/www.fortunyo.es\/ca\/product\/peus-de-porc-cuits","og_site_name":"Fortu\u00f1o","article_modified_time":"2025-04-16T14:28:20+00:00","og_image":[{"width":1024,"height":576,"url":"https:\/\/www.fortunyo.es\/wp-content\/uploads\/2023\/02\/PEUS-PORC-1024x576.png","type":"image\/png"}],"twitter_card":"summary_large_image","twitter_misc":{"Temps estimat de lectura":"1 minut"},"schema":{"@context":"https:\/\/schema.org","@graph":[{"@type":"WebPage","@id":"https:\/\/www.fortunyo.es\/ca\/product\/peus-de-porc-cuits","url":"https:\/\/www.fortunyo.es\/ca\/product\/peus-de-porc-cuits","name":"Peus de porc cuits - Fortu\u00f1o","isPartOf":{"@id":"https:\/\/www.fortunyo.es\/ca#website"},"primaryImageOfPage":{"@id":"https:\/\/www.fortunyo.es\/ca\/product\/peus-de-porc-cuits#primaryimage"},"image":{"@id":"https:\/\/www.fortunyo.es\/ca\/product\/peus-de-porc-cuits#primaryimage"},"thumbnailUrl":"https:\/\/www.fortunyo.es\/wp-content\/uploads\/2023\/02\/PEUS-PORC-e1726150374523.png","datePublished":"2023-02-24T09:40:42+00:00","dateModified":"2025-04-16T14:28:20+00:00","breadcrumb":{"@id":"https:\/\/www.fortunyo.es\/ca\/product\/peus-de-porc-cuits#breadcrumb"},"inLanguage":"ca","potentialAction":[{"@type":"ReadAction","target":["https:\/\/www.fortunyo.es\/ca\/product\/peus-de-porc-cuits"]}]},{"@type":"ImageObject","inLanguage":"ca","@id":"https:\/\/www.fortunyo.es\/ca\/product\/peus-de-porc-cuits#primaryimage","url":"https:\/\/www.fortunyo.es\/wp-content\/uploads\/2023\/02\/PEUS-PORC-e1726150374523.png","contentUrl":"https:\/\/www.fortunyo.es\/wp-content\/uploads\/2023\/02\/PEUS-PORC-e1726150374523.png","width":4240,"height":2384,"caption":"peus de porc cuits carns fortunyo"},{"@type":"BreadcrumbList","@id":"https:\/\/www.fortunyo.es\/ca\/product\/peus-de-porc-cuits#breadcrumb","itemListElement":[{"@type":"ListItem","position":1,"name":"Portada","item":"https:\/\/www.fortunyo.es\/ca"},{"@type":"ListItem","position":2,"name":"Productes","item":"https:\/\/www.fortunyo.es\/ca\/productes"},{"@type":"ListItem","position":3,"name":"Peus de porc cuits"}]},{"@type":"WebSite","@id":"https:\/\/www.fortunyo.es\/ca#website","url":"https:\/\/www.fortunyo.es\/ca","name":"Fortu\u00f1o","description":"Carns i menuts","potentialAction":[{"@type":"SearchAction","target":{"@type":"EntryPoint","urlTemplate":"https:\/\/www.fortunyo.es\/ca?s={search_term_string}"},"query-input":{"@type":"PropertyValueSpecification","valueRequired":true,"valueName":"search_term_string"}}],"inLanguage":"ca"}]}},"_links":{"self":[{"href":"https:\/\/www.fortunyo.es\/ca\/wp-json\/wp\/v2\/product\/38183","targetHints":{"allow":["GET"]}}],"collection":[{"href":"https:\/\/www.fortunyo.es\/ca\/wp-json\/wp\/v2\/product"}],"about":[{"href":"https:\/\/www.fortunyo.es\/ca\/wp-json\/wp\/v2\/types\/product"}],"replies":[{"embeddable":true,"href":"https:\/\/www.fortunyo.es\/ca\/wp-json\/wp\/v2\/comments?post=38183"}],"version-history":[{"count":3,"href":"https:\/\/www.fortunyo.es\/ca\/wp-json\/wp\/v2\/product\/38183\/revisions"}],"predecessor-version":[{"id":38725,"href":"https:\/\/www.fortunyo.es\/ca\/wp-json\/wp\/v2\/product\/38183\/revisions\/38725"}],"wp:featuredmedia":[{"embeddable":true,"href":"https:\/\/www.fortunyo.es\/ca\/wp-json\/wp\/v2\/media\/38021"}],"wp:attachment":[{"href":"https:\/\/www.fortunyo.es\/ca\/wp-json\/wp\/v2\/media?parent=38183"}],"wp:term":[{"taxonomy":"product_brand","embeddable":true,"href":"https:\/\/www.fortunyo.es\/ca\/wp-json\/wp\/v2\/product_brand?post=38183"},{"taxonomy":"product_cat","embeddable":true,"href":"https:\/\/www.fortunyo.es\/ca\/wp-json\/wp\/v2\/product_cat?post=38183"},{"taxonomy":"product_tag","embeddable":true,"href":"https:\/\/www.fortunyo.es\/ca\/wp-json\/wp\/v2\/product_tag?post=38183"}],"curies":[{"name":"wp","href":"https:\/\/api.w.org\/{rel}","templated":true}]}}