{"id":38187,"date":"2024-09-13T11:06:06","date_gmt":"2024-09-13T11:06:06","guid":{"rendered":"https:\/\/www.fortunyo.es\/product\/peus-de-porc-cuits-amb-herbes"},"modified":"2025-04-16T14:22:26","modified_gmt":"2025-04-16T14:22:26","slug":"peus-de-porc-cuits-amb-herbes","status":"publish","type":"product","link":"https:\/\/www.fortunyo.es\/ca\/product\/peus-de-porc-cuits-amb-herbes","title":{"rendered":"Peus de porc cuits amb herbes"},"content":{"rendered":"<p>Caixa 10 uts<\/p>\n<p>Bosses 4 1\/2<\/p>\n<p>Caixa 5 uts<\/p>\n<p>Bosses 4 1\/2<\/p>\n","protected":false},"excerpt":{"rendered":"<p>Amb una textura gelatinosa i plena de gust, s\u00f3n ideals per a ser cuits lentament amb guisats o preparats amb receptes que requereixin un toc \u00fanic. Nutritius i vers\u00e0tils, els nostres peus de porc afegeixen profunditat i riquesa a qualsevol plat, des de sopes fins a plats principals estofats. Gaudeix d\u2019aquest tall tradicional que promet elevar les teves receptes casolanes amb la seva textura i gust excepcionals.<\/p>\n","protected":false},"featured_media":38030,"comment_status":"open","ping_status":"closed","template":"","meta":{"_acf_changed":false},"product_brand":[],"product_cat":[155,156,157,159],"product_tag":[],"class_list":{"0":"post-38187","1":"product","2":"type-product","3":"status-publish","4":"has-post-thumbnail","6":"product_cat-els-nostres-productes","7":"product_cat-menuts","8":"product_cat-porc","9":"product_cat-precuinat","11":"first","12":"instock","13":"sale","14":"shipping-taxable","15":"purchasable","16":"product-type-variable"},"acf":[],"yoast_head":"<!-- This site is optimized with the Yoast SEO plugin v24.7 - https:\/\/yoast.com\/wordpress\/plugins\/seo\/ -->\n<title>Peus de porc cuits amb herbes - Fortu\u00f1o<\/title>\n<meta name=\"robots\" content=\"index, follow, max-snippet:-1, max-image-preview:large, max-video-preview:-1\" \/>\n<link rel=\"canonical\" href=\"https:\/\/www.fortunyo.es\/ca\/product\/peus-de-porc-cuits-amb-herbes\" \/>\n<meta property=\"og:locale\" content=\"ca_ES\" \/>\n<meta property=\"og:type\" content=\"article\" \/>\n<meta property=\"og:title\" content=\"Peus de porc cuits amb herbes - Fortu\u00f1o\" \/>\n<meta property=\"og:description\" content=\"Amb una textura gelatinosa i plena de gust, s\u00f3n ideals per a ser cuits lentament amb guisats o preparats amb receptes que requereixin un toc \u00fanic. Nutritius i vers\u00e0tils, els nostres peus de porc afegeixen profunditat i riquesa a qualsevol plat, des de sopes fins a plats principals estofats. Gaudeix d\u2019aquest tall tradicional que promet elevar les teves receptes casolanes amb la seva textura i gust excepcionals.\" \/>\n<meta property=\"og:url\" content=\"https:\/\/www.fortunyo.es\/ca\/product\/peus-de-porc-cuits-amb-herbes\" \/>\n<meta property=\"og:site_name\" content=\"Fortu\u00f1o\" \/>\n<meta property=\"article:modified_time\" content=\"2025-04-16T14:22:26+00:00\" \/>\n<meta property=\"og:image\" content=\"https:\/\/www.fortunyo.es\/wp-content\/uploads\/2024\/09\/PEUS-PORC-HERBES-e1726225615194-1024x597.png\" \/>\n\t<meta property=\"og:image:width\" content=\"1024\" \/>\n\t<meta property=\"og:image:height\" content=\"597\" \/>\n\t<meta property=\"og:image:type\" content=\"image\/png\" \/>\n<meta name=\"twitter:card\" content=\"summary_large_image\" \/>\n<meta name=\"twitter:label1\" content=\"Temps estimat de lectura\" \/>\n\t<meta name=\"twitter:data1\" content=\"1 minut\" \/>\n<script type=\"application\/ld+json\" class=\"yoast-schema-graph\">{\"@context\":\"https:\/\/schema.org\",\"@graph\":[{\"@type\":\"WebPage\",\"@id\":\"https:\/\/www.fortunyo.es\/ca\/product\/peus-de-porc-cuits-amb-herbes\",\"url\":\"https:\/\/www.fortunyo.es\/ca\/product\/peus-de-porc-cuits-amb-herbes\",\"name\":\"Peus de porc cuits amb herbes - Fortu\u00f1o\",\"isPartOf\":{\"@id\":\"https:\/\/www.fortunyo.es\/ca#website\"},\"primaryImageOfPage\":{\"@id\":\"https:\/\/www.fortunyo.es\/ca\/product\/peus-de-porc-cuits-amb-herbes#primaryimage\"},\"image\":{\"@id\":\"https:\/\/www.fortunyo.es\/ca\/product\/peus-de-porc-cuits-amb-herbes#primaryimage\"},\"thumbnailUrl\":\"https:\/\/www.fortunyo.es\/wp-content\/uploads\/2024\/09\/PEUS-PORC-HERBES-e1726225615194.png\",\"datePublished\":\"2024-09-13T11:06:06+00:00\",\"dateModified\":\"2025-04-16T14:22:26+00:00\",\"breadcrumb\":{\"@id\":\"https:\/\/www.fortunyo.es\/ca\/product\/peus-de-porc-cuits-amb-herbes#breadcrumb\"},\"inLanguage\":\"ca\",\"potentialAction\":[{\"@type\":\"ReadAction\",\"target\":[\"https:\/\/www.fortunyo.es\/ca\/product\/peus-de-porc-cuits-amb-herbes\"]}]},{\"@type\":\"ImageObject\",\"inLanguage\":\"ca\",\"@id\":\"https:\/\/www.fortunyo.es\/ca\/product\/peus-de-porc-cuits-amb-herbes#primaryimage\",\"url\":\"https:\/\/www.fortunyo.es\/wp-content\/uploads\/2024\/09\/PEUS-PORC-HERBES-e1726225615194.png\",\"contentUrl\":\"https:\/\/www.fortunyo.es\/wp-content\/uploads\/2024\/09\/PEUS-PORC-HERBES-e1726225615194.png\",\"width\":3102,\"height\":1809,\"caption\":\"peus de porc cuits amb herbes carns fortunyo\"},{\"@type\":\"BreadcrumbList\",\"@id\":\"https:\/\/www.fortunyo.es\/ca\/product\/peus-de-porc-cuits-amb-herbes#breadcrumb\",\"itemListElement\":[{\"@type\":\"ListItem\",\"position\":1,\"name\":\"Portada\",\"item\":\"https:\/\/www.fortunyo.es\/ca\"},{\"@type\":\"ListItem\",\"position\":2,\"name\":\"Productes\",\"item\":\"https:\/\/www.fortunyo.es\/ca\/productes\"},{\"@type\":\"ListItem\",\"position\":3,\"name\":\"Peus de porc cuits amb herbes\"}]},{\"@type\":\"WebSite\",\"@id\":\"https:\/\/www.fortunyo.es\/ca#website\",\"url\":\"https:\/\/www.fortunyo.es\/ca\",\"name\":\"Fortu\u00f1o\",\"description\":\"Carns i menuts\",\"potentialAction\":[{\"@type\":\"SearchAction\",\"target\":{\"@type\":\"EntryPoint\",\"urlTemplate\":\"https:\/\/www.fortunyo.es\/ca?s={search_term_string}\"},\"query-input\":{\"@type\":\"PropertyValueSpecification\",\"valueRequired\":true,\"valueName\":\"search_term_string\"}}],\"inLanguage\":\"ca\"}]}<\/script>\n<!-- \/ Yoast SEO plugin. -->","yoast_head_json":{"title":"Peus de porc cuits amb herbes - Fortu\u00f1o","robots":{"index":"index","follow":"follow","max-snippet":"max-snippet:-1","max-image-preview":"max-image-preview:large","max-video-preview":"max-video-preview:-1"},"canonical":"https:\/\/www.fortunyo.es\/ca\/product\/peus-de-porc-cuits-amb-herbes","og_locale":"ca_ES","og_type":"article","og_title":"Peus de porc cuits amb herbes - Fortu\u00f1o","og_description":"Amb una textura gelatinosa i plena de gust, s\u00f3n ideals per a ser cuits lentament amb guisats o preparats amb receptes que requereixin un toc \u00fanic. Nutritius i vers\u00e0tils, els nostres peus de porc afegeixen profunditat i riquesa a qualsevol plat, des de sopes fins a plats principals estofats. Gaudeix d\u2019aquest tall tradicional que promet elevar les teves receptes casolanes amb la seva textura i gust excepcionals.","og_url":"https:\/\/www.fortunyo.es\/ca\/product\/peus-de-porc-cuits-amb-herbes","og_site_name":"Fortu\u00f1o","article_modified_time":"2025-04-16T14:22:26+00:00","og_image":[{"width":1024,"height":597,"url":"https:\/\/www.fortunyo.es\/wp-content\/uploads\/2024\/09\/PEUS-PORC-HERBES-e1726225615194-1024x597.png","type":"image\/png"}],"twitter_card":"summary_large_image","twitter_misc":{"Temps estimat de lectura":"1 minut"},"schema":{"@context":"https:\/\/schema.org","@graph":[{"@type":"WebPage","@id":"https:\/\/www.fortunyo.es\/ca\/product\/peus-de-porc-cuits-amb-herbes","url":"https:\/\/www.fortunyo.es\/ca\/product\/peus-de-porc-cuits-amb-herbes","name":"Peus de porc cuits amb herbes - Fortu\u00f1o","isPartOf":{"@id":"https:\/\/www.fortunyo.es\/ca#website"},"primaryImageOfPage":{"@id":"https:\/\/www.fortunyo.es\/ca\/product\/peus-de-porc-cuits-amb-herbes#primaryimage"},"image":{"@id":"https:\/\/www.fortunyo.es\/ca\/product\/peus-de-porc-cuits-amb-herbes#primaryimage"},"thumbnailUrl":"https:\/\/www.fortunyo.es\/wp-content\/uploads\/2024\/09\/PEUS-PORC-HERBES-e1726225615194.png","datePublished":"2024-09-13T11:06:06+00:00","dateModified":"2025-04-16T14:22:26+00:00","breadcrumb":{"@id":"https:\/\/www.fortunyo.es\/ca\/product\/peus-de-porc-cuits-amb-herbes#breadcrumb"},"inLanguage":"ca","potentialAction":[{"@type":"ReadAction","target":["https:\/\/www.fortunyo.es\/ca\/product\/peus-de-porc-cuits-amb-herbes"]}]},{"@type":"ImageObject","inLanguage":"ca","@id":"https:\/\/www.fortunyo.es\/ca\/product\/peus-de-porc-cuits-amb-herbes#primaryimage","url":"https:\/\/www.fortunyo.es\/wp-content\/uploads\/2024\/09\/PEUS-PORC-HERBES-e1726225615194.png","contentUrl":"https:\/\/www.fortunyo.es\/wp-content\/uploads\/2024\/09\/PEUS-PORC-HERBES-e1726225615194.png","width":3102,"height":1809,"caption":"peus de porc cuits amb herbes carns fortunyo"},{"@type":"BreadcrumbList","@id":"https:\/\/www.fortunyo.es\/ca\/product\/peus-de-porc-cuits-amb-herbes#breadcrumb","itemListElement":[{"@type":"ListItem","position":1,"name":"Portada","item":"https:\/\/www.fortunyo.es\/ca"},{"@type":"ListItem","position":2,"name":"Productes","item":"https:\/\/www.fortunyo.es\/ca\/productes"},{"@type":"ListItem","position":3,"name":"Peus de porc cuits amb herbes"}]},{"@type":"WebSite","@id":"https:\/\/www.fortunyo.es\/ca#website","url":"https:\/\/www.fortunyo.es\/ca","name":"Fortu\u00f1o","description":"Carns i menuts","potentialAction":[{"@type":"SearchAction","target":{"@type":"EntryPoint","urlTemplate":"https:\/\/www.fortunyo.es\/ca?s={search_term_string}"},"query-input":{"@type":"PropertyValueSpecification","valueRequired":true,"valueName":"search_term_string"}}],"inLanguage":"ca"}]}},"_links":{"self":[{"href":"https:\/\/www.fortunyo.es\/ca\/wp-json\/wp\/v2\/product\/38187","targetHints":{"allow":["GET"]}}],"collection":[{"href":"https:\/\/www.fortunyo.es\/ca\/wp-json\/wp\/v2\/product"}],"about":[{"href":"https:\/\/www.fortunyo.es\/ca\/wp-json\/wp\/v2\/types\/product"}],"replies":[{"embeddable":true,"href":"https:\/\/www.fortunyo.es\/ca\/wp-json\/wp\/v2\/comments?post=38187"}],"version-history":[{"count":2,"href":"https:\/\/www.fortunyo.es\/ca\/wp-json\/wp\/v2\/product\/38187\/revisions"}],"predecessor-version":[{"id":38719,"href":"https:\/\/www.fortunyo.es\/ca\/wp-json\/wp\/v2\/product\/38187\/revisions\/38719"}],"wp:featuredmedia":[{"embeddable":true,"href":"https:\/\/www.fortunyo.es\/ca\/wp-json\/wp\/v2\/media\/38030"}],"wp:attachment":[{"href":"https:\/\/www.fortunyo.es\/ca\/wp-json\/wp\/v2\/media?parent=38187"}],"wp:term":[{"taxonomy":"product_brand","embeddable":true,"href":"https:\/\/www.fortunyo.es\/ca\/wp-json\/wp\/v2\/product_brand?post=38187"},{"taxonomy":"product_cat","embeddable":true,"href":"https:\/\/www.fortunyo.es\/ca\/wp-json\/wp\/v2\/product_cat?post=38187"},{"taxonomy":"product_tag","embeddable":true,"href":"https:\/\/www.fortunyo.es\/ca\/wp-json\/wp\/v2\/product_tag?post=38187"}],"curies":[{"name":"wp","href":"https:\/\/api.w.org\/{rel}","templated":true}]}}