{"id":38191,"date":"2024-09-13T11:08:16","date_gmt":"2024-09-13T11:08:16","guid":{"rendered":"https:\/\/www.fortunyo.es\/product\/morro-de-porc-cuinat-i-adobat"},"modified":"2025-04-11T10:08:39","modified_gmt":"2025-04-11T10:08:39","slug":"morro-de-porc-cuinat-i-adobat","status":"publish","type":"product","link":"https:\/\/www.fortunyo.es\/ca\/product\/morro-de-porc-cuinat-i-adobat","title":{"rendered":"Morro de porc cuinat i adobat"},"content":{"rendered":"<p>Bosses 400 g<\/p>\n<p>Caixes de 12 uts<\/p>\n<p>&nbsp;<\/p>\n","protected":false},"excerpt":{"rendered":"<p>Amb la seva textura \u00fanica i gust pronunciat, el morro de vedella \u00e9s ideal per qui busca una experi\u00e8ncia culin\u00e0ria aut\u00e8ntica. Excel\u00b7lent per a bullits i estofats.<\/p>\n","protected":false},"featured_media":38006,"comment_status":"closed","ping_status":"closed","template":"","meta":{"_acf_changed":false},"product_brand":[],"product_cat":[158,155,156,157],"product_tag":[],"class_list":{"0":"post-38191","1":"product","2":"type-product","3":"status-publish","4":"has-post-thumbnail","6":"product_cat-cuinat","7":"product_cat-els-nostres-productes","8":"product_cat-menuts","9":"product_cat-porc","11":"first","12":"outofstock","13":"shipping-taxable","14":"product-type-simple"},"acf":[],"yoast_head":"<!-- This site is optimized with the Yoast SEO plugin v24.7 - https:\/\/yoast.com\/wordpress\/plugins\/seo\/ -->\n<title>Morro de porc cuinat i adobat - Fortu\u00f1o<\/title>\n<meta name=\"description\" content=\"Amb la seva textura \u00fanica i gust pronunciat, el morro de porc \u00e9s ideal per qui busca una experi\u00e8ncia culin\u00e0ria aut\u00e8ntica.\" \/>\n<meta name=\"robots\" content=\"index, follow, max-snippet:-1, max-image-preview:large, max-video-preview:-1\" \/>\n<link rel=\"canonical\" href=\"https:\/\/www.fortunyo.es\/ca\/product\/morro-de-porc-cuinat-i-adobat\" \/>\n<meta property=\"og:locale\" content=\"ca_ES\" \/>\n<meta property=\"og:type\" content=\"article\" \/>\n<meta property=\"og:title\" content=\"Morro de porc cuinat i adobat - Fortu\u00f1o\" \/>\n<meta property=\"og:description\" content=\"Amb la seva textura \u00fanica i gust pronunciat, el morro de porc \u00e9s ideal per qui busca una experi\u00e8ncia culin\u00e0ria aut\u00e8ntica.\" \/>\n<meta property=\"og:url\" content=\"https:\/\/www.fortunyo.es\/ca\/product\/morro-de-porc-cuinat-i-adobat\" \/>\n<meta property=\"og:site_name\" content=\"Fortu\u00f1o\" \/>\n<meta property=\"article:modified_time\" content=\"2025-04-11T10:08:39+00:00\" \/>\n<meta property=\"og:image\" content=\"https:\/\/www.fortunyo.es\/wp-content\/uploads\/2023\/02\/MORRO-DE-PORC-TALLAT-I-ADOBAT-1-1024x576.png\" \/>\n\t<meta property=\"og:image:width\" content=\"1024\" \/>\n\t<meta property=\"og:image:height\" content=\"576\" \/>\n\t<meta property=\"og:image:type\" content=\"image\/png\" \/>\n<meta name=\"twitter:card\" content=\"summary_large_image\" \/>\n<script type=\"application\/ld+json\" class=\"yoast-schema-graph\">{\"@context\":\"https:\/\/schema.org\",\"@graph\":[{\"@type\":\"WebPage\",\"@id\":\"https:\/\/www.fortunyo.es\/ca\/product\/morro-de-porc-cuinat-i-adobat\",\"url\":\"https:\/\/www.fortunyo.es\/ca\/product\/morro-de-porc-cuinat-i-adobat\",\"name\":\"Morro de porc cuinat i adobat - Fortu\u00f1o\",\"isPartOf\":{\"@id\":\"https:\/\/www.fortunyo.es\/ca#website\"},\"primaryImageOfPage\":{\"@id\":\"https:\/\/www.fortunyo.es\/ca\/product\/morro-de-porc-cuinat-i-adobat#primaryimage\"},\"image\":{\"@id\":\"https:\/\/www.fortunyo.es\/ca\/product\/morro-de-porc-cuinat-i-adobat#primaryimage\"},\"thumbnailUrl\":\"https:\/\/www.fortunyo.es\/wp-content\/uploads\/2023\/02\/MORRO-DE-PORC-TALLAT-I-ADOBAT-1.png\",\"datePublished\":\"2024-09-13T11:08:16+00:00\",\"dateModified\":\"2025-04-11T10:08:39+00:00\",\"description\":\"Amb la seva textura \u00fanica i gust pronunciat, el morro de porc \u00e9s ideal per qui busca una experi\u00e8ncia culin\u00e0ria aut\u00e8ntica.\",\"breadcrumb\":{\"@id\":\"https:\/\/www.fortunyo.es\/ca\/product\/morro-de-porc-cuinat-i-adobat#breadcrumb\"},\"inLanguage\":\"ca\",\"potentialAction\":[{\"@type\":\"ReadAction\",\"target\":[\"https:\/\/www.fortunyo.es\/ca\/product\/morro-de-porc-cuinat-i-adobat\"]}]},{\"@type\":\"ImageObject\",\"inLanguage\":\"ca\",\"@id\":\"https:\/\/www.fortunyo.es\/ca\/product\/morro-de-porc-cuinat-i-adobat#primaryimage\",\"url\":\"https:\/\/www.fortunyo.es\/wp-content\/uploads\/2023\/02\/MORRO-DE-PORC-TALLAT-I-ADOBAT-1.png\",\"contentUrl\":\"https:\/\/www.fortunyo.es\/wp-content\/uploads\/2023\/02\/MORRO-DE-PORC-TALLAT-I-ADOBAT-1.png\",\"width\":4240,\"height\":2384,\"caption\":\"morro cuinat i adobat carns fortunyo\"},{\"@type\":\"BreadcrumbList\",\"@id\":\"https:\/\/www.fortunyo.es\/ca\/product\/morro-de-porc-cuinat-i-adobat#breadcrumb\",\"itemListElement\":[{\"@type\":\"ListItem\",\"position\":1,\"name\":\"Portada\",\"item\":\"https:\/\/www.fortunyo.es\/ca\"},{\"@type\":\"ListItem\",\"position\":2,\"name\":\"Productes\",\"item\":\"https:\/\/www.fortunyo.es\/ca\/productes\"},{\"@type\":\"ListItem\",\"position\":3,\"name\":\"Morro de porc cuinat i adobat\"}]},{\"@type\":\"WebSite\",\"@id\":\"https:\/\/www.fortunyo.es\/ca#website\",\"url\":\"https:\/\/www.fortunyo.es\/ca\",\"name\":\"Fortu\u00f1o\",\"description\":\"Carns i menuts\",\"potentialAction\":[{\"@type\":\"SearchAction\",\"target\":{\"@type\":\"EntryPoint\",\"urlTemplate\":\"https:\/\/www.fortunyo.es\/ca?s={search_term_string}\"},\"query-input\":{\"@type\":\"PropertyValueSpecification\",\"valueRequired\":true,\"valueName\":\"search_term_string\"}}],\"inLanguage\":\"ca\"}]}<\/script>\n<!-- \/ Yoast SEO plugin. -->","yoast_head_json":{"title":"Morro de porc cuinat i adobat - Fortu\u00f1o","description":"Amb la seva textura \u00fanica i gust pronunciat, el morro de porc \u00e9s ideal per qui busca una experi\u00e8ncia culin\u00e0ria aut\u00e8ntica.","robots":{"index":"index","follow":"follow","max-snippet":"max-snippet:-1","max-image-preview":"max-image-preview:large","max-video-preview":"max-video-preview:-1"},"canonical":"https:\/\/www.fortunyo.es\/ca\/product\/morro-de-porc-cuinat-i-adobat","og_locale":"ca_ES","og_type":"article","og_title":"Morro de porc cuinat i adobat - Fortu\u00f1o","og_description":"Amb la seva textura \u00fanica i gust pronunciat, el morro de porc \u00e9s ideal per qui busca una experi\u00e8ncia culin\u00e0ria aut\u00e8ntica.","og_url":"https:\/\/www.fortunyo.es\/ca\/product\/morro-de-porc-cuinat-i-adobat","og_site_name":"Fortu\u00f1o","article_modified_time":"2025-04-11T10:08:39+00:00","og_image":[{"width":1024,"height":576,"url":"https:\/\/www.fortunyo.es\/wp-content\/uploads\/2023\/02\/MORRO-DE-PORC-TALLAT-I-ADOBAT-1-1024x576.png","type":"image\/png"}],"twitter_card":"summary_large_image","schema":{"@context":"https:\/\/schema.org","@graph":[{"@type":"WebPage","@id":"https:\/\/www.fortunyo.es\/ca\/product\/morro-de-porc-cuinat-i-adobat","url":"https:\/\/www.fortunyo.es\/ca\/product\/morro-de-porc-cuinat-i-adobat","name":"Morro de porc cuinat i adobat - Fortu\u00f1o","isPartOf":{"@id":"https:\/\/www.fortunyo.es\/ca#website"},"primaryImageOfPage":{"@id":"https:\/\/www.fortunyo.es\/ca\/product\/morro-de-porc-cuinat-i-adobat#primaryimage"},"image":{"@id":"https:\/\/www.fortunyo.es\/ca\/product\/morro-de-porc-cuinat-i-adobat#primaryimage"},"thumbnailUrl":"https:\/\/www.fortunyo.es\/wp-content\/uploads\/2023\/02\/MORRO-DE-PORC-TALLAT-I-ADOBAT-1.png","datePublished":"2024-09-13T11:08:16+00:00","dateModified":"2025-04-11T10:08:39+00:00","description":"Amb la seva textura \u00fanica i gust pronunciat, el morro de porc \u00e9s ideal per qui busca una experi\u00e8ncia culin\u00e0ria aut\u00e8ntica.","breadcrumb":{"@id":"https:\/\/www.fortunyo.es\/ca\/product\/morro-de-porc-cuinat-i-adobat#breadcrumb"},"inLanguage":"ca","potentialAction":[{"@type":"ReadAction","target":["https:\/\/www.fortunyo.es\/ca\/product\/morro-de-porc-cuinat-i-adobat"]}]},{"@type":"ImageObject","inLanguage":"ca","@id":"https:\/\/www.fortunyo.es\/ca\/product\/morro-de-porc-cuinat-i-adobat#primaryimage","url":"https:\/\/www.fortunyo.es\/wp-content\/uploads\/2023\/02\/MORRO-DE-PORC-TALLAT-I-ADOBAT-1.png","contentUrl":"https:\/\/www.fortunyo.es\/wp-content\/uploads\/2023\/02\/MORRO-DE-PORC-TALLAT-I-ADOBAT-1.png","width":4240,"height":2384,"caption":"morro cuinat i adobat carns fortunyo"},{"@type":"BreadcrumbList","@id":"https:\/\/www.fortunyo.es\/ca\/product\/morro-de-porc-cuinat-i-adobat#breadcrumb","itemListElement":[{"@type":"ListItem","position":1,"name":"Portada","item":"https:\/\/www.fortunyo.es\/ca"},{"@type":"ListItem","position":2,"name":"Productes","item":"https:\/\/www.fortunyo.es\/ca\/productes"},{"@type":"ListItem","position":3,"name":"Morro de porc cuinat i adobat"}]},{"@type":"WebSite","@id":"https:\/\/www.fortunyo.es\/ca#website","url":"https:\/\/www.fortunyo.es\/ca","name":"Fortu\u00f1o","description":"Carns i menuts","potentialAction":[{"@type":"SearchAction","target":{"@type":"EntryPoint","urlTemplate":"https:\/\/www.fortunyo.es\/ca?s={search_term_string}"},"query-input":{"@type":"PropertyValueSpecification","valueRequired":true,"valueName":"search_term_string"}}],"inLanguage":"ca"}]}},"_links":{"self":[{"href":"https:\/\/www.fortunyo.es\/ca\/wp-json\/wp\/v2\/product\/38191","targetHints":{"allow":["GET"]}}],"collection":[{"href":"https:\/\/www.fortunyo.es\/ca\/wp-json\/wp\/v2\/product"}],"about":[{"href":"https:\/\/www.fortunyo.es\/ca\/wp-json\/wp\/v2\/types\/product"}],"replies":[{"embeddable":true,"href":"https:\/\/www.fortunyo.es\/ca\/wp-json\/wp\/v2\/comments?post=38191"}],"version-history":[{"count":1,"href":"https:\/\/www.fortunyo.es\/ca\/wp-json\/wp\/v2\/product\/38191\/revisions"}],"predecessor-version":[{"id":38356,"href":"https:\/\/www.fortunyo.es\/ca\/wp-json\/wp\/v2\/product\/38191\/revisions\/38356"}],"wp:featuredmedia":[{"embeddable":true,"href":"https:\/\/www.fortunyo.es\/ca\/wp-json\/wp\/v2\/media\/38006"}],"wp:attachment":[{"href":"https:\/\/www.fortunyo.es\/ca\/wp-json\/wp\/v2\/media?parent=38191"}],"wp:term":[{"taxonomy":"product_brand","embeddable":true,"href":"https:\/\/www.fortunyo.es\/ca\/wp-json\/wp\/v2\/product_brand?post=38191"},{"taxonomy":"product_cat","embeddable":true,"href":"https:\/\/www.fortunyo.es\/ca\/wp-json\/wp\/v2\/product_cat?post=38191"},{"taxonomy":"product_tag","embeddable":true,"href":"https:\/\/www.fortunyo.es\/ca\/wp-json\/wp\/v2\/product_tag?post=38191"}],"curies":[{"name":"wp","href":"https:\/\/api.w.org\/{rel}","templated":true}]}}