{"id":38193,"date":"2023-02-24T09:40:47","date_gmt":"2023-02-24T09:40:47","guid":{"rendered":"https:\/\/www.fortunyo.es\/product\/morro-de-vedella-cuit"},"modified":"2025-04-15T10:28:01","modified_gmt":"2025-04-15T10:28:01","slug":"morro-de-vedella-cuit","status":"publish","type":"product","link":"https:\/\/www.fortunyo.es\/ca\/product\/morro-de-vedella-cuit","title":{"rendered":"Morro de vedella cuit"},"content":{"rendered":"<p>Caixes 6 kg<\/p>\n<p>Bosses 2 kg<\/p>\n","protected":false},"excerpt":{"rendered":"<p>Amb la seva textura \u00fanica i gust pronunciat, el morro de vedella \u00e9s ideal per qui busca una experi\u00e8ncia culin\u00e0ria aut\u00e8ntica. Excel\u00b7lent per a bullits i estofats.<\/p>\n<p>&nbsp;<\/p>\n","protected":false},"featured_media":38012,"comment_status":"open","ping_status":"closed","template":"","meta":{"_acf_changed":false},"product_brand":[],"product_cat":[160,155,156,159],"product_tag":[],"class_list":{"0":"post-38193","1":"product","2":"type-product","3":"status-publish","4":"has-post-thumbnail","6":"product_cat-vedella-ca-2","7":"product_cat-els-nostres-productes","8":"product_cat-menuts","9":"product_cat-precuinat","11":"first","12":"instock","13":"shipping-taxable","14":"purchasable","15":"product-type-variable"},"acf":[],"yoast_head":"<!-- This site is optimized with the Yoast SEO plugin v24.7 - https:\/\/yoast.com\/wordpress\/plugins\/seo\/ -->\n<title>Morro de vedella cuit - Fortu\u00f1o<\/title>\n<meta name=\"robots\" content=\"index, follow, max-snippet:-1, max-image-preview:large, max-video-preview:-1\" \/>\n<link rel=\"canonical\" href=\"https:\/\/www.fortunyo.es\/ca\/product\/morro-de-vedella-cuit\" \/>\n<meta property=\"og:locale\" content=\"ca_ES\" \/>\n<meta property=\"og:type\" content=\"article\" \/>\n<meta property=\"og:title\" content=\"Morro de vedella cuit - Fortu\u00f1o\" \/>\n<meta property=\"og:description\" content=\"Amb la seva textura \u00fanica i gust pronunciat, el morro de vedella \u00e9s ideal per qui busca una experi\u00e8ncia culin\u00e0ria aut\u00e8ntica. Excel\u00b7lent per a bullits i estofats. &nbsp;\" \/>\n<meta property=\"og:url\" content=\"https:\/\/www.fortunyo.es\/ca\/product\/morro-de-vedella-cuit\" \/>\n<meta property=\"og:site_name\" content=\"Fortu\u00f1o\" \/>\n<meta property=\"article:modified_time\" content=\"2025-04-15T10:28:01+00:00\" \/>\n<meta property=\"og:image\" content=\"https:\/\/www.fortunyo.es\/wp-content\/uploads\/2023\/02\/MORRO-VADELLA-e1726148335449-1024x501.png\" \/>\n\t<meta property=\"og:image:width\" content=\"1024\" \/>\n\t<meta property=\"og:image:height\" content=\"501\" \/>\n\t<meta property=\"og:image:type\" content=\"image\/png\" \/>\n<meta name=\"twitter:card\" content=\"summary_large_image\" \/>\n<script type=\"application\/ld+json\" class=\"yoast-schema-graph\">{\"@context\":\"https:\/\/schema.org\",\"@graph\":[{\"@type\":\"WebPage\",\"@id\":\"https:\/\/www.fortunyo.es\/ca\/product\/morro-de-vedella-cuit\",\"url\":\"https:\/\/www.fortunyo.es\/ca\/product\/morro-de-vedella-cuit\",\"name\":\"Morro de vedella cuit - Fortu\u00f1o\",\"isPartOf\":{\"@id\":\"https:\/\/www.fortunyo.es\/ca#website\"},\"primaryImageOfPage\":{\"@id\":\"https:\/\/www.fortunyo.es\/ca\/product\/morro-de-vedella-cuit#primaryimage\"},\"image\":{\"@id\":\"https:\/\/www.fortunyo.es\/ca\/product\/morro-de-vedella-cuit#primaryimage\"},\"thumbnailUrl\":\"https:\/\/www.fortunyo.es\/wp-content\/uploads\/2023\/02\/MORRO-VADELLA-e1726148335449.png\",\"datePublished\":\"2023-02-24T09:40:47+00:00\",\"dateModified\":\"2025-04-15T10:28:01+00:00\",\"breadcrumb\":{\"@id\":\"https:\/\/www.fortunyo.es\/ca\/product\/morro-de-vedella-cuit#breadcrumb\"},\"inLanguage\":\"ca\",\"potentialAction\":[{\"@type\":\"ReadAction\",\"target\":[\"https:\/\/www.fortunyo.es\/ca\/product\/morro-de-vedella-cuit\"]}]},{\"@type\":\"ImageObject\",\"inLanguage\":\"ca\",\"@id\":\"https:\/\/www.fortunyo.es\/ca\/product\/morro-de-vedella-cuit#primaryimage\",\"url\":\"https:\/\/www.fortunyo.es\/wp-content\/uploads\/2023\/02\/MORRO-VADELLA-e1726148335449.png\",\"contentUrl\":\"https:\/\/www.fortunyo.es\/wp-content\/uploads\/2023\/02\/MORRO-VADELLA-e1726148335449.png\",\"width\":3307,\"height\":1618,\"caption\":\"morro de vedella cuit carns fortunyo\"},{\"@type\":\"BreadcrumbList\",\"@id\":\"https:\/\/www.fortunyo.es\/ca\/product\/morro-de-vedella-cuit#breadcrumb\",\"itemListElement\":[{\"@type\":\"ListItem\",\"position\":1,\"name\":\"Portada\",\"item\":\"https:\/\/www.fortunyo.es\/ca\"},{\"@type\":\"ListItem\",\"position\":2,\"name\":\"Productes\",\"item\":\"https:\/\/www.fortunyo.es\/ca\/productes\"},{\"@type\":\"ListItem\",\"position\":3,\"name\":\"Morro de vedella cuit\"}]},{\"@type\":\"WebSite\",\"@id\":\"https:\/\/www.fortunyo.es\/ca#website\",\"url\":\"https:\/\/www.fortunyo.es\/ca\",\"name\":\"Fortu\u00f1o\",\"description\":\"Carns i menuts\",\"potentialAction\":[{\"@type\":\"SearchAction\",\"target\":{\"@type\":\"EntryPoint\",\"urlTemplate\":\"https:\/\/www.fortunyo.es\/ca?s={search_term_string}\"},\"query-input\":{\"@type\":\"PropertyValueSpecification\",\"valueRequired\":true,\"valueName\":\"search_term_string\"}}],\"inLanguage\":\"ca\"}]}<\/script>\n<!-- \/ Yoast SEO plugin. -->","yoast_head_json":{"title":"Morro de vedella cuit - Fortu\u00f1o","robots":{"index":"index","follow":"follow","max-snippet":"max-snippet:-1","max-image-preview":"max-image-preview:large","max-video-preview":"max-video-preview:-1"},"canonical":"https:\/\/www.fortunyo.es\/ca\/product\/morro-de-vedella-cuit","og_locale":"ca_ES","og_type":"article","og_title":"Morro de vedella cuit - Fortu\u00f1o","og_description":"Amb la seva textura \u00fanica i gust pronunciat, el morro de vedella \u00e9s ideal per qui busca una experi\u00e8ncia culin\u00e0ria aut\u00e8ntica. Excel\u00b7lent per a bullits i estofats. &nbsp;","og_url":"https:\/\/www.fortunyo.es\/ca\/product\/morro-de-vedella-cuit","og_site_name":"Fortu\u00f1o","article_modified_time":"2025-04-15T10:28:01+00:00","og_image":[{"width":1024,"height":501,"url":"https:\/\/www.fortunyo.es\/wp-content\/uploads\/2023\/02\/MORRO-VADELLA-e1726148335449-1024x501.png","type":"image\/png"}],"twitter_card":"summary_large_image","schema":{"@context":"https:\/\/schema.org","@graph":[{"@type":"WebPage","@id":"https:\/\/www.fortunyo.es\/ca\/product\/morro-de-vedella-cuit","url":"https:\/\/www.fortunyo.es\/ca\/product\/morro-de-vedella-cuit","name":"Morro de vedella cuit - Fortu\u00f1o","isPartOf":{"@id":"https:\/\/www.fortunyo.es\/ca#website"},"primaryImageOfPage":{"@id":"https:\/\/www.fortunyo.es\/ca\/product\/morro-de-vedella-cuit#primaryimage"},"image":{"@id":"https:\/\/www.fortunyo.es\/ca\/product\/morro-de-vedella-cuit#primaryimage"},"thumbnailUrl":"https:\/\/www.fortunyo.es\/wp-content\/uploads\/2023\/02\/MORRO-VADELLA-e1726148335449.png","datePublished":"2023-02-24T09:40:47+00:00","dateModified":"2025-04-15T10:28:01+00:00","breadcrumb":{"@id":"https:\/\/www.fortunyo.es\/ca\/product\/morro-de-vedella-cuit#breadcrumb"},"inLanguage":"ca","potentialAction":[{"@type":"ReadAction","target":["https:\/\/www.fortunyo.es\/ca\/product\/morro-de-vedella-cuit"]}]},{"@type":"ImageObject","inLanguage":"ca","@id":"https:\/\/www.fortunyo.es\/ca\/product\/morro-de-vedella-cuit#primaryimage","url":"https:\/\/www.fortunyo.es\/wp-content\/uploads\/2023\/02\/MORRO-VADELLA-e1726148335449.png","contentUrl":"https:\/\/www.fortunyo.es\/wp-content\/uploads\/2023\/02\/MORRO-VADELLA-e1726148335449.png","width":3307,"height":1618,"caption":"morro de vedella cuit carns fortunyo"},{"@type":"BreadcrumbList","@id":"https:\/\/www.fortunyo.es\/ca\/product\/morro-de-vedella-cuit#breadcrumb","itemListElement":[{"@type":"ListItem","position":1,"name":"Portada","item":"https:\/\/www.fortunyo.es\/ca"},{"@type":"ListItem","position":2,"name":"Productes","item":"https:\/\/www.fortunyo.es\/ca\/productes"},{"@type":"ListItem","position":3,"name":"Morro de vedella cuit"}]},{"@type":"WebSite","@id":"https:\/\/www.fortunyo.es\/ca#website","url":"https:\/\/www.fortunyo.es\/ca","name":"Fortu\u00f1o","description":"Carns i menuts","potentialAction":[{"@type":"SearchAction","target":{"@type":"EntryPoint","urlTemplate":"https:\/\/www.fortunyo.es\/ca?s={search_term_string}"},"query-input":{"@type":"PropertyValueSpecification","valueRequired":true,"valueName":"search_term_string"}}],"inLanguage":"ca"}]}},"_links":{"self":[{"href":"https:\/\/www.fortunyo.es\/ca\/wp-json\/wp\/v2\/product\/38193","targetHints":{"allow":["GET"]}}],"collection":[{"href":"https:\/\/www.fortunyo.es\/ca\/wp-json\/wp\/v2\/product"}],"about":[{"href":"https:\/\/www.fortunyo.es\/ca\/wp-json\/wp\/v2\/types\/product"}],"replies":[{"embeddable":true,"href":"https:\/\/www.fortunyo.es\/ca\/wp-json\/wp\/v2\/comments?post=38193"}],"version-history":[{"count":1,"href":"https:\/\/www.fortunyo.es\/ca\/wp-json\/wp\/v2\/product\/38193\/revisions"}],"predecessor-version":[{"id":38352,"href":"https:\/\/www.fortunyo.es\/ca\/wp-json\/wp\/v2\/product\/38193\/revisions\/38352"}],"wp:featuredmedia":[{"embeddable":true,"href":"https:\/\/www.fortunyo.es\/ca\/wp-json\/wp\/v2\/media\/38012"}],"wp:attachment":[{"href":"https:\/\/www.fortunyo.es\/ca\/wp-json\/wp\/v2\/media?parent=38193"}],"wp:term":[{"taxonomy":"product_brand","embeddable":true,"href":"https:\/\/www.fortunyo.es\/ca\/wp-json\/wp\/v2\/product_brand?post=38193"},{"taxonomy":"product_cat","embeddable":true,"href":"https:\/\/www.fortunyo.es\/ca\/wp-json\/wp\/v2\/product_cat?post=38193"},{"taxonomy":"product_tag","embeddable":true,"href":"https:\/\/www.fortunyo.es\/ca\/wp-json\/wp\/v2\/product_tag?post=38193"}],"curies":[{"name":"wp","href":"https:\/\/api.w.org\/{rel}","templated":true}]}}