{"id":38201,"date":"2024-09-13T11:13:59","date_gmt":"2024-09-13T11:13:59","guid":{"rendered":"https:\/\/www.fortunyo.es\/product\/budells-de-porc-cuits"},"modified":"2025-04-16T14:32:20","modified_gmt":"2025-04-16T14:32:20","slug":"budells-de-porc-cuits","status":"publish","type":"product","link":"https:\/\/www.fortunyo.es\/ca\/product\/budells-de-porc-cuits","title":{"rendered":"Est\u00f3mac de porc cuits"},"content":{"rendered":"<p>Bosses 2 uts<\/p>\n<p>Caixes 5 Kg<\/p>\n","protected":false},"excerpt":{"rendered":"<p>Neta i llesta per cuinar, els nostres budells de porc s\u00f3n vers\u00e0tils i essencials per a plats tradicionals com el mondongo o guisats.<\/p>\n","protected":false},"featured_media":38042,"comment_status":"open","ping_status":"closed","template":"","meta":{"_acf_changed":false},"product_brand":[],"product_cat":[155,156,157,159],"product_tag":[],"class_list":{"0":"post-38201","1":"product","2":"type-product","3":"status-publish","4":"has-post-thumbnail","6":"product_cat-els-nostres-productes","7":"product_cat-menuts","8":"product_cat-porc","9":"product_cat-precuinat","11":"first","12":"instock","13":"shipping-taxable","14":"purchasable","15":"product-type-simple"},"acf":[],"yoast_head":"<!-- This site is optimized with the Yoast SEO plugin v24.7 - https:\/\/yoast.com\/wordpress\/plugins\/seo\/ -->\n<title>Est\u00f3mac de porc cuits - Fortu\u00f1o<\/title>\n<meta name=\"robots\" content=\"index, follow, max-snippet:-1, max-image-preview:large, max-video-preview:-1\" \/>\n<link rel=\"canonical\" href=\"https:\/\/www.fortunyo.es\/ca\/product\/budells-de-porc-cuits\" \/>\n<meta property=\"og:locale\" content=\"ca_ES\" \/>\n<meta property=\"og:type\" content=\"article\" \/>\n<meta property=\"og:title\" content=\"Est\u00f3mac de porc cuits - Fortu\u00f1o\" \/>\n<meta property=\"og:description\" content=\"Neta i llesta per cuinar, els nostres budells de porc s\u00f3n vers\u00e0tils i essencials per a plats tradicionals com el mondongo o guisats.\" \/>\n<meta property=\"og:url\" content=\"https:\/\/www.fortunyo.es\/ca\/product\/budells-de-porc-cuits\" \/>\n<meta property=\"og:site_name\" content=\"Fortu\u00f1o\" \/>\n<meta property=\"article:modified_time\" content=\"2025-04-16T14:32:20+00:00\" \/>\n<meta property=\"og:image\" content=\"https:\/\/www.fortunyo.es\/wp-content\/uploads\/2024\/09\/VENTRE-PORC-1024x576.png\" \/>\n\t<meta property=\"og:image:width\" content=\"1024\" \/>\n\t<meta property=\"og:image:height\" content=\"576\" \/>\n\t<meta property=\"og:image:type\" content=\"image\/png\" \/>\n<meta name=\"twitter:card\" content=\"summary_large_image\" \/>\n<meta name=\"twitter:label1\" content=\"Temps estimat de lectura\" \/>\n\t<meta name=\"twitter:data1\" content=\"1 minut\" \/>\n<script type=\"application\/ld+json\" class=\"yoast-schema-graph\">{\"@context\":\"https:\/\/schema.org\",\"@graph\":[{\"@type\":\"WebPage\",\"@id\":\"https:\/\/www.fortunyo.es\/ca\/product\/budells-de-porc-cuits\",\"url\":\"https:\/\/www.fortunyo.es\/ca\/product\/budells-de-porc-cuits\",\"name\":\"Est\u00f3mac de porc cuits - Fortu\u00f1o\",\"isPartOf\":{\"@id\":\"https:\/\/www.fortunyo.es\/ca#website\"},\"primaryImageOfPage\":{\"@id\":\"https:\/\/www.fortunyo.es\/ca\/product\/budells-de-porc-cuits#primaryimage\"},\"image\":{\"@id\":\"https:\/\/www.fortunyo.es\/ca\/product\/budells-de-porc-cuits#primaryimage\"},\"thumbnailUrl\":\"https:\/\/www.fortunyo.es\/wp-content\/uploads\/2024\/09\/VENTRE-PORC.png\",\"datePublished\":\"2024-09-13T11:13:59+00:00\",\"dateModified\":\"2025-04-16T14:32:20+00:00\",\"breadcrumb\":{\"@id\":\"https:\/\/www.fortunyo.es\/ca\/product\/budells-de-porc-cuits#breadcrumb\"},\"inLanguage\":\"ca\",\"potentialAction\":[{\"@type\":\"ReadAction\",\"target\":[\"https:\/\/www.fortunyo.es\/ca\/product\/budells-de-porc-cuits\"]}]},{\"@type\":\"ImageObject\",\"inLanguage\":\"ca\",\"@id\":\"https:\/\/www.fortunyo.es\/ca\/product\/budells-de-porc-cuits#primaryimage\",\"url\":\"https:\/\/www.fortunyo.es\/wp-content\/uploads\/2024\/09\/VENTRE-PORC.png\",\"contentUrl\":\"https:\/\/www.fortunyo.es\/wp-content\/uploads\/2024\/09\/VENTRE-PORC.png\",\"width\":4240,\"height\":2384,\"caption\":\"budells de porc cuits carns fortunyo\"},{\"@type\":\"BreadcrumbList\",\"@id\":\"https:\/\/www.fortunyo.es\/ca\/product\/budells-de-porc-cuits#breadcrumb\",\"itemListElement\":[{\"@type\":\"ListItem\",\"position\":1,\"name\":\"Portada\",\"item\":\"https:\/\/www.fortunyo.es\/ca\"},{\"@type\":\"ListItem\",\"position\":2,\"name\":\"Productes\",\"item\":\"https:\/\/www.fortunyo.es\/ca\/productes\"},{\"@type\":\"ListItem\",\"position\":3,\"name\":\"Est\u00f3mac de porc cuits\"}]},{\"@type\":\"WebSite\",\"@id\":\"https:\/\/www.fortunyo.es\/ca#website\",\"url\":\"https:\/\/www.fortunyo.es\/ca\",\"name\":\"Fortu\u00f1o\",\"description\":\"Carns i menuts\",\"potentialAction\":[{\"@type\":\"SearchAction\",\"target\":{\"@type\":\"EntryPoint\",\"urlTemplate\":\"https:\/\/www.fortunyo.es\/ca?s={search_term_string}\"},\"query-input\":{\"@type\":\"PropertyValueSpecification\",\"valueRequired\":true,\"valueName\":\"search_term_string\"}}],\"inLanguage\":\"ca\"}]}<\/script>\n<!-- \/ Yoast SEO plugin. -->","yoast_head_json":{"title":"Est\u00f3mac de porc cuits - Fortu\u00f1o","robots":{"index":"index","follow":"follow","max-snippet":"max-snippet:-1","max-image-preview":"max-image-preview:large","max-video-preview":"max-video-preview:-1"},"canonical":"https:\/\/www.fortunyo.es\/ca\/product\/budells-de-porc-cuits","og_locale":"ca_ES","og_type":"article","og_title":"Est\u00f3mac de porc cuits - Fortu\u00f1o","og_description":"Neta i llesta per cuinar, els nostres budells de porc s\u00f3n vers\u00e0tils i essencials per a plats tradicionals com el mondongo o guisats.","og_url":"https:\/\/www.fortunyo.es\/ca\/product\/budells-de-porc-cuits","og_site_name":"Fortu\u00f1o","article_modified_time":"2025-04-16T14:32:20+00:00","og_image":[{"width":1024,"height":576,"url":"https:\/\/www.fortunyo.es\/wp-content\/uploads\/2024\/09\/VENTRE-PORC-1024x576.png","type":"image\/png"}],"twitter_card":"summary_large_image","twitter_misc":{"Temps estimat de lectura":"1 minut"},"schema":{"@context":"https:\/\/schema.org","@graph":[{"@type":"WebPage","@id":"https:\/\/www.fortunyo.es\/ca\/product\/budells-de-porc-cuits","url":"https:\/\/www.fortunyo.es\/ca\/product\/budells-de-porc-cuits","name":"Est\u00f3mac de porc cuits - Fortu\u00f1o","isPartOf":{"@id":"https:\/\/www.fortunyo.es\/ca#website"},"primaryImageOfPage":{"@id":"https:\/\/www.fortunyo.es\/ca\/product\/budells-de-porc-cuits#primaryimage"},"image":{"@id":"https:\/\/www.fortunyo.es\/ca\/product\/budells-de-porc-cuits#primaryimage"},"thumbnailUrl":"https:\/\/www.fortunyo.es\/wp-content\/uploads\/2024\/09\/VENTRE-PORC.png","datePublished":"2024-09-13T11:13:59+00:00","dateModified":"2025-04-16T14:32:20+00:00","breadcrumb":{"@id":"https:\/\/www.fortunyo.es\/ca\/product\/budells-de-porc-cuits#breadcrumb"},"inLanguage":"ca","potentialAction":[{"@type":"ReadAction","target":["https:\/\/www.fortunyo.es\/ca\/product\/budells-de-porc-cuits"]}]},{"@type":"ImageObject","inLanguage":"ca","@id":"https:\/\/www.fortunyo.es\/ca\/product\/budells-de-porc-cuits#primaryimage","url":"https:\/\/www.fortunyo.es\/wp-content\/uploads\/2024\/09\/VENTRE-PORC.png","contentUrl":"https:\/\/www.fortunyo.es\/wp-content\/uploads\/2024\/09\/VENTRE-PORC.png","width":4240,"height":2384,"caption":"budells de porc cuits carns fortunyo"},{"@type":"BreadcrumbList","@id":"https:\/\/www.fortunyo.es\/ca\/product\/budells-de-porc-cuits#breadcrumb","itemListElement":[{"@type":"ListItem","position":1,"name":"Portada","item":"https:\/\/www.fortunyo.es\/ca"},{"@type":"ListItem","position":2,"name":"Productes","item":"https:\/\/www.fortunyo.es\/ca\/productes"},{"@type":"ListItem","position":3,"name":"Est\u00f3mac de porc cuits"}]},{"@type":"WebSite","@id":"https:\/\/www.fortunyo.es\/ca#website","url":"https:\/\/www.fortunyo.es\/ca","name":"Fortu\u00f1o","description":"Carns i menuts","potentialAction":[{"@type":"SearchAction","target":{"@type":"EntryPoint","urlTemplate":"https:\/\/www.fortunyo.es\/ca?s={search_term_string}"},"query-input":{"@type":"PropertyValueSpecification","valueRequired":true,"valueName":"search_term_string"}}],"inLanguage":"ca"}]}},"_links":{"self":[{"href":"https:\/\/www.fortunyo.es\/ca\/wp-json\/wp\/v2\/product\/38201","targetHints":{"allow":["GET"]}}],"collection":[{"href":"https:\/\/www.fortunyo.es\/ca\/wp-json\/wp\/v2\/product"}],"about":[{"href":"https:\/\/www.fortunyo.es\/ca\/wp-json\/wp\/v2\/types\/product"}],"replies":[{"embeddable":true,"href":"https:\/\/www.fortunyo.es\/ca\/wp-json\/wp\/v2\/comments?post=38201"}],"version-history":[{"count":3,"href":"https:\/\/www.fortunyo.es\/ca\/wp-json\/wp\/v2\/product\/38201\/revisions"}],"predecessor-version":[{"id":38731,"href":"https:\/\/www.fortunyo.es\/ca\/wp-json\/wp\/v2\/product\/38201\/revisions\/38731"}],"wp:featuredmedia":[{"embeddable":true,"href":"https:\/\/www.fortunyo.es\/ca\/wp-json\/wp\/v2\/media\/38042"}],"wp:attachment":[{"href":"https:\/\/www.fortunyo.es\/ca\/wp-json\/wp\/v2\/media?parent=38201"}],"wp:term":[{"taxonomy":"product_brand","embeddable":true,"href":"https:\/\/www.fortunyo.es\/ca\/wp-json\/wp\/v2\/product_brand?post=38201"},{"taxonomy":"product_cat","embeddable":true,"href":"https:\/\/www.fortunyo.es\/ca\/wp-json\/wp\/v2\/product_cat?post=38201"},{"taxonomy":"product_tag","embeddable":true,"href":"https:\/\/www.fortunyo.es\/ca\/wp-json\/wp\/v2\/product_tag?post=38201"}],"curies":[{"name":"wp","href":"https:\/\/api.w.org\/{rel}","templated":true}]}}