{"id":38226,"date":"2024-10-24T10:33:37","date_gmt":"2024-10-24T10:33:37","guid":{"rendered":"https:\/\/www.fortunyo.es\/product\/ovi-i-capri"},"modified":"2025-04-14T15:12:46","modified_gmt":"2025-04-14T15:12:46","slug":"ovi-i-capri","status":"publish","type":"product","link":"https:\/\/www.fortunyo.es\/ca\/product\/ovi-i-capri","title":{"rendered":"Ov\u00ed i capr\u00ed"},"content":{"rendered":"<ul>\n<li>Freixures de xai.<\/li>\n<li>Cap de xai.<\/li>\n<li>Cabrit sencer tallat.<\/li>\n<li>Cabrit sencer tallat.<\/li>\n<li>Fetge de xai.<\/li>\n<li>Lletons de xai.<\/li>\n<li>Potes de xai.<\/li>\n<li>Budells de xai.<\/li>\n<\/ul>\n","protected":false},"excerpt":{"rendered":"<p>Freixures de xai. Cap de xai. Cabrit sencer tallat. Cabrit sencer tallat. Fetge de xai. Lletons de xai. Potes de xai. Budells de xai.<\/p>\n","protected":false},"featured_media":38099,"comment_status":"closed","ping_status":"closed","template":"","meta":{"_acf_changed":false},"product_brand":[],"product_cat":[143,142,146],"product_tag":[],"class_list":{"0":"post-38226","1":"product","2":"type-product","3":"status-publish","4":"has-post-thumbnail","6":"product_cat-capri","7":"product_cat-carn-fresca","8":"product_cat-ovi","10":"first","11":"instock","12":"shipping-taxable","13":"purchasable","14":"product-type-variable"},"acf":[],"yoast_head":"<!-- This site is optimized with the Yoast SEO plugin v24.7 - https:\/\/yoast.com\/wordpress\/plugins\/seo\/ -->\n<title>Ov\u00ed i capr\u00ed - Fortu\u00f1o<\/title>\n<meta name=\"robots\" content=\"index, follow, max-snippet:-1, max-image-preview:large, max-video-preview:-1\" \/>\n<link rel=\"canonical\" href=\"https:\/\/www.fortunyo.es\/ca\/product\/ovi-i-capri\" \/>\n<meta property=\"og:locale\" content=\"ca_ES\" \/>\n<meta property=\"og:type\" content=\"article\" \/>\n<meta property=\"og:title\" content=\"Ov\u00ed i capr\u00ed - Fortu\u00f1o\" \/>\n<meta property=\"og:description\" content=\"Freixures de xai. Cap de xai. Cabrit sencer tallat. Cabrit sencer tallat. Fetge de xai. Lletons de xai. Potes de xai. Budells de xai.\" \/>\n<meta property=\"og:url\" content=\"https:\/\/www.fortunyo.es\/ca\/product\/ovi-i-capri\" \/>\n<meta property=\"og:site_name\" content=\"Fortu\u00f1o\" \/>\n<meta property=\"article:modified_time\" content=\"2025-04-14T15:12:46+00:00\" \/>\n<meta property=\"og:image\" content=\"https:\/\/www.fortunyo.es\/wp-content\/uploads\/2024\/10\/pexels-jonathanborba-14635232-scaled.jpg\" \/>\n\t<meta property=\"og:image:width\" content=\"2560\" \/>\n\t<meta property=\"og:image:height\" content=\"1707\" \/>\n\t<meta property=\"og:image:type\" content=\"image\/jpeg\" \/>\n<meta name=\"twitter:card\" content=\"summary_large_image\" \/>\n<script type=\"application\/ld+json\" class=\"yoast-schema-graph\">{\"@context\":\"https:\/\/schema.org\",\"@graph\":[{\"@type\":\"WebPage\",\"@id\":\"https:\/\/www.fortunyo.es\/ca\/product\/ovi-i-capri\",\"url\":\"https:\/\/www.fortunyo.es\/ca\/product\/ovi-i-capri\",\"name\":\"Ov\u00ed i capr\u00ed - Fortu\u00f1o\",\"isPartOf\":{\"@id\":\"https:\/\/www.fortunyo.es\/ca#website\"},\"primaryImageOfPage\":{\"@id\":\"https:\/\/www.fortunyo.es\/ca\/product\/ovi-i-capri#primaryimage\"},\"image\":{\"@id\":\"https:\/\/www.fortunyo.es\/ca\/product\/ovi-i-capri#primaryimage\"},\"thumbnailUrl\":\"https:\/\/www.fortunyo.es\/wp-content\/uploads\/2024\/10\/pexels-jonathanborba-14635232-scaled.jpg\",\"datePublished\":\"2024-10-24T10:33:37+00:00\",\"dateModified\":\"2025-04-14T15:12:46+00:00\",\"breadcrumb\":{\"@id\":\"https:\/\/www.fortunyo.es\/ca\/product\/ovi-i-capri#breadcrumb\"},\"inLanguage\":\"ca\",\"potentialAction\":[{\"@type\":\"ReadAction\",\"target\":[\"https:\/\/www.fortunyo.es\/ca\/product\/ovi-i-capri\"]}]},{\"@type\":\"ImageObject\",\"inLanguage\":\"ca\",\"@id\":\"https:\/\/www.fortunyo.es\/ca\/product\/ovi-i-capri#primaryimage\",\"url\":\"https:\/\/www.fortunyo.es\/wp-content\/uploads\/2024\/10\/pexels-jonathanborba-14635232-scaled.jpg\",\"contentUrl\":\"https:\/\/www.fortunyo.es\/wp-content\/uploads\/2024\/10\/pexels-jonathanborba-14635232-scaled.jpg\",\"width\":2560,\"height\":1707,\"caption\":\"carn ov\u00ed i capr\u00ed carns fortunyo\"},{\"@type\":\"BreadcrumbList\",\"@id\":\"https:\/\/www.fortunyo.es\/ca\/product\/ovi-i-capri#breadcrumb\",\"itemListElement\":[{\"@type\":\"ListItem\",\"position\":1,\"name\":\"Portada\",\"item\":\"https:\/\/www.fortunyo.es\/ca\"},{\"@type\":\"ListItem\",\"position\":2,\"name\":\"Productes\",\"item\":\"https:\/\/www.fortunyo.es\/ca\/productes\"},{\"@type\":\"ListItem\",\"position\":3,\"name\":\"Ov\u00ed i capr\u00ed\"}]},{\"@type\":\"WebSite\",\"@id\":\"https:\/\/www.fortunyo.es\/ca#website\",\"url\":\"https:\/\/www.fortunyo.es\/ca\",\"name\":\"Fortu\u00f1o\",\"description\":\"Carns i menuts\",\"potentialAction\":[{\"@type\":\"SearchAction\",\"target\":{\"@type\":\"EntryPoint\",\"urlTemplate\":\"https:\/\/www.fortunyo.es\/ca?s={search_term_string}\"},\"query-input\":{\"@type\":\"PropertyValueSpecification\",\"valueRequired\":true,\"valueName\":\"search_term_string\"}}],\"inLanguage\":\"ca\"}]}<\/script>\n<!-- \/ Yoast SEO plugin. -->","yoast_head_json":{"title":"Ov\u00ed i capr\u00ed - Fortu\u00f1o","robots":{"index":"index","follow":"follow","max-snippet":"max-snippet:-1","max-image-preview":"max-image-preview:large","max-video-preview":"max-video-preview:-1"},"canonical":"https:\/\/www.fortunyo.es\/ca\/product\/ovi-i-capri","og_locale":"ca_ES","og_type":"article","og_title":"Ov\u00ed i capr\u00ed - Fortu\u00f1o","og_description":"Freixures de xai. Cap de xai. Cabrit sencer tallat. Cabrit sencer tallat. Fetge de xai. Lletons de xai. Potes de xai. Budells de xai.","og_url":"https:\/\/www.fortunyo.es\/ca\/product\/ovi-i-capri","og_site_name":"Fortu\u00f1o","article_modified_time":"2025-04-14T15:12:46+00:00","og_image":[{"width":2560,"height":1707,"url":"https:\/\/www.fortunyo.es\/wp-content\/uploads\/2024\/10\/pexels-jonathanborba-14635232-scaled.jpg","type":"image\/jpeg"}],"twitter_card":"summary_large_image","schema":{"@context":"https:\/\/schema.org","@graph":[{"@type":"WebPage","@id":"https:\/\/www.fortunyo.es\/ca\/product\/ovi-i-capri","url":"https:\/\/www.fortunyo.es\/ca\/product\/ovi-i-capri","name":"Ov\u00ed i capr\u00ed - Fortu\u00f1o","isPartOf":{"@id":"https:\/\/www.fortunyo.es\/ca#website"},"primaryImageOfPage":{"@id":"https:\/\/www.fortunyo.es\/ca\/product\/ovi-i-capri#primaryimage"},"image":{"@id":"https:\/\/www.fortunyo.es\/ca\/product\/ovi-i-capri#primaryimage"},"thumbnailUrl":"https:\/\/www.fortunyo.es\/wp-content\/uploads\/2024\/10\/pexels-jonathanborba-14635232-scaled.jpg","datePublished":"2024-10-24T10:33:37+00:00","dateModified":"2025-04-14T15:12:46+00:00","breadcrumb":{"@id":"https:\/\/www.fortunyo.es\/ca\/product\/ovi-i-capri#breadcrumb"},"inLanguage":"ca","potentialAction":[{"@type":"ReadAction","target":["https:\/\/www.fortunyo.es\/ca\/product\/ovi-i-capri"]}]},{"@type":"ImageObject","inLanguage":"ca","@id":"https:\/\/www.fortunyo.es\/ca\/product\/ovi-i-capri#primaryimage","url":"https:\/\/www.fortunyo.es\/wp-content\/uploads\/2024\/10\/pexels-jonathanborba-14635232-scaled.jpg","contentUrl":"https:\/\/www.fortunyo.es\/wp-content\/uploads\/2024\/10\/pexels-jonathanborba-14635232-scaled.jpg","width":2560,"height":1707,"caption":"carn ov\u00ed i capr\u00ed carns fortunyo"},{"@type":"BreadcrumbList","@id":"https:\/\/www.fortunyo.es\/ca\/product\/ovi-i-capri#breadcrumb","itemListElement":[{"@type":"ListItem","position":1,"name":"Portada","item":"https:\/\/www.fortunyo.es\/ca"},{"@type":"ListItem","position":2,"name":"Productes","item":"https:\/\/www.fortunyo.es\/ca\/productes"},{"@type":"ListItem","position":3,"name":"Ov\u00ed i capr\u00ed"}]},{"@type":"WebSite","@id":"https:\/\/www.fortunyo.es\/ca#website","url":"https:\/\/www.fortunyo.es\/ca","name":"Fortu\u00f1o","description":"Carns i menuts","potentialAction":[{"@type":"SearchAction","target":{"@type":"EntryPoint","urlTemplate":"https:\/\/www.fortunyo.es\/ca?s={search_term_string}"},"query-input":{"@type":"PropertyValueSpecification","valueRequired":true,"valueName":"search_term_string"}}],"inLanguage":"ca"}]}},"_links":{"self":[{"href":"https:\/\/www.fortunyo.es\/ca\/wp-json\/wp\/v2\/product\/38226","targetHints":{"allow":["GET"]}}],"collection":[{"href":"https:\/\/www.fortunyo.es\/ca\/wp-json\/wp\/v2\/product"}],"about":[{"href":"https:\/\/www.fortunyo.es\/ca\/wp-json\/wp\/v2\/types\/product"}],"replies":[{"embeddable":true,"href":"https:\/\/www.fortunyo.es\/ca\/wp-json\/wp\/v2\/comments?post=38226"}],"version-history":[{"count":1,"href":"https:\/\/www.fortunyo.es\/ca\/wp-json\/wp\/v2\/product\/38226\/revisions"}],"predecessor-version":[{"id":38443,"href":"https:\/\/www.fortunyo.es\/ca\/wp-json\/wp\/v2\/product\/38226\/revisions\/38443"}],"wp:featuredmedia":[{"embeddable":true,"href":"https:\/\/www.fortunyo.es\/ca\/wp-json\/wp\/v2\/media\/38099"}],"wp:attachment":[{"href":"https:\/\/www.fortunyo.es\/ca\/wp-json\/wp\/v2\/media?parent=38226"}],"wp:term":[{"taxonomy":"product_brand","embeddable":true,"href":"https:\/\/www.fortunyo.es\/ca\/wp-json\/wp\/v2\/product_brand?post=38226"},{"taxonomy":"product_cat","embeddable":true,"href":"https:\/\/www.fortunyo.es\/ca\/wp-json\/wp\/v2\/product_cat?post=38226"},{"taxonomy":"product_tag","embeddable":true,"href":"https:\/\/www.fortunyo.es\/ca\/wp-json\/wp\/v2\/product_tag?post=38226"}],"curies":[{"name":"wp","href":"https:\/\/api.w.org\/{rel}","templated":true}]}}