{"id":38509,"date":"2023-02-22T16:03:50","date_gmt":"2023-02-22T16:03:50","guid":{"rendered":"https:\/\/www.fortunyo.es\/nous"},"modified":"2025-04-15T08:45:13","modified_gmt":"2025-04-15T08:45:13","slug":"nous","status":"publish","type":"page","link":"https:\/\/www.fortunyo.es\/fr\/nous","title":{"rendered":"Nous"},"content":{"rendered":"\t\t<div data-elementor-type=\"wp-page\" data-elementor-id=\"38509\" class=\"elementor elementor-38509 elementor-29547\">\n\t\t\t\t\t\t<section class=\"elementor-section elementor-top-section elementor-element elementor-element-db85bca elementor-section-height-min-height elementor-section-items-bottom elementor-section-boxed elementor-section-height-default cmsmasters-block-default\" data-id=\"db85bca\" data-element_type=\"section\" data-settings=\"{&quot;background_background&quot;:&quot;classic&quot;}\">\n\t\t\t\t\t\t\t<div class=\"elementor-background-overlay\"><\/div>\n\t\t\t\t\t\t\t<div class=\"elementor-container elementor-column-gap-wide\">\n\t\t\t\t\t<div class=\"elementor-column elementor-col-100 elementor-top-column elementor-element elementor-element-283b4f9\" data-id=\"283b4f9\" data-element_type=\"column\">\n\t\t\t<div class=\"elementor-widget-wrap elementor-element-populated\">\n\t\t\t\t\t\t<section class=\"elementor-section elementor-inner-section elementor-element elementor-element-f503ee0 elementor-section-full_width elementor-section-height-default elementor-section-height-default cmsmasters-block-default\" data-id=\"f503ee0\" data-element_type=\"section\">\n\t\t\t\t\t\t<div class=\"elementor-container elementor-column-gap-no\">\n\t\t\t\t\t<div class=\"elementor-column elementor-col-100 elementor-inner-column elementor-element elementor-element-6627837\" data-id=\"6627837\" data-element_type=\"column\">\n\t\t\t<div class=\"elementor-widget-wrap elementor-element-populated\">\n\t\t\t\t\t\t<div class=\"elementor-element elementor-element-9245000 cmsmasters-block-default cmsmasters-sticky-default elementor-widget elementor-widget-heading\" data-id=\"9245000\" data-element_type=\"widget\" data-widget_type=\"heading.default\">\n\t\t\t\t<div class=\"elementor-widget-container\">\n\t\t\t\t\t<h1 class=\"elementor-heading-title elementor-size-default\">Archives<\/h1>\t\t\t\t<\/div>\n\t\t\t\t<\/div>\n\t\t\t\t\t<\/div>\n\t\t<\/div>\n\t\t\t\t\t<\/div>\n\t\t<\/section>\n\t\t\t\t\t<\/div>\n\t\t<\/div>\n\t\t\t\t\t<\/div>\n\t\t<\/section>\n\t\t\t\t<section class=\"elementor-section elementor-top-section elementor-element elementor-element-a412778 elementor-section-content-middle elementor-section-boxed elementor-section-height-default elementor-section-height-default cmsmasters-block-default\" data-id=\"a412778\" data-element_type=\"section\">\n\t\t\t\t\t\t<div class=\"elementor-container elementor-column-gap-wide\">\n\t\t\t\t\t<div class=\"elementor-column elementor-col-50 elementor-top-column elementor-element elementor-element-60a8400\" data-id=\"60a8400\" data-element_type=\"column\">\n\t\t\t<div class=\"elementor-widget-wrap elementor-element-populated\">\n\t\t\t\t\t\t<div class=\"elementor-element elementor-element-f142b58 cmsmasters-block-default cmsmasters-sticky-default elementor-widget elementor-widget-image\" data-id=\"f142b58\" data-element_type=\"widget\" data-widget_type=\"image.default\">\n\t\t\t\t<div class=\"elementor-widget-container\">\n\t\t\t\t\t\t\t\t\t\t\t\t\t\t\t<img fetchpriority=\"high\" decoding=\"async\" width=\"4240\" height=\"2384\" src=\"https:\/\/www.fortunyo.es\/wp-content\/uploads\/2023\/02\/MORRO-DE-PORC-TALLAT-I-ADOBAT-1-30x17.png\" class=\"attachment-full size-full wp-image-36397 cmsmasters_img cmsmasters-lazyload lazyload\" alt=\"morro de cerdo cortado y adobado carns fortunyo\" data-sizes=\"(max-width: 4240px) 100vw, 4240px\" data-src=\"https:\/\/www.fortunyo.es\/wp-content\/uploads\/2023\/02\/MORRO-DE-PORC-TALLAT-I-ADOBAT-1.png\" data-srcset=\"https:\/\/www.fortunyo.es\/wp-content\/uploads\/2023\/02\/MORRO-DE-PORC-TALLAT-I-ADOBAT-1.png 4240w, https:\/\/www.fortunyo.es\/wp-content\/uploads\/2023\/02\/MORRO-DE-PORC-TALLAT-I-ADOBAT-1-600x337.png 600w, https:\/\/www.fortunyo.es\/wp-content\/uploads\/2023\/02\/MORRO-DE-PORC-TALLAT-I-ADOBAT-1-300x169.png 300w, https:\/\/www.fortunyo.es\/wp-content\/uploads\/2023\/02\/MORRO-DE-PORC-TALLAT-I-ADOBAT-1-1024x576.png 1024w, https:\/\/www.fortunyo.es\/wp-content\/uploads\/2023\/02\/MORRO-DE-PORC-TALLAT-I-ADOBAT-1-768x432.png 768w, https:\/\/www.fortunyo.es\/wp-content\/uploads\/2023\/02\/MORRO-DE-PORC-TALLAT-I-ADOBAT-1-1536x864.png 1536w, https:\/\/www.fortunyo.es\/wp-content\/uploads\/2023\/02\/MORRO-DE-PORC-TALLAT-I-ADOBAT-1-2048x1152.png 2048w, https:\/\/www.fortunyo.es\/wp-content\/uploads\/2023\/02\/MORRO-DE-PORC-TALLAT-I-ADOBAT-1-534x300.png 534w, https:\/\/www.fortunyo.es\/wp-content\/uploads\/2023\/02\/MORRO-DE-PORC-TALLAT-I-ADOBAT-1-30x16.png 30w, https:\/\/www.fortunyo.es\/wp-content\/uploads\/2023\/02\/MORRO-DE-PORC-TALLAT-I-ADOBAT-1-18x10.png 18w\" srcset=\"https:\/\/www.fortunyo.es\/wp-content\/uploads\/2023\/02\/MORRO-DE-PORC-TALLAT-I-ADOBAT-1-30x16.png 30w, https:\/\/www.fortunyo.es\/wp-content\/uploads\/2023\/02\/MORRO-DE-PORC-TALLAT-I-ADOBAT-1-600x337.png 600w, https:\/\/www.fortunyo.es\/wp-content\/uploads\/2023\/02\/MORRO-DE-PORC-TALLAT-I-ADOBAT-1-300x169.png 300w, https:\/\/www.fortunyo.es\/wp-content\/uploads\/2023\/02\/MORRO-DE-PORC-TALLAT-I-ADOBAT-1-1024x576.png 1024w, https:\/\/www.fortunyo.es\/wp-content\/uploads\/2023\/02\/MORRO-DE-PORC-TALLAT-I-ADOBAT-1-768x432.png 768w, https:\/\/www.fortunyo.es\/wp-content\/uploads\/2023\/02\/MORRO-DE-PORC-TALLAT-I-ADOBAT-1-1536x864.png 1536w, https:\/\/www.fortunyo.es\/wp-content\/uploads\/2023\/02\/MORRO-DE-PORC-TALLAT-I-ADOBAT-1-2048x1152.png 2048w, https:\/\/www.fortunyo.es\/wp-content\/uploads\/2023\/02\/MORRO-DE-PORC-TALLAT-I-ADOBAT-1-534x300.png 534w, https:\/\/www.fortunyo.es\/wp-content\/uploads\/2023\/02\/MORRO-DE-PORC-TALLAT-I-ADOBAT-1-18x10.png 18w\" sizes=\"(max-width: 4240px) 100vw, 4240px\" \/>\t\t\t\t\t\t\t\t\t\t\t\t\t\t\t<\/div>\n\t\t\t\t<\/div>\n\t\t\t\t\t<\/div>\n\t\t<\/div>\n\t\t\t\t<div class=\"elementor-column elementor-col-50 elementor-top-column elementor-element elementor-element-3595822\" data-id=\"3595822\" data-element_type=\"column\">\n\t\t\t<div class=\"elementor-widget-wrap elementor-element-populated\">\n\t\t\t\t\t\t<div class=\"elementor-element elementor-element-787dc8d cmsmasters-block-default cmsmasters-sticky-default elementor-widget elementor-widget-text-editor\" data-id=\"787dc8d\" data-element_type=\"widget\" data-widget_type=\"text-editor.default\">\n\t\t\t\t<div class=\"elementor-widget-container\">\n\t\t\t\t\t\t\t\t\t<h2>Engagement envers la qualit\u00e9<\/h2>\t\t\t\t\t\t\t\t<\/div>\n\t\t\t\t<\/div>\n\t\t\t\t<div class=\"elementor-element elementor-element-4a30eb9 cmsmasters-block-default cmsmasters-sticky-default elementor-widget elementor-widget-text-editor\" data-id=\"4a30eb9\" data-element_type=\"widget\" data-widget_type=\"text-editor.default\">\n\t\t\t\t<div class=\"elementor-widget-container\">\n\t\t\t\t\t\t\t\t\t<p>Chez <strong>Fortu\u00f1o<\/strong>, nous nous consacrons avec passion \u00e0 la production de viandes et d&rsquo;abats artisanaux \u00e0 Lleida depuis plus de 60 ans. Nos origines sont profond\u00e9ment li\u00e9es aux traditions culinaires, et depuis nos d\u00e9buts, nous sommes rest\u00e9s fid\u00e8les aux proc\u00e9d\u00e9s artisanaux qui garantissent la saveur authentique du fait maison dans chacun de nos produits.<\/p>\t\t\t\t\t\t\t\t<\/div>\n\t\t\t\t<\/div>\n\t\t\t\t\t<\/div>\n\t\t<\/div>\n\t\t\t\t\t<\/div>\n\t\t<\/section>\n\t\t\t\t<section class=\"elementor-section elementor-top-section elementor-element elementor-element-0cf3b81 elementor-section-content-middle elementor-section-boxed elementor-section-height-default elementor-section-height-default cmsmasters-block-default\" data-id=\"0cf3b81\" data-element_type=\"section\">\n\t\t\t\t\t\t<div class=\"elementor-container elementor-column-gap-wide\">\n\t\t\t\t\t<div class=\"elementor-column elementor-col-50 elementor-top-column elementor-element elementor-element-3f1831f\" data-id=\"3f1831f\" data-element_type=\"column\">\n\t\t\t<div class=\"elementor-widget-wrap elementor-element-populated\">\n\t\t\t\t\t\t<div class=\"elementor-element elementor-element-750cfb1 cmsmasters-block-default cmsmasters-sticky-default elementor-widget elementor-widget-heading\" data-id=\"750cfb1\" data-element_type=\"widget\" data-widget_type=\"heading.default\">\n\t\t\t\t<div class=\"elementor-widget-container\">\n\t\t\t\t\t<h2 class=\"elementor-heading-title elementor-size-default\">Plus de 60 ans de tradition<\/h2>\t\t\t\t<\/div>\n\t\t\t\t<\/div>\n\t\t\t\t<div class=\"elementor-element elementor-element-8177721 cmsmasters-block-default cmsmasters-sticky-default elementor-widget elementor-widget-text-editor\" data-id=\"8177721\" data-element_type=\"widget\" data-widget_type=\"text-editor.default\">\n\t\t\t\t<div class=\"elementor-widget-container\">\n\t\t\t\t\t\t\t\t\t<p><strong>Carns i Menuts Fortu\u00f1o<\/strong> est n\u00e9 il y a plus de 60 ans \u00e0 <strong>Lleida<\/strong>, par <strong>Josep Fortu\u00f1o<\/strong>. D\u00e8s le premier jour, nous nous sommes sp\u00e9cialis\u00e9s dans le secteur de la viande, en concentrant nos efforts sur la production <strong>d&rsquo;abats et d&rsquo;abats<\/strong>. Avec sa vision claire et sa passion pour la qualit\u00e9, il a pos\u00e9 les bases de ce que nous sommes aujourd&rsquo;hui : une entreprise engag\u00e9e \u00e0 offrir d&rsquo;excellents produits, toujours guid\u00e9e par deux valeurs fondamentales : un <strong>service client de proximit\u00e9<\/strong> et la <strong>plus haute qualit\u00e9<\/strong> dans tout ce que nous faisons.<\/p>\t\t\t\t\t\t\t\t<\/div>\n\t\t\t\t<\/div>\n\t\t\t\t\t<\/div>\n\t\t<\/div>\n\t\t\t\t<div class=\"elementor-column elementor-col-50 elementor-top-column elementor-element elementor-element-8b75f87\" data-id=\"8b75f87\" data-element_type=\"column\">\n\t\t\t<div class=\"elementor-widget-wrap elementor-element-populated\">\n\t\t\t\t\t\t<div class=\"elementor-element elementor-element-9c5e81b cmsmasters-block-default cmsmasters-sticky-default elementor-widget elementor-widget-image\" data-id=\"9c5e81b\" data-element_type=\"widget\" data-widget_type=\"image.default\">\n\t\t\t\t<div class=\"elementor-widget-container\">\n\t\t\t\t\t\t\t\t\t\t\t\t\t\t\t<img decoding=\"async\" width=\"2381\" height=\"3194\" src=\"https:\/\/www.fortunyo.es\/wp-content\/uploads\/2024\/09\/2-e1726479124893-30x40.png\" class=\"attachment-full size-full wp-image-36477 cmsmasters_img cmsmasters-lazyload lazyload\" alt=\"sobre nosotros equipo carns fortunyo\" data-sizes=\"(max-width: 2381px) 100vw, 2381px\" data-src=\"https:\/\/www.fortunyo.es\/wp-content\/uploads\/2024\/09\/2-e1726479124893.png\" data-srcset=\"https:\/\/www.fortunyo.es\/wp-content\/uploads\/2024\/09\/2-e1726479124893.png 2381w, https:\/\/www.fortunyo.es\/wp-content\/uploads\/2024\/09\/2-e1726479124893-600x805.png 600w, https:\/\/www.fortunyo.es\/wp-content\/uploads\/2024\/09\/2-e1726479124893-224x300.png 224w, https:\/\/www.fortunyo.es\/wp-content\/uploads\/2024\/09\/2-e1726479124893-763x1024.png 763w, https:\/\/www.fortunyo.es\/wp-content\/uploads\/2024\/09\/2-e1726479124893-768x1030.png 768w, https:\/\/www.fortunyo.es\/wp-content\/uploads\/2024\/09\/2-e1726479124893-1145x1536.png 1145w, https:\/\/www.fortunyo.es\/wp-content\/uploads\/2024\/09\/2-e1726479124893-1527x2048.png 1527w, https:\/\/www.fortunyo.es\/wp-content\/uploads\/2024\/09\/2-e1726479124893-30x40.png 30w, https:\/\/www.fortunyo.es\/wp-content\/uploads\/2024\/09\/2-e1726479124893-7x10.png 7w\" srcset=\"https:\/\/www.fortunyo.es\/wp-content\/uploads\/2024\/09\/2-e1726479124893-30x40.png 30w, https:\/\/www.fortunyo.es\/wp-content\/uploads\/2024\/09\/2-e1726479124893-600x805.png 600w, https:\/\/www.fortunyo.es\/wp-content\/uploads\/2024\/09\/2-e1726479124893-224x300.png 224w, https:\/\/www.fortunyo.es\/wp-content\/uploads\/2024\/09\/2-e1726479124893-763x1024.png 763w, https:\/\/www.fortunyo.es\/wp-content\/uploads\/2024\/09\/2-e1726479124893-768x1030.png 768w, https:\/\/www.fortunyo.es\/wp-content\/uploads\/2024\/09\/2-e1726479124893-1145x1536.png 1145w, https:\/\/www.fortunyo.es\/wp-content\/uploads\/2024\/09\/2-e1726479124893-1527x2048.png 1527w, https:\/\/www.fortunyo.es\/wp-content\/uploads\/2024\/09\/2-e1726479124893-7x10.png 7w\" sizes=\"(max-width: 2381px) 100vw, 2381px\" \/>\t\t\t\t\t\t\t\t\t\t\t\t\t\t\t<\/div>\n\t\t\t\t<\/div>\n\t\t\t\t\t<\/div>\n\t\t<\/div>\n\t\t\t\t\t<\/div>\n\t\t<\/section>\n\t\t\t\t<\/div>\n\t\t","protected":false},"excerpt":{"rendered":"<p>Engagement envers la qualit\u00e9 Chez Fortu\u00f1o, nous nous consacrons avec passion \u00e0 la production de viandes et d&rsquo;abats artisanaux \u00e0 Lleida depuis plus de 60 ans. Nos origines sont profond\u00e9ment li\u00e9es aux traditions culinaires, et depuis nos d\u00e9buts, nous sommes rest\u00e9s fid\u00e8les aux proc\u00e9d\u00e9s artisanaux qui garantissent la saveur authentique du fait maison dans chacun&#8230;<\/p>\n","protected":false},"author":1,"featured_media":0,"parent":0,"menu_order":0,"comment_status":"closed","ping_status":"closed","template":"","meta":{"_acf_changed":false,"footnotes":""},"class_list":["post-38509","page","type-page","status-publish","hentry"],"acf":[],"yoast_head":"<!-- This site is optimized with the Yoast SEO plugin v24.7 - https:\/\/yoast.com\/wordpress\/plugins\/seo\/ -->\n<title>Nous - Fortu\u00f1o<\/title>\n<meta name=\"description\" content=\"Chez Fortu\u00f1o, nous nous consacrons avec passion \u00e0 la production de viandes et d&#039;abats artisanaux \u00e0 Lleida depuis plus de 60 ans.\" \/>\n<meta name=\"robots\" content=\"index, follow, max-snippet:-1, max-image-preview:large, max-video-preview:-1\" \/>\n<link rel=\"canonical\" href=\"https:\/\/www.fortunyo.es\/fr\/nous\" \/>\n<meta property=\"og:locale\" content=\"fr_FR\" \/>\n<meta property=\"og:type\" content=\"article\" \/>\n<meta property=\"og:title\" content=\"Nous - Fortu\u00f1o\" \/>\n<meta property=\"og:description\" content=\"Chez Fortu\u00f1o, nous nous consacrons avec passion \u00e0 la production de viandes et d&#039;abats artisanaux \u00e0 Lleida depuis plus de 60 ans.\" \/>\n<meta property=\"og:url\" content=\"https:\/\/www.fortunyo.es\/fr\/nous\" \/>\n<meta property=\"og:site_name\" content=\"Fortu\u00f1o\" \/>\n<meta property=\"article:modified_time\" content=\"2025-04-15T08:45:13+00:00\" \/>\n<meta property=\"og:image\" content=\"https:\/\/www.fortunyo.es\/wp-content\/uploads\/2023\/02\/MORRO-DE-PORC-TALLAT-I-ADOBAT-1-1024x576.png\" \/>\n\t<meta property=\"og:image:width\" content=\"1024\" \/>\n\t<meta property=\"og:image:height\" content=\"576\" \/>\n\t<meta property=\"og:image:type\" content=\"image\/png\" \/>\n<meta name=\"twitter:card\" content=\"summary_large_image\" \/>\n<meta name=\"twitter:label1\" content=\"Dur\u00e9e de lecture estim\u00e9e\" \/>\n\t<meta name=\"twitter:data1\" content=\"1 minute\" \/>\n<script type=\"application\/ld+json\" class=\"yoast-schema-graph\">{\"@context\":\"https:\/\/schema.org\",\"@graph\":[{\"@type\":\"WebPage\",\"@id\":\"https:\/\/www.fortunyo.es\/fr\/nous\",\"url\":\"https:\/\/www.fortunyo.es\/fr\/nous\",\"name\":\"Nous - Fortu\u00f1o\",\"isPartOf\":{\"@id\":\"https:\/\/www.fortunyo.es\/fr#website\"},\"primaryImageOfPage\":{\"@id\":\"https:\/\/www.fortunyo.es\/fr\/nous#primaryimage\"},\"image\":{\"@id\":\"https:\/\/www.fortunyo.es\/fr\/nous#primaryimage\"},\"thumbnailUrl\":\"https:\/\/www.fortunyo.es\/wp-content\/uploads\/2023\/02\/MORRO-DE-PORC-TALLAT-I-ADOBAT-1-30x17.png\",\"datePublished\":\"2023-02-22T16:03:50+00:00\",\"dateModified\":\"2025-04-15T08:45:13+00:00\",\"description\":\"Chez Fortu\u00f1o, nous nous consacrons avec passion \u00e0 la production de viandes et d'abats artisanaux \u00e0 Lleida depuis plus de 60 ans.\",\"breadcrumb\":{\"@id\":\"https:\/\/www.fortunyo.es\/fr\/nous#breadcrumb\"},\"inLanguage\":\"fr-FR\",\"potentialAction\":[{\"@type\":\"ReadAction\",\"target\":[\"https:\/\/www.fortunyo.es\/fr\/nous\"]}]},{\"@type\":\"ImageObject\",\"inLanguage\":\"fr-FR\",\"@id\":\"https:\/\/www.fortunyo.es\/fr\/nous#primaryimage\",\"url\":\"https:\/\/www.fortunyo.es\/wp-content\/uploads\/2023\/02\/MORRO-DE-PORC-TALLAT-I-ADOBAT-1-30x17.png\",\"contentUrl\":\"https:\/\/www.fortunyo.es\/wp-content\/uploads\/2023\/02\/MORRO-DE-PORC-TALLAT-I-ADOBAT-1-30x17.png\"},{\"@type\":\"BreadcrumbList\",\"@id\":\"https:\/\/www.fortunyo.es\/fr\/nous#breadcrumb\",\"itemListElement\":[{\"@type\":\"ListItem\",\"position\":1,\"name\":\"Portada\",\"item\":\"https:\/\/www.fortunyo.es\/fr\"},{\"@type\":\"ListItem\",\"position\":2,\"name\":\"Nous\"}]},{\"@type\":\"WebSite\",\"@id\":\"https:\/\/www.fortunyo.es\/fr#website\",\"url\":\"https:\/\/www.fortunyo.es\/fr\",\"name\":\"Fortu\u00f1o\",\"description\":\"Carns i menuts\",\"potentialAction\":[{\"@type\":\"SearchAction\",\"target\":{\"@type\":\"EntryPoint\",\"urlTemplate\":\"https:\/\/www.fortunyo.es\/fr?s={search_term_string}\"},\"query-input\":{\"@type\":\"PropertyValueSpecification\",\"valueRequired\":true,\"valueName\":\"search_term_string\"}}],\"inLanguage\":\"fr-FR\"}]}<\/script>\n<!-- \/ Yoast SEO plugin. -->","yoast_head_json":{"title":"Nous - Fortu\u00f1o","description":"Chez Fortu\u00f1o, nous nous consacrons avec passion \u00e0 la production de viandes et d'abats artisanaux \u00e0 Lleida depuis plus de 60 ans.","robots":{"index":"index","follow":"follow","max-snippet":"max-snippet:-1","max-image-preview":"max-image-preview:large","max-video-preview":"max-video-preview:-1"},"canonical":"https:\/\/www.fortunyo.es\/fr\/nous","og_locale":"fr_FR","og_type":"article","og_title":"Nous - Fortu\u00f1o","og_description":"Chez Fortu\u00f1o, nous nous consacrons avec passion \u00e0 la production de viandes et d'abats artisanaux \u00e0 Lleida depuis plus de 60 ans.","og_url":"https:\/\/www.fortunyo.es\/fr\/nous","og_site_name":"Fortu\u00f1o","article_modified_time":"2025-04-15T08:45:13+00:00","og_image":[{"width":1024,"height":576,"url":"https:\/\/www.fortunyo.es\/wp-content\/uploads\/2023\/02\/MORRO-DE-PORC-TALLAT-I-ADOBAT-1-1024x576.png","type":"image\/png"}],"twitter_card":"summary_large_image","twitter_misc":{"Dur\u00e9e de lecture estim\u00e9e":"1 minute"},"schema":{"@context":"https:\/\/schema.org","@graph":[{"@type":"WebPage","@id":"https:\/\/www.fortunyo.es\/fr\/nous","url":"https:\/\/www.fortunyo.es\/fr\/nous","name":"Nous - Fortu\u00f1o","isPartOf":{"@id":"https:\/\/www.fortunyo.es\/fr#website"},"primaryImageOfPage":{"@id":"https:\/\/www.fortunyo.es\/fr\/nous#primaryimage"},"image":{"@id":"https:\/\/www.fortunyo.es\/fr\/nous#primaryimage"},"thumbnailUrl":"https:\/\/www.fortunyo.es\/wp-content\/uploads\/2023\/02\/MORRO-DE-PORC-TALLAT-I-ADOBAT-1-30x17.png","datePublished":"2023-02-22T16:03:50+00:00","dateModified":"2025-04-15T08:45:13+00:00","description":"Chez Fortu\u00f1o, nous nous consacrons avec passion \u00e0 la production de viandes et d'abats artisanaux \u00e0 Lleida depuis plus de 60 ans.","breadcrumb":{"@id":"https:\/\/www.fortunyo.es\/fr\/nous#breadcrumb"},"inLanguage":"fr-FR","potentialAction":[{"@type":"ReadAction","target":["https:\/\/www.fortunyo.es\/fr\/nous"]}]},{"@type":"ImageObject","inLanguage":"fr-FR","@id":"https:\/\/www.fortunyo.es\/fr\/nous#primaryimage","url":"https:\/\/www.fortunyo.es\/wp-content\/uploads\/2023\/02\/MORRO-DE-PORC-TALLAT-I-ADOBAT-1-30x17.png","contentUrl":"https:\/\/www.fortunyo.es\/wp-content\/uploads\/2023\/02\/MORRO-DE-PORC-TALLAT-I-ADOBAT-1-30x17.png"},{"@type":"BreadcrumbList","@id":"https:\/\/www.fortunyo.es\/fr\/nous#breadcrumb","itemListElement":[{"@type":"ListItem","position":1,"name":"Portada","item":"https:\/\/www.fortunyo.es\/fr"},{"@type":"ListItem","position":2,"name":"Nous"}]},{"@type":"WebSite","@id":"https:\/\/www.fortunyo.es\/fr#website","url":"https:\/\/www.fortunyo.es\/fr","name":"Fortu\u00f1o","description":"Carns i menuts","potentialAction":[{"@type":"SearchAction","target":{"@type":"EntryPoint","urlTemplate":"https:\/\/www.fortunyo.es\/fr?s={search_term_string}"},"query-input":{"@type":"PropertyValueSpecification","valueRequired":true,"valueName":"search_term_string"}}],"inLanguage":"fr-FR"}]}},"_links":{"self":[{"href":"https:\/\/www.fortunyo.es\/fr\/wp-json\/wp\/v2\/pages\/38509","targetHints":{"allow":["GET"]}}],"collection":[{"href":"https:\/\/www.fortunyo.es\/fr\/wp-json\/wp\/v2\/pages"}],"about":[{"href":"https:\/\/www.fortunyo.es\/fr\/wp-json\/wp\/v2\/types\/page"}],"author":[{"embeddable":true,"href":"https:\/\/www.fortunyo.es\/fr\/wp-json\/wp\/v2\/users\/1"}],"replies":[{"embeddable":true,"href":"https:\/\/www.fortunyo.es\/fr\/wp-json\/wp\/v2\/comments?post=38509"}],"version-history":[{"count":1,"href":"https:\/\/www.fortunyo.es\/fr\/wp-json\/wp\/v2\/pages\/38509\/revisions"}],"predecessor-version":[{"id":38510,"href":"https:\/\/www.fortunyo.es\/fr\/wp-json\/wp\/v2\/pages\/38509\/revisions\/38510"}],"wp:attachment":[{"href":"https:\/\/www.fortunyo.es\/fr\/wp-json\/wp\/v2\/media?parent=38509"}],"curies":[{"name":"wp","href":"https:\/\/api.w.org\/{rel}","templated":true}]}}