{"id":38514,"date":"2024-10-24T10:33:37","date_gmt":"2024-10-24T10:33:37","guid":{"rendered":"https:\/\/www.fortunyo.es\/product\/moutons-et-chevres"},"modified":"2024-10-24T10:33:37","modified_gmt":"2024-10-24T10:33:37","slug":"moutons-et-chevres","status":"publish","type":"product","link":"https:\/\/www.fortunyo.es\/fr\/product\/moutons-et-chevres","title":{"rendered":"Moutons et ch\u00e8vres"},"content":{"rendered":"<ul>\n<li>Abats d&rsquo;agneau.<\/li>\n<li>T\u00eate d&rsquo;agneau.<\/li>\n<li>Ch\u00e8vre enti\u00e8re d\u00e9coup\u00e9e.<\/li>\n<li>Agneau entier tranch\u00e9.<\/li>\n<li>Foie d&rsquo;agneau.<\/li>\n<li>Ris d&rsquo;agneau.<\/li>\n<li>Cuisses d&rsquo;agneau.<\/li>\n<li>Tripes d&rsquo;agneau.<\/li>\n<\/ul>\n","protected":false},"excerpt":{"rendered":"<p>Abats d&rsquo;agneau. T\u00eate d&rsquo;agneau. Ch\u00e8vre enti\u00e8re d\u00e9coup\u00e9e. Agneau entier tranch\u00e9. Foie d&rsquo;agneau. Ris d&rsquo;agneau. Cuisses d&rsquo;agneau. Tripes d&rsquo;agneau.<\/p>\n","protected":false},"featured_media":38101,"comment_status":"closed","ping_status":"closed","template":"","meta":{"_acf_changed":false},"product_brand":[],"product_cat":[186,189,185],"product_tag":[],"class_list":{"0":"post-38514","1":"product","2":"type-product","3":"status-publish","4":"has-post-thumbnail","6":"product_cat-chevres","7":"product_cat-moutons","8":"product_cat-viande-fraiche","10":"first","11":"instock","12":"shipping-taxable","13":"purchasable","14":"product-type-variable"},"acf":[],"yoast_head":"<!-- This site is optimized with the Yoast SEO plugin v24.7 - https:\/\/yoast.com\/wordpress\/plugins\/seo\/ -->\n<title>Moutons et ch\u00e8vres - Fortu\u00f1o<\/title>\n<meta name=\"robots\" content=\"index, follow, max-snippet:-1, max-image-preview:large, max-video-preview:-1\" \/>\n<link rel=\"canonical\" href=\"https:\/\/www.fortunyo.es\/fr\/product\/moutons-et-chevres\" \/>\n<meta property=\"og:locale\" content=\"fr_FR\" \/>\n<meta property=\"og:type\" content=\"article\" \/>\n<meta property=\"og:title\" content=\"Moutons et ch\u00e8vres - Fortu\u00f1o\" \/>\n<meta property=\"og:description\" content=\"Abats d&rsquo;agneau. T\u00eate d&rsquo;agneau. Ch\u00e8vre enti\u00e8re d\u00e9coup\u00e9e. Agneau entier tranch\u00e9. Foie d&rsquo;agneau. Ris d&rsquo;agneau. Cuisses d&rsquo;agneau. Tripes d&rsquo;agneau.\" \/>\n<meta property=\"og:url\" content=\"https:\/\/www.fortunyo.es\/fr\/product\/moutons-et-chevres\" \/>\n<meta property=\"og:site_name\" content=\"Fortu\u00f1o\" \/>\n<meta property=\"og:image\" content=\"https:\/\/www.fortunyo.es\/wp-content\/uploads\/2024\/10\/pexels-jonathanborba-14635232-scaled.jpg\" \/>\n\t<meta property=\"og:image:width\" content=\"2560\" \/>\n\t<meta property=\"og:image:height\" content=\"1707\" \/>\n\t<meta property=\"og:image:type\" content=\"image\/jpeg\" \/>\n<meta name=\"twitter:card\" content=\"summary_large_image\" \/>\n<script type=\"application\/ld+json\" class=\"yoast-schema-graph\">{\"@context\":\"https:\/\/schema.org\",\"@graph\":[{\"@type\":\"WebPage\",\"@id\":\"https:\/\/www.fortunyo.es\/fr\/product\/moutons-et-chevres\",\"url\":\"https:\/\/www.fortunyo.es\/fr\/product\/moutons-et-chevres\",\"name\":\"Moutons et ch\u00e8vres - Fortu\u00f1o\",\"isPartOf\":{\"@id\":\"https:\/\/www.fortunyo.es\/fr#website\"},\"primaryImageOfPage\":{\"@id\":\"https:\/\/www.fortunyo.es\/fr\/product\/moutons-et-chevres#primaryimage\"},\"image\":{\"@id\":\"https:\/\/www.fortunyo.es\/fr\/product\/moutons-et-chevres#primaryimage\"},\"thumbnailUrl\":\"https:\/\/www.fortunyo.es\/wp-content\/uploads\/2024\/10\/pexels-jonathanborba-14635232-scaled.jpg\",\"datePublished\":\"2024-10-24T10:33:37+00:00\",\"breadcrumb\":{\"@id\":\"https:\/\/www.fortunyo.es\/fr\/product\/moutons-et-chevres#breadcrumb\"},\"inLanguage\":\"fr-FR\",\"potentialAction\":[{\"@type\":\"ReadAction\",\"target\":[\"https:\/\/www.fortunyo.es\/fr\/product\/moutons-et-chevres\"]}]},{\"@type\":\"ImageObject\",\"inLanguage\":\"fr-FR\",\"@id\":\"https:\/\/www.fortunyo.es\/fr\/product\/moutons-et-chevres#primaryimage\",\"url\":\"https:\/\/www.fortunyo.es\/wp-content\/uploads\/2024\/10\/pexels-jonathanborba-14635232-scaled.jpg\",\"contentUrl\":\"https:\/\/www.fortunyo.es\/wp-content\/uploads\/2024\/10\/pexels-jonathanborba-14635232-scaled.jpg\",\"width\":2560,\"height\":1707,\"caption\":\"moutons et ch\u00e8vres carns fortunyo\"},{\"@type\":\"BreadcrumbList\",\"@id\":\"https:\/\/www.fortunyo.es\/fr\/product\/moutons-et-chevres#breadcrumb\",\"itemListElement\":[{\"@type\":\"ListItem\",\"position\":1,\"name\":\"Portada\",\"item\":\"https:\/\/www.fortunyo.es\/fr\"},{\"@type\":\"ListItem\",\"position\":2,\"name\":\"Produits\",\"item\":\"https:\/\/www.fortunyo.es\/produits\"},{\"@type\":\"ListItem\",\"position\":3,\"name\":\"Moutons et ch\u00e8vres\"}]},{\"@type\":\"WebSite\",\"@id\":\"https:\/\/www.fortunyo.es\/fr#website\",\"url\":\"https:\/\/www.fortunyo.es\/fr\",\"name\":\"Fortu\u00f1o\",\"description\":\"Carns i menuts\",\"potentialAction\":[{\"@type\":\"SearchAction\",\"target\":{\"@type\":\"EntryPoint\",\"urlTemplate\":\"https:\/\/www.fortunyo.es\/fr?s={search_term_string}\"},\"query-input\":{\"@type\":\"PropertyValueSpecification\",\"valueRequired\":true,\"valueName\":\"search_term_string\"}}],\"inLanguage\":\"fr-FR\"}]}<\/script>\n<!-- \/ Yoast SEO plugin. -->","yoast_head_json":{"title":"Moutons et ch\u00e8vres - Fortu\u00f1o","robots":{"index":"index","follow":"follow","max-snippet":"max-snippet:-1","max-image-preview":"max-image-preview:large","max-video-preview":"max-video-preview:-1"},"canonical":"https:\/\/www.fortunyo.es\/fr\/product\/moutons-et-chevres","og_locale":"fr_FR","og_type":"article","og_title":"Moutons et ch\u00e8vres - Fortu\u00f1o","og_description":"Abats d&rsquo;agneau. T\u00eate d&rsquo;agneau. Ch\u00e8vre enti\u00e8re d\u00e9coup\u00e9e. Agneau entier tranch\u00e9. Foie d&rsquo;agneau. Ris d&rsquo;agneau. Cuisses d&rsquo;agneau. Tripes d&rsquo;agneau.","og_url":"https:\/\/www.fortunyo.es\/fr\/product\/moutons-et-chevres","og_site_name":"Fortu\u00f1o","og_image":[{"width":2560,"height":1707,"url":"https:\/\/www.fortunyo.es\/wp-content\/uploads\/2024\/10\/pexels-jonathanborba-14635232-scaled.jpg","type":"image\/jpeg"}],"twitter_card":"summary_large_image","schema":{"@context":"https:\/\/schema.org","@graph":[{"@type":"WebPage","@id":"https:\/\/www.fortunyo.es\/fr\/product\/moutons-et-chevres","url":"https:\/\/www.fortunyo.es\/fr\/product\/moutons-et-chevres","name":"Moutons et ch\u00e8vres - Fortu\u00f1o","isPartOf":{"@id":"https:\/\/www.fortunyo.es\/fr#website"},"primaryImageOfPage":{"@id":"https:\/\/www.fortunyo.es\/fr\/product\/moutons-et-chevres#primaryimage"},"image":{"@id":"https:\/\/www.fortunyo.es\/fr\/product\/moutons-et-chevres#primaryimage"},"thumbnailUrl":"https:\/\/www.fortunyo.es\/wp-content\/uploads\/2024\/10\/pexels-jonathanborba-14635232-scaled.jpg","datePublished":"2024-10-24T10:33:37+00:00","breadcrumb":{"@id":"https:\/\/www.fortunyo.es\/fr\/product\/moutons-et-chevres#breadcrumb"},"inLanguage":"fr-FR","potentialAction":[{"@type":"ReadAction","target":["https:\/\/www.fortunyo.es\/fr\/product\/moutons-et-chevres"]}]},{"@type":"ImageObject","inLanguage":"fr-FR","@id":"https:\/\/www.fortunyo.es\/fr\/product\/moutons-et-chevres#primaryimage","url":"https:\/\/www.fortunyo.es\/wp-content\/uploads\/2024\/10\/pexels-jonathanborba-14635232-scaled.jpg","contentUrl":"https:\/\/www.fortunyo.es\/wp-content\/uploads\/2024\/10\/pexels-jonathanborba-14635232-scaled.jpg","width":2560,"height":1707,"caption":"moutons et ch\u00e8vres carns fortunyo"},{"@type":"BreadcrumbList","@id":"https:\/\/www.fortunyo.es\/fr\/product\/moutons-et-chevres#breadcrumb","itemListElement":[{"@type":"ListItem","position":1,"name":"Portada","item":"https:\/\/www.fortunyo.es\/fr"},{"@type":"ListItem","position":2,"name":"Produits","item":"https:\/\/www.fortunyo.es\/produits"},{"@type":"ListItem","position":3,"name":"Moutons et ch\u00e8vres"}]},{"@type":"WebSite","@id":"https:\/\/www.fortunyo.es\/fr#website","url":"https:\/\/www.fortunyo.es\/fr","name":"Fortu\u00f1o","description":"Carns i menuts","potentialAction":[{"@type":"SearchAction","target":{"@type":"EntryPoint","urlTemplate":"https:\/\/www.fortunyo.es\/fr?s={search_term_string}"},"query-input":{"@type":"PropertyValueSpecification","valueRequired":true,"valueName":"search_term_string"}}],"inLanguage":"fr-FR"}]}},"_links":{"self":[{"href":"https:\/\/www.fortunyo.es\/fr\/wp-json\/wp\/v2\/product\/38514","targetHints":{"allow":["GET"]}}],"collection":[{"href":"https:\/\/www.fortunyo.es\/fr\/wp-json\/wp\/v2\/product"}],"about":[{"href":"https:\/\/www.fortunyo.es\/fr\/wp-json\/wp\/v2\/types\/product"}],"replies":[{"embeddable":true,"href":"https:\/\/www.fortunyo.es\/fr\/wp-json\/wp\/v2\/comments?post=38514"}],"version-history":[{"count":0,"href":"https:\/\/www.fortunyo.es\/fr\/wp-json\/wp\/v2\/product\/38514\/revisions"}],"wp:featuredmedia":[{"embeddable":true,"href":"https:\/\/www.fortunyo.es\/fr\/wp-json\/wp\/v2\/media\/38101"}],"wp:attachment":[{"href":"https:\/\/www.fortunyo.es\/fr\/wp-json\/wp\/v2\/media?parent=38514"}],"wp:term":[{"taxonomy":"product_brand","embeddable":true,"href":"https:\/\/www.fortunyo.es\/fr\/wp-json\/wp\/v2\/product_brand?post=38514"},{"taxonomy":"product_cat","embeddable":true,"href":"https:\/\/www.fortunyo.es\/fr\/wp-json\/wp\/v2\/product_cat?post=38514"},{"taxonomy":"product_tag","embeddable":true,"href":"https:\/\/www.fortunyo.es\/fr\/wp-json\/wp\/v2\/product_tag?post=38514"}],"curies":[{"name":"wp","href":"https:\/\/api.w.org\/{rel}","templated":true}]}}