{"id":38535,"date":"2024-10-24T10:35:51","date_gmt":"2024-10-24T10:35:51","guid":{"rendered":"https:\/\/www.fortunyo.es\/product\/poulet"},"modified":"2024-10-24T10:35:51","modified_gmt":"2024-10-24T10:35:51","slug":"poulet","status":"publish","type":"product","link":"https:\/\/www.fortunyo.es\/fr\/product\/poulet","title":{"rendered":"Poulet"},"content":{"rendered":"<ul>\n<li>\u00c0.<\/li>\n<li>Voitures canadiennes.<\/li>\n<li>Cailles.<\/li>\n<li>Quartiers arri\u00e8re de poulet.<\/li>\n<li>Foie.<\/li>\n<li>Petit jambon.<\/li>\n<li>Poitrine (enti\u00e8re).<\/li>\n<li>Poitrine (tranch\u00e9e).<\/li>\n<li>Pigeonneaux.<\/li>\n<li>Poulet r\u00f4ti (1,3 \u2013 1,4 kg)<\/li>\n<\/ul>\n","protected":false},"excerpt":{"rendered":"<p>\u00c0. Voitures canadiennes. Cailles. Quartiers arri\u00e8re de poulet. Foie. Petit jambon. Poitrine (enti\u00e8re). Poitrine (tranch\u00e9e). Pigeonneaux. Poulet r\u00f4ti (1,3 \u2013 1,4 kg)<\/p>\n","protected":false},"featured_media":38104,"comment_status":"closed","ping_status":"closed","template":"","meta":{"_acf_changed":false},"product_brand":[],"product_cat":[190,185],"product_tag":[],"class_list":{"0":"post-38535","1":"product","2":"type-product","3":"status-publish","4":"has-post-thumbnail","6":"product_cat-poulet","7":"product_cat-viande-fraiche","9":"first","10":"instock","11":"shipping-taxable","12":"purchasable","13":"product-type-variable"},"acf":[],"yoast_head":"<!-- This site is optimized with the Yoast SEO plugin v24.7 - https:\/\/yoast.com\/wordpress\/plugins\/seo\/ -->\n<title>Poulet - Fortu\u00f1o<\/title>\n<meta name=\"robots\" content=\"index, follow, max-snippet:-1, max-image-preview:large, max-video-preview:-1\" \/>\n<link rel=\"canonical\" href=\"https:\/\/www.fortunyo.es\/fr\/product\/poulet\" \/>\n<meta property=\"og:locale\" content=\"fr_FR\" \/>\n<meta property=\"og:type\" content=\"article\" \/>\n<meta property=\"og:title\" content=\"Poulet - Fortu\u00f1o\" \/>\n<meta property=\"og:description\" content=\"\u00c0. Voitures canadiennes. Cailles. Quartiers arri\u00e8re de poulet. Foie. Petit jambon. Poitrine (enti\u00e8re). Poitrine (tranch\u00e9e). Pigeonneaux. Poulet r\u00f4ti (1,3 \u2013 1,4 kg)\" \/>\n<meta property=\"og:url\" content=\"https:\/\/www.fortunyo.es\/fr\/product\/poulet\" \/>\n<meta property=\"og:site_name\" content=\"Fortu\u00f1o\" \/>\n<meta property=\"og:image\" content=\"https:\/\/www.fortunyo.es\/wp-content\/uploads\/2024\/10\/pexels-alexasfotos-2255459-scaled.jpg\" \/>\n\t<meta property=\"og:image:width\" content=\"2560\" \/>\n\t<meta property=\"og:image:height\" content=\"1707\" \/>\n\t<meta property=\"og:image:type\" content=\"image\/jpeg\" \/>\n<meta name=\"twitter:card\" content=\"summary_large_image\" \/>\n<script type=\"application\/ld+json\" class=\"yoast-schema-graph\">{\"@context\":\"https:\/\/schema.org\",\"@graph\":[{\"@type\":\"WebPage\",\"@id\":\"https:\/\/www.fortunyo.es\/fr\/product\/poulet\",\"url\":\"https:\/\/www.fortunyo.es\/fr\/product\/poulet\",\"name\":\"Poulet - Fortu\u00f1o\",\"isPartOf\":{\"@id\":\"https:\/\/www.fortunyo.es\/fr#website\"},\"primaryImageOfPage\":{\"@id\":\"https:\/\/www.fortunyo.es\/fr\/product\/poulet#primaryimage\"},\"image\":{\"@id\":\"https:\/\/www.fortunyo.es\/fr\/product\/poulet#primaryimage\"},\"thumbnailUrl\":\"https:\/\/www.fortunyo.es\/wp-content\/uploads\/2024\/10\/pexels-alexasfotos-2255459-scaled.jpg\",\"datePublished\":\"2024-10-24T10:35:51+00:00\",\"breadcrumb\":{\"@id\":\"https:\/\/www.fortunyo.es\/fr\/product\/poulet#breadcrumb\"},\"inLanguage\":\"fr-FR\",\"potentialAction\":[{\"@type\":\"ReadAction\",\"target\":[\"https:\/\/www.fortunyo.es\/fr\/product\/poulet\"]}]},{\"@type\":\"ImageObject\",\"inLanguage\":\"fr-FR\",\"@id\":\"https:\/\/www.fortunyo.es\/fr\/product\/poulet#primaryimage\",\"url\":\"https:\/\/www.fortunyo.es\/wp-content\/uploads\/2024\/10\/pexels-alexasfotos-2255459-scaled.jpg\",\"contentUrl\":\"https:\/\/www.fortunyo.es\/wp-content\/uploads\/2024\/10\/pexels-alexasfotos-2255459-scaled.jpg\",\"width\":2560,\"height\":1707,\"caption\":\"poulet carns fortunyo\"},{\"@type\":\"BreadcrumbList\",\"@id\":\"https:\/\/www.fortunyo.es\/fr\/product\/poulet#breadcrumb\",\"itemListElement\":[{\"@type\":\"ListItem\",\"position\":1,\"name\":\"Portada\",\"item\":\"https:\/\/www.fortunyo.es\/fr\"},{\"@type\":\"ListItem\",\"position\":2,\"name\":\"Produits\",\"item\":\"https:\/\/www.fortunyo.es\/produits\"},{\"@type\":\"ListItem\",\"position\":3,\"name\":\"Poulet\"}]},{\"@type\":\"WebSite\",\"@id\":\"https:\/\/www.fortunyo.es\/fr#website\",\"url\":\"https:\/\/www.fortunyo.es\/fr\",\"name\":\"Fortu\u00f1o\",\"description\":\"Carns i menuts\",\"potentialAction\":[{\"@type\":\"SearchAction\",\"target\":{\"@type\":\"EntryPoint\",\"urlTemplate\":\"https:\/\/www.fortunyo.es\/fr?s={search_term_string}\"},\"query-input\":{\"@type\":\"PropertyValueSpecification\",\"valueRequired\":true,\"valueName\":\"search_term_string\"}}],\"inLanguage\":\"fr-FR\"}]}<\/script>\n<!-- \/ Yoast SEO plugin. -->","yoast_head_json":{"title":"Poulet - Fortu\u00f1o","robots":{"index":"index","follow":"follow","max-snippet":"max-snippet:-1","max-image-preview":"max-image-preview:large","max-video-preview":"max-video-preview:-1"},"canonical":"https:\/\/www.fortunyo.es\/fr\/product\/poulet","og_locale":"fr_FR","og_type":"article","og_title":"Poulet - Fortu\u00f1o","og_description":"\u00c0. Voitures canadiennes. Cailles. Quartiers arri\u00e8re de poulet. Foie. Petit jambon. Poitrine (enti\u00e8re). Poitrine (tranch\u00e9e). Pigeonneaux. Poulet r\u00f4ti (1,3 \u2013 1,4 kg)","og_url":"https:\/\/www.fortunyo.es\/fr\/product\/poulet","og_site_name":"Fortu\u00f1o","og_image":[{"width":2560,"height":1707,"url":"https:\/\/www.fortunyo.es\/wp-content\/uploads\/2024\/10\/pexels-alexasfotos-2255459-scaled.jpg","type":"image\/jpeg"}],"twitter_card":"summary_large_image","schema":{"@context":"https:\/\/schema.org","@graph":[{"@type":"WebPage","@id":"https:\/\/www.fortunyo.es\/fr\/product\/poulet","url":"https:\/\/www.fortunyo.es\/fr\/product\/poulet","name":"Poulet - Fortu\u00f1o","isPartOf":{"@id":"https:\/\/www.fortunyo.es\/fr#website"},"primaryImageOfPage":{"@id":"https:\/\/www.fortunyo.es\/fr\/product\/poulet#primaryimage"},"image":{"@id":"https:\/\/www.fortunyo.es\/fr\/product\/poulet#primaryimage"},"thumbnailUrl":"https:\/\/www.fortunyo.es\/wp-content\/uploads\/2024\/10\/pexels-alexasfotos-2255459-scaled.jpg","datePublished":"2024-10-24T10:35:51+00:00","breadcrumb":{"@id":"https:\/\/www.fortunyo.es\/fr\/product\/poulet#breadcrumb"},"inLanguage":"fr-FR","potentialAction":[{"@type":"ReadAction","target":["https:\/\/www.fortunyo.es\/fr\/product\/poulet"]}]},{"@type":"ImageObject","inLanguage":"fr-FR","@id":"https:\/\/www.fortunyo.es\/fr\/product\/poulet#primaryimage","url":"https:\/\/www.fortunyo.es\/wp-content\/uploads\/2024\/10\/pexels-alexasfotos-2255459-scaled.jpg","contentUrl":"https:\/\/www.fortunyo.es\/wp-content\/uploads\/2024\/10\/pexels-alexasfotos-2255459-scaled.jpg","width":2560,"height":1707,"caption":"poulet carns fortunyo"},{"@type":"BreadcrumbList","@id":"https:\/\/www.fortunyo.es\/fr\/product\/poulet#breadcrumb","itemListElement":[{"@type":"ListItem","position":1,"name":"Portada","item":"https:\/\/www.fortunyo.es\/fr"},{"@type":"ListItem","position":2,"name":"Produits","item":"https:\/\/www.fortunyo.es\/produits"},{"@type":"ListItem","position":3,"name":"Poulet"}]},{"@type":"WebSite","@id":"https:\/\/www.fortunyo.es\/fr#website","url":"https:\/\/www.fortunyo.es\/fr","name":"Fortu\u00f1o","description":"Carns i menuts","potentialAction":[{"@type":"SearchAction","target":{"@type":"EntryPoint","urlTemplate":"https:\/\/www.fortunyo.es\/fr?s={search_term_string}"},"query-input":{"@type":"PropertyValueSpecification","valueRequired":true,"valueName":"search_term_string"}}],"inLanguage":"fr-FR"}]}},"_links":{"self":[{"href":"https:\/\/www.fortunyo.es\/fr\/wp-json\/wp\/v2\/product\/38535","targetHints":{"allow":["GET"]}}],"collection":[{"href":"https:\/\/www.fortunyo.es\/fr\/wp-json\/wp\/v2\/product"}],"about":[{"href":"https:\/\/www.fortunyo.es\/fr\/wp-json\/wp\/v2\/types\/product"}],"replies":[{"embeddable":true,"href":"https:\/\/www.fortunyo.es\/fr\/wp-json\/wp\/v2\/comments?post=38535"}],"version-history":[{"count":0,"href":"https:\/\/www.fortunyo.es\/fr\/wp-json\/wp\/v2\/product\/38535\/revisions"}],"wp:featuredmedia":[{"embeddable":true,"href":"https:\/\/www.fortunyo.es\/fr\/wp-json\/wp\/v2\/media\/38104"}],"wp:attachment":[{"href":"https:\/\/www.fortunyo.es\/fr\/wp-json\/wp\/v2\/media?parent=38535"}],"wp:term":[{"taxonomy":"product_brand","embeddable":true,"href":"https:\/\/www.fortunyo.es\/fr\/wp-json\/wp\/v2\/product_brand?post=38535"},{"taxonomy":"product_cat","embeddable":true,"href":"https:\/\/www.fortunyo.es\/fr\/wp-json\/wp\/v2\/product_cat?post=38535"},{"taxonomy":"product_tag","embeddable":true,"href":"https:\/\/www.fortunyo.es\/fr\/wp-json\/wp\/v2\/product_tag?post=38535"}],"curies":[{"name":"wp","href":"https:\/\/api.w.org\/{rel}","templated":true}]}}