{"id":38556,"date":"2024-10-24T09:39:13","date_gmt":"2024-10-24T09:39:13","guid":{"rendered":"https:\/\/www.fortunyo.es\/product\/porcin"},"modified":"2024-10-24T09:39:13","modified_gmt":"2024-10-24T09:39:13","slug":"porcin","status":"publish","type":"product","link":"https:\/\/www.fortunyo.es\/fr\/product\/porcin","title":{"rendered":"Porcin"},"content":{"rendered":"<ul>\n<li>T\u00eate de longe (enti\u00e8re).<\/li>\n<li>T\u00eate de longe (coup\u00e9e).<\/li>\n<li>Masque.<\/li>\n<li>C\u00f4telette de Girona (tranch\u00e9e).<\/li>\n<li>C\u00f4tes de porc (enti\u00e8res).<\/li>\n<li>C\u00f4tes de porc (tranch\u00e9es).<\/li>\n<li>Joue sans fuseau.<\/li>\n<li>Joue.<\/li>\n<li>Foie.<\/li>\n<li>Langue.<\/li>\n<li>Lomo ca\u00f1a (entier).<\/li>\n<li>Longe de b\u0153uf (coup\u00e9e).<\/li>\n<li>Longe (enti\u00e8re).<\/li>\n<li>Mains.<\/li>\n<li>Oreille.<\/li>\n<li>Bacon (entier).<\/li>\n<li>Bacon (tranch\u00e9).<\/li>\n<li>Fanon.<\/li>\n<li>Rognons.<\/li>\n<li>Secret.<\/li>\n<li>Le secret de Duroc.<\/li>\n<li>Aloyau.<\/li>\n<\/ul>\n","protected":false},"excerpt":{"rendered":"<p>T\u00eate de longe (enti\u00e8re). T\u00eate de longe (coup\u00e9e). Masque. C\u00f4telette de Girona (tranch\u00e9e). C\u00f4tes de porc (enti\u00e8res). C\u00f4tes de porc (tranch\u00e9es). Joue sans fuseau. Joue. Foie. Langue. Lomo ca\u00f1a (entier). Longe de b\u0153uf (coup\u00e9e). Longe (enti\u00e8re). Mains. Oreille. Bacon (entier). Bacon (tranch\u00e9). Fanon. Rognons. Secret. Le secret de Duroc. Aloyau.<\/p>\n","protected":false},"featured_media":38107,"comment_status":"closed","ping_status":"closed","template":"","meta":{"_acf_changed":false},"product_brand":[],"product_cat":[187,185],"product_tag":[],"class_list":{"0":"post-38556","1":"product","2":"type-product","3":"status-publish","4":"has-post-thumbnail","6":"product_cat-porcin-viande-fraiche","7":"product_cat-viande-fraiche","9":"first","10":"instock","11":"shipping-taxable","12":"purchasable","13":"product-type-variable"},"acf":[],"yoast_head":"<!-- This site is optimized with the Yoast SEO plugin v24.7 - https:\/\/yoast.com\/wordpress\/plugins\/seo\/ -->\n<title>Porcin - Fortu\u00f1o<\/title>\n<meta name=\"robots\" content=\"index, follow, max-snippet:-1, max-image-preview:large, max-video-preview:-1\" \/>\n<link rel=\"canonical\" href=\"https:\/\/www.fortunyo.es\/fr\/product\/porcin\" \/>\n<meta property=\"og:locale\" content=\"fr_FR\" \/>\n<meta property=\"og:type\" content=\"article\" \/>\n<meta property=\"og:title\" content=\"Porcin - Fortu\u00f1o\" \/>\n<meta property=\"og:description\" content=\"T\u00eate de longe (enti\u00e8re). T\u00eate de longe (coup\u00e9e). Masque. C\u00f4telette de Girona (tranch\u00e9e). C\u00f4tes de porc (enti\u00e8res). C\u00f4tes de porc (tranch\u00e9es). Joue sans fuseau. Joue. Foie. Langue. Lomo ca\u00f1a (entier). Longe de b\u0153uf (coup\u00e9e). Longe (enti\u00e8re). Mains. Oreille. Bacon (entier). Bacon (tranch\u00e9). Fanon. Rognons. Secret. Le secret de Duroc. Aloyau.\" \/>\n<meta property=\"og:url\" content=\"https:\/\/www.fortunyo.es\/fr\/product\/porcin\" \/>\n<meta property=\"og:site_name\" content=\"Fortu\u00f1o\" \/>\n<meta property=\"og:image\" content=\"https:\/\/www.fortunyo.es\/wp-content\/uploads\/2024\/10\/pexels-botanphotography-29738142-scaled.jpg\" \/>\n\t<meta property=\"og:image:width\" content=\"2560\" \/>\n\t<meta property=\"og:image:height\" content=\"1707\" \/>\n\t<meta property=\"og:image:type\" content=\"image\/jpeg\" \/>\n<meta name=\"twitter:card\" content=\"summary_large_image\" \/>\n<script type=\"application\/ld+json\" class=\"yoast-schema-graph\">{\"@context\":\"https:\/\/schema.org\",\"@graph\":[{\"@type\":\"WebPage\",\"@id\":\"https:\/\/www.fortunyo.es\/fr\/product\/porcin\",\"url\":\"https:\/\/www.fortunyo.es\/fr\/product\/porcin\",\"name\":\"Porcin - Fortu\u00f1o\",\"isPartOf\":{\"@id\":\"https:\/\/www.fortunyo.es\/fr#website\"},\"primaryImageOfPage\":{\"@id\":\"https:\/\/www.fortunyo.es\/fr\/product\/porcin#primaryimage\"},\"image\":{\"@id\":\"https:\/\/www.fortunyo.es\/fr\/product\/porcin#primaryimage\"},\"thumbnailUrl\":\"https:\/\/www.fortunyo.es\/wp-content\/uploads\/2024\/10\/pexels-botanphotography-29738142-scaled.jpg\",\"datePublished\":\"2024-10-24T09:39:13+00:00\",\"breadcrumb\":{\"@id\":\"https:\/\/www.fortunyo.es\/fr\/product\/porcin#breadcrumb\"},\"inLanguage\":\"fr-FR\",\"potentialAction\":[{\"@type\":\"ReadAction\",\"target\":[\"https:\/\/www.fortunyo.es\/fr\/product\/porcin\"]}]},{\"@type\":\"ImageObject\",\"inLanguage\":\"fr-FR\",\"@id\":\"https:\/\/www.fortunyo.es\/fr\/product\/porcin#primaryimage\",\"url\":\"https:\/\/www.fortunyo.es\/wp-content\/uploads\/2024\/10\/pexels-botanphotography-29738142-scaled.jpg\",\"contentUrl\":\"https:\/\/www.fortunyo.es\/wp-content\/uploads\/2024\/10\/pexels-botanphotography-29738142-scaled.jpg\",\"width\":2560,\"height\":1707,\"caption\":\"Porcin carns fortunyo\"},{\"@type\":\"BreadcrumbList\",\"@id\":\"https:\/\/www.fortunyo.es\/fr\/product\/porcin#breadcrumb\",\"itemListElement\":[{\"@type\":\"ListItem\",\"position\":1,\"name\":\"Portada\",\"item\":\"https:\/\/www.fortunyo.es\/fr\"},{\"@type\":\"ListItem\",\"position\":2,\"name\":\"Produits\",\"item\":\"https:\/\/www.fortunyo.es\/produits\"},{\"@type\":\"ListItem\",\"position\":3,\"name\":\"Porcin\"}]},{\"@type\":\"WebSite\",\"@id\":\"https:\/\/www.fortunyo.es\/fr#website\",\"url\":\"https:\/\/www.fortunyo.es\/fr\",\"name\":\"Fortu\u00f1o\",\"description\":\"Carns i menuts\",\"potentialAction\":[{\"@type\":\"SearchAction\",\"target\":{\"@type\":\"EntryPoint\",\"urlTemplate\":\"https:\/\/www.fortunyo.es\/fr?s={search_term_string}\"},\"query-input\":{\"@type\":\"PropertyValueSpecification\",\"valueRequired\":true,\"valueName\":\"search_term_string\"}}],\"inLanguage\":\"fr-FR\"}]}<\/script>\n<!-- \/ Yoast SEO plugin. -->","yoast_head_json":{"title":"Porcin - Fortu\u00f1o","robots":{"index":"index","follow":"follow","max-snippet":"max-snippet:-1","max-image-preview":"max-image-preview:large","max-video-preview":"max-video-preview:-1"},"canonical":"https:\/\/www.fortunyo.es\/fr\/product\/porcin","og_locale":"fr_FR","og_type":"article","og_title":"Porcin - Fortu\u00f1o","og_description":"T\u00eate de longe (enti\u00e8re). T\u00eate de longe (coup\u00e9e). Masque. C\u00f4telette de Girona (tranch\u00e9e). C\u00f4tes de porc (enti\u00e8res). C\u00f4tes de porc (tranch\u00e9es). Joue sans fuseau. Joue. Foie. Langue. Lomo ca\u00f1a (entier). Longe de b\u0153uf (coup\u00e9e). Longe (enti\u00e8re). Mains. Oreille. Bacon (entier). Bacon (tranch\u00e9). Fanon. Rognons. Secret. Le secret de Duroc. Aloyau.","og_url":"https:\/\/www.fortunyo.es\/fr\/product\/porcin","og_site_name":"Fortu\u00f1o","og_image":[{"width":2560,"height":1707,"url":"https:\/\/www.fortunyo.es\/wp-content\/uploads\/2024\/10\/pexels-botanphotography-29738142-scaled.jpg","type":"image\/jpeg"}],"twitter_card":"summary_large_image","schema":{"@context":"https:\/\/schema.org","@graph":[{"@type":"WebPage","@id":"https:\/\/www.fortunyo.es\/fr\/product\/porcin","url":"https:\/\/www.fortunyo.es\/fr\/product\/porcin","name":"Porcin - Fortu\u00f1o","isPartOf":{"@id":"https:\/\/www.fortunyo.es\/fr#website"},"primaryImageOfPage":{"@id":"https:\/\/www.fortunyo.es\/fr\/product\/porcin#primaryimage"},"image":{"@id":"https:\/\/www.fortunyo.es\/fr\/product\/porcin#primaryimage"},"thumbnailUrl":"https:\/\/www.fortunyo.es\/wp-content\/uploads\/2024\/10\/pexels-botanphotography-29738142-scaled.jpg","datePublished":"2024-10-24T09:39:13+00:00","breadcrumb":{"@id":"https:\/\/www.fortunyo.es\/fr\/product\/porcin#breadcrumb"},"inLanguage":"fr-FR","potentialAction":[{"@type":"ReadAction","target":["https:\/\/www.fortunyo.es\/fr\/product\/porcin"]}]},{"@type":"ImageObject","inLanguage":"fr-FR","@id":"https:\/\/www.fortunyo.es\/fr\/product\/porcin#primaryimage","url":"https:\/\/www.fortunyo.es\/wp-content\/uploads\/2024\/10\/pexels-botanphotography-29738142-scaled.jpg","contentUrl":"https:\/\/www.fortunyo.es\/wp-content\/uploads\/2024\/10\/pexels-botanphotography-29738142-scaled.jpg","width":2560,"height":1707,"caption":"Porcin carns fortunyo"},{"@type":"BreadcrumbList","@id":"https:\/\/www.fortunyo.es\/fr\/product\/porcin#breadcrumb","itemListElement":[{"@type":"ListItem","position":1,"name":"Portada","item":"https:\/\/www.fortunyo.es\/fr"},{"@type":"ListItem","position":2,"name":"Produits","item":"https:\/\/www.fortunyo.es\/produits"},{"@type":"ListItem","position":3,"name":"Porcin"}]},{"@type":"WebSite","@id":"https:\/\/www.fortunyo.es\/fr#website","url":"https:\/\/www.fortunyo.es\/fr","name":"Fortu\u00f1o","description":"Carns i menuts","potentialAction":[{"@type":"SearchAction","target":{"@type":"EntryPoint","urlTemplate":"https:\/\/www.fortunyo.es\/fr?s={search_term_string}"},"query-input":{"@type":"PropertyValueSpecification","valueRequired":true,"valueName":"search_term_string"}}],"inLanguage":"fr-FR"}]}},"_links":{"self":[{"href":"https:\/\/www.fortunyo.es\/fr\/wp-json\/wp\/v2\/product\/38556","targetHints":{"allow":["GET"]}}],"collection":[{"href":"https:\/\/www.fortunyo.es\/fr\/wp-json\/wp\/v2\/product"}],"about":[{"href":"https:\/\/www.fortunyo.es\/fr\/wp-json\/wp\/v2\/types\/product"}],"replies":[{"embeddable":true,"href":"https:\/\/www.fortunyo.es\/fr\/wp-json\/wp\/v2\/comments?post=38556"}],"version-history":[{"count":0,"href":"https:\/\/www.fortunyo.es\/fr\/wp-json\/wp\/v2\/product\/38556\/revisions"}],"wp:featuredmedia":[{"embeddable":true,"href":"https:\/\/www.fortunyo.es\/fr\/wp-json\/wp\/v2\/media\/38107"}],"wp:attachment":[{"href":"https:\/\/www.fortunyo.es\/fr\/wp-json\/wp\/v2\/media?parent=38556"}],"wp:term":[{"taxonomy":"product_brand","embeddable":true,"href":"https:\/\/www.fortunyo.es\/fr\/wp-json\/wp\/v2\/product_brand?post=38556"},{"taxonomy":"product_cat","embeddable":true,"href":"https:\/\/www.fortunyo.es\/fr\/wp-json\/wp\/v2\/product_cat?post=38556"},{"taxonomy":"product_tag","embeddable":true,"href":"https:\/\/www.fortunyo.es\/fr\/wp-json\/wp\/v2\/product_tag?post=38556"}],"curies":[{"name":"wp","href":"https:\/\/api.w.org\/{rel}","templated":true}]}}