{"id":38577,"date":"2024-10-24T10:27:46","date_gmt":"2024-10-24T10:27:46","guid":{"rendered":"https:\/\/www.fortunyo.es\/product\/bovine"},"modified":"2024-10-24T10:27:46","modified_gmt":"2024-10-24T10:27:46","slug":"bovine","status":"publish","type":"product","link":"https:\/\/www.fortunyo.es\/fr\/product\/bovine","title":{"rendered":"Bovine"},"content":{"rendered":"<ul>\n<li>Joue.<\/li>\n<li>Steak en T.<\/li>\n<li>Steak.<\/li>\n<li>Cela implique.<\/li>\n<li>Entrec\u00f4te partie large.<\/li>\n<li>Entrec\u00f4te partie \u00e9troite.<\/li>\n<li>Longe enti\u00e8re avec surlonge.<\/li>\n<li>Matambre.<\/li>\n<li>Ris de veau.<\/li>\n<li>Aiguillon \u00e0 b\u00e9tail<\/li>\n<li>Aloyau.<\/li>\n<li>Steak de rumsteck.<\/li>\n<li>Cro\u00fbte de steak.<\/li>\n<li>Cou.<\/li>\n<li>Rago\u00fbt de tacos.<\/li>\n<li>Tacos Garreta mijot\u00e9s.<\/li>\n<li>Le steak du pauvre.<\/li>\n<li>Il a fronc\u00e9 les sourcils.<\/li>\n<li>Jarret fricass\u00e9.<\/li>\n<li>Dessus plat.<\/li>\n<\/ul>\n","protected":false},"excerpt":{"rendered":"<p>Joue. Steak en T. Steak. Cela implique. Entrec\u00f4te partie large. Entrec\u00f4te partie \u00e9troite. Longe enti\u00e8re avec surlonge. Matambre. Ris de veau. Aiguillon \u00e0 b\u00e9tail Aloyau. Steak de rumsteck. Cro\u00fbte de steak. Cou. Rago\u00fbt de tacos. Tacos Garreta mijot\u00e9s. Le steak du pauvre. Il a fronc\u00e9 les sourcils. Jarret fricass\u00e9. Dessus plat.<\/p>\n","protected":false},"featured_media":38110,"comment_status":"closed","ping_status":"closed","template":"","meta":{"_acf_changed":false},"product_brand":[],"product_cat":[191,185],"product_tag":[],"class_list":{"0":"post-38577","1":"product","2":"type-product","3":"status-publish","4":"has-post-thumbnail","6":"product_cat-bovine","7":"product_cat-viande-fraiche","9":"first","10":"instock","11":"shipping-taxable","12":"purchasable","13":"product-type-variable"},"acf":[],"yoast_head":"<!-- This site is optimized with the Yoast SEO plugin v24.7 - https:\/\/yoast.com\/wordpress\/plugins\/seo\/ -->\n<title>Bovine - Fortu\u00f1o<\/title>\n<meta name=\"robots\" content=\"index, follow, max-snippet:-1, max-image-preview:large, max-video-preview:-1\" \/>\n<link rel=\"canonical\" href=\"https:\/\/www.fortunyo.es\/fr\/product\/bovine\" \/>\n<meta property=\"og:locale\" content=\"fr_FR\" \/>\n<meta property=\"og:type\" content=\"article\" \/>\n<meta property=\"og:title\" content=\"Bovine - Fortu\u00f1o\" \/>\n<meta property=\"og:description\" content=\"Joue. Steak en T. Steak. Cela implique. Entrec\u00f4te partie large. Entrec\u00f4te partie \u00e9troite. Longe enti\u00e8re avec surlonge. Matambre. Ris de veau. Aiguillon \u00e0 b\u00e9tail Aloyau. Steak de rumsteck. Cro\u00fbte de steak. Cou. Rago\u00fbt de tacos. Tacos Garreta mijot\u00e9s. Le steak du pauvre. Il a fronc\u00e9 les sourcils. Jarret fricass\u00e9. Dessus plat.\" \/>\n<meta property=\"og:url\" content=\"https:\/\/www.fortunyo.es\/fr\/product\/bovine\" \/>\n<meta property=\"og:site_name\" content=\"Fortu\u00f1o\" \/>\n<meta property=\"og:image\" content=\"https:\/\/www.fortunyo.es\/wp-content\/uploads\/2024\/10\/pexels-balint-barnus-1863413-3488390-scaled.jpg\" \/>\n\t<meta property=\"og:image:width\" content=\"1707\" \/>\n\t<meta property=\"og:image:height\" content=\"2560\" \/>\n\t<meta property=\"og:image:type\" content=\"image\/jpeg\" \/>\n<meta name=\"twitter:card\" content=\"summary_large_image\" \/>\n<script type=\"application\/ld+json\" class=\"yoast-schema-graph\">{\"@context\":\"https:\/\/schema.org\",\"@graph\":[{\"@type\":\"WebPage\",\"@id\":\"https:\/\/www.fortunyo.es\/fr\/product\/bovine\",\"url\":\"https:\/\/www.fortunyo.es\/fr\/product\/bovine\",\"name\":\"Bovine - Fortu\u00f1o\",\"isPartOf\":{\"@id\":\"https:\/\/www.fortunyo.es\/fr#website\"},\"primaryImageOfPage\":{\"@id\":\"https:\/\/www.fortunyo.es\/fr\/product\/bovine#primaryimage\"},\"image\":{\"@id\":\"https:\/\/www.fortunyo.es\/fr\/product\/bovine#primaryimage\"},\"thumbnailUrl\":\"https:\/\/www.fortunyo.es\/wp-content\/uploads\/2024\/10\/pexels-balint-barnus-1863413-3488390-scaled.jpg\",\"datePublished\":\"2024-10-24T10:27:46+00:00\",\"breadcrumb\":{\"@id\":\"https:\/\/www.fortunyo.es\/fr\/product\/bovine#breadcrumb\"},\"inLanguage\":\"fr-FR\",\"potentialAction\":[{\"@type\":\"ReadAction\",\"target\":[\"https:\/\/www.fortunyo.es\/fr\/product\/bovine\"]}]},{\"@type\":\"ImageObject\",\"inLanguage\":\"fr-FR\",\"@id\":\"https:\/\/www.fortunyo.es\/fr\/product\/bovine#primaryimage\",\"url\":\"https:\/\/www.fortunyo.es\/wp-content\/uploads\/2024\/10\/pexels-balint-barnus-1863413-3488390-scaled.jpg\",\"contentUrl\":\"https:\/\/www.fortunyo.es\/wp-content\/uploads\/2024\/10\/pexels-balint-barnus-1863413-3488390-scaled.jpg\",\"width\":1707,\"height\":2560,\"caption\":\"bovine carns fortunyo\"},{\"@type\":\"BreadcrumbList\",\"@id\":\"https:\/\/www.fortunyo.es\/fr\/product\/bovine#breadcrumb\",\"itemListElement\":[{\"@type\":\"ListItem\",\"position\":1,\"name\":\"Portada\",\"item\":\"https:\/\/www.fortunyo.es\/fr\"},{\"@type\":\"ListItem\",\"position\":2,\"name\":\"Produits\",\"item\":\"https:\/\/www.fortunyo.es\/produits\"},{\"@type\":\"ListItem\",\"position\":3,\"name\":\"Bovine\"}]},{\"@type\":\"WebSite\",\"@id\":\"https:\/\/www.fortunyo.es\/fr#website\",\"url\":\"https:\/\/www.fortunyo.es\/fr\",\"name\":\"Fortu\u00f1o\",\"description\":\"Carns i menuts\",\"potentialAction\":[{\"@type\":\"SearchAction\",\"target\":{\"@type\":\"EntryPoint\",\"urlTemplate\":\"https:\/\/www.fortunyo.es\/fr?s={search_term_string}\"},\"query-input\":{\"@type\":\"PropertyValueSpecification\",\"valueRequired\":true,\"valueName\":\"search_term_string\"}}],\"inLanguage\":\"fr-FR\"}]}<\/script>\n<!-- \/ Yoast SEO plugin. -->","yoast_head_json":{"title":"Bovine - Fortu\u00f1o","robots":{"index":"index","follow":"follow","max-snippet":"max-snippet:-1","max-image-preview":"max-image-preview:large","max-video-preview":"max-video-preview:-1"},"canonical":"https:\/\/www.fortunyo.es\/fr\/product\/bovine","og_locale":"fr_FR","og_type":"article","og_title":"Bovine - Fortu\u00f1o","og_description":"Joue. Steak en T. Steak. Cela implique. Entrec\u00f4te partie large. Entrec\u00f4te partie \u00e9troite. Longe enti\u00e8re avec surlonge. Matambre. Ris de veau. Aiguillon \u00e0 b\u00e9tail Aloyau. Steak de rumsteck. Cro\u00fbte de steak. Cou. Rago\u00fbt de tacos. Tacos Garreta mijot\u00e9s. Le steak du pauvre. Il a fronc\u00e9 les sourcils. Jarret fricass\u00e9. Dessus plat.","og_url":"https:\/\/www.fortunyo.es\/fr\/product\/bovine","og_site_name":"Fortu\u00f1o","og_image":[{"width":1707,"height":2560,"url":"https:\/\/www.fortunyo.es\/wp-content\/uploads\/2024\/10\/pexels-balint-barnus-1863413-3488390-scaled.jpg","type":"image\/jpeg"}],"twitter_card":"summary_large_image","schema":{"@context":"https:\/\/schema.org","@graph":[{"@type":"WebPage","@id":"https:\/\/www.fortunyo.es\/fr\/product\/bovine","url":"https:\/\/www.fortunyo.es\/fr\/product\/bovine","name":"Bovine - Fortu\u00f1o","isPartOf":{"@id":"https:\/\/www.fortunyo.es\/fr#website"},"primaryImageOfPage":{"@id":"https:\/\/www.fortunyo.es\/fr\/product\/bovine#primaryimage"},"image":{"@id":"https:\/\/www.fortunyo.es\/fr\/product\/bovine#primaryimage"},"thumbnailUrl":"https:\/\/www.fortunyo.es\/wp-content\/uploads\/2024\/10\/pexels-balint-barnus-1863413-3488390-scaled.jpg","datePublished":"2024-10-24T10:27:46+00:00","breadcrumb":{"@id":"https:\/\/www.fortunyo.es\/fr\/product\/bovine#breadcrumb"},"inLanguage":"fr-FR","potentialAction":[{"@type":"ReadAction","target":["https:\/\/www.fortunyo.es\/fr\/product\/bovine"]}]},{"@type":"ImageObject","inLanguage":"fr-FR","@id":"https:\/\/www.fortunyo.es\/fr\/product\/bovine#primaryimage","url":"https:\/\/www.fortunyo.es\/wp-content\/uploads\/2024\/10\/pexels-balint-barnus-1863413-3488390-scaled.jpg","contentUrl":"https:\/\/www.fortunyo.es\/wp-content\/uploads\/2024\/10\/pexels-balint-barnus-1863413-3488390-scaled.jpg","width":1707,"height":2560,"caption":"bovine carns fortunyo"},{"@type":"BreadcrumbList","@id":"https:\/\/www.fortunyo.es\/fr\/product\/bovine#breadcrumb","itemListElement":[{"@type":"ListItem","position":1,"name":"Portada","item":"https:\/\/www.fortunyo.es\/fr"},{"@type":"ListItem","position":2,"name":"Produits","item":"https:\/\/www.fortunyo.es\/produits"},{"@type":"ListItem","position":3,"name":"Bovine"}]},{"@type":"WebSite","@id":"https:\/\/www.fortunyo.es\/fr#website","url":"https:\/\/www.fortunyo.es\/fr","name":"Fortu\u00f1o","description":"Carns i menuts","potentialAction":[{"@type":"SearchAction","target":{"@type":"EntryPoint","urlTemplate":"https:\/\/www.fortunyo.es\/fr?s={search_term_string}"},"query-input":{"@type":"PropertyValueSpecification","valueRequired":true,"valueName":"search_term_string"}}],"inLanguage":"fr-FR"}]}},"_links":{"self":[{"href":"https:\/\/www.fortunyo.es\/fr\/wp-json\/wp\/v2\/product\/38577","targetHints":{"allow":["GET"]}}],"collection":[{"href":"https:\/\/www.fortunyo.es\/fr\/wp-json\/wp\/v2\/product"}],"about":[{"href":"https:\/\/www.fortunyo.es\/fr\/wp-json\/wp\/v2\/types\/product"}],"replies":[{"embeddable":true,"href":"https:\/\/www.fortunyo.es\/fr\/wp-json\/wp\/v2\/comments?post=38577"}],"version-history":[{"count":0,"href":"https:\/\/www.fortunyo.es\/fr\/wp-json\/wp\/v2\/product\/38577\/revisions"}],"wp:featuredmedia":[{"embeddable":true,"href":"https:\/\/www.fortunyo.es\/fr\/wp-json\/wp\/v2\/media\/38110"}],"wp:attachment":[{"href":"https:\/\/www.fortunyo.es\/fr\/wp-json\/wp\/v2\/media?parent=38577"}],"wp:term":[{"taxonomy":"product_brand","embeddable":true,"href":"https:\/\/www.fortunyo.es\/fr\/wp-json\/wp\/v2\/product_brand?post=38577"},{"taxonomy":"product_cat","embeddable":true,"href":"https:\/\/www.fortunyo.es\/fr\/wp-json\/wp\/v2\/product_cat?post=38577"},{"taxonomy":"product_tag","embeddable":true,"href":"https:\/\/www.fortunyo.es\/fr\/wp-json\/wp\/v2\/product_tag?post=38577"}],"curies":[{"name":"wp","href":"https:\/\/api.w.org\/{rel}","templated":true}]}}