{"id":38598,"date":"2024-10-24T10:49:41","date_gmt":"2024-10-24T10:49:41","guid":{"rendered":"https:\/\/www.fortunyo.es\/product\/congele"},"modified":"2024-10-24T10:49:41","modified_gmt":"2024-10-24T10:49:41","slug":"congele","status":"publish","type":"product","link":"https:\/\/www.fortunyo.es\/fr\/product\/congele","title":{"rendered":"Congel\u00e9"},"content":{"rendered":"<p><strong>Articles disponibles:<\/strong><\/p>\n<p>Cochon:<\/p>\n<ul>\n<li>Articulations fendues.<\/li>\n<li>Pointes de c\u00f4tes.<\/li>\n<li>Galtas.<\/li>\n<li>L\u00e9zard.<\/li>\n<li>Dos.<\/li>\n<li>Lard.<\/li>\n<li>Bande de c\u00f4tes.<\/li>\n<\/ul>\n<p>Veau:<\/p>\n<ul>\n<li>Steak T-bone 0,5 kg.<\/li>\n<li>Longe sup\u00e9rieure sans couvercle (enti\u00e8re).<\/li>\n<li>Longe sup\u00e9rieure sans couverture (Coupe).<\/li>\n<li>Queue (enti\u00e8re).<\/li>\n<li>Queue (coup\u00e9e).<\/li>\n<\/ul>\n<p>Agneau:<\/p>\n<ul>\n<li>Lame.<\/li>\n<li>Jambe.<\/li>\n<\/ul>\n","protected":false},"excerpt":{"rendered":"<p>Articles disponibles: Cochon: Articulations fendues. Pointes de c\u00f4tes. Galtas. L\u00e9zard. Dos. Lard. Bande de c\u00f4tes. Veau: Steak T-bone 0,5 kg. Longe sup\u00e9rieure sans couvercle (enti\u00e8re). Longe sup\u00e9rieure sans couverture (Coupe). Queue (enti\u00e8re). Queue (coup\u00e9e). Agneau: Lame. Jambe.<\/p>\n","protected":false},"featured_media":38125,"comment_status":"closed","ping_status":"closed","template":"","meta":{"_acf_changed":false},"product_brand":[],"product_cat":[194,195,192,193],"product_tag":[],"class_list":{"0":"post-38598","1":"product","2":"type-product","3":"status-publish","4":"has-post-thumbnail","6":"product_cat-agneau-congele","7":"product_cat-bovine-congele","8":"product_cat-congele","9":"product_cat-porcin-congele","11":"first","12":"instock","13":"shipping-taxable","14":"purchasable","15":"product-type-variable"},"acf":[],"yoast_head":"<!-- This site is optimized with the Yoast SEO plugin v24.7 - https:\/\/yoast.com\/wordpress\/plugins\/seo\/ -->\n<title>Congel\u00e9 - Fortu\u00f1o<\/title>\n<meta name=\"robots\" content=\"index, follow, max-snippet:-1, max-image-preview:large, max-video-preview:-1\" \/>\n<link rel=\"canonical\" href=\"https:\/\/www.fortunyo.es\/fr\/product\/congele\" \/>\n<meta property=\"og:locale\" content=\"fr_FR\" \/>\n<meta property=\"og:type\" content=\"article\" \/>\n<meta property=\"og:title\" content=\"Congel\u00e9 - Fortu\u00f1o\" \/>\n<meta property=\"og:description\" content=\"Articles disponibles: Cochon: Articulations fendues. Pointes de c\u00f4tes. Galtas. L\u00e9zard. Dos. Lard. Bande de c\u00f4tes. Veau: Steak T-bone 0,5 kg. Longe sup\u00e9rieure sans couvercle (enti\u00e8re). Longe sup\u00e9rieure sans couverture (Coupe). Queue (enti\u00e8re). Queue (coup\u00e9e). Agneau: Lame. Jambe.\" \/>\n<meta property=\"og:url\" content=\"https:\/\/www.fortunyo.es\/fr\/product\/congele\" \/>\n<meta property=\"og:site_name\" content=\"Fortu\u00f1o\" \/>\n<meta property=\"og:image\" content=\"https:\/\/www.fortunyo.es\/wp-content\/uploads\/2024\/10\/Frame-2.png\" \/>\n\t<meta property=\"og:image:width\" content=\"506\" \/>\n\t<meta property=\"og:image:height\" content=\"506\" \/>\n\t<meta property=\"og:image:type\" content=\"image\/png\" \/>\n<meta name=\"twitter:card\" content=\"summary_large_image\" \/>\n<script type=\"application\/ld+json\" class=\"yoast-schema-graph\">{\"@context\":\"https:\/\/schema.org\",\"@graph\":[{\"@type\":\"WebPage\",\"@id\":\"https:\/\/www.fortunyo.es\/fr\/product\/congele\",\"url\":\"https:\/\/www.fortunyo.es\/fr\/product\/congele\",\"name\":\"Congel\u00e9 - Fortu\u00f1o\",\"isPartOf\":{\"@id\":\"https:\/\/www.fortunyo.es\/fr#website\"},\"primaryImageOfPage\":{\"@id\":\"https:\/\/www.fortunyo.es\/fr\/product\/congele#primaryimage\"},\"image\":{\"@id\":\"https:\/\/www.fortunyo.es\/fr\/product\/congele#primaryimage\"},\"thumbnailUrl\":\"https:\/\/www.fortunyo.es\/wp-content\/uploads\/2024\/10\/Frame-2.png\",\"datePublished\":\"2024-10-24T10:49:41+00:00\",\"breadcrumb\":{\"@id\":\"https:\/\/www.fortunyo.es\/fr\/product\/congele#breadcrumb\"},\"inLanguage\":\"fr-FR\",\"potentialAction\":[{\"@type\":\"ReadAction\",\"target\":[\"https:\/\/www.fortunyo.es\/fr\/product\/congele\"]}]},{\"@type\":\"ImageObject\",\"inLanguage\":\"fr-FR\",\"@id\":\"https:\/\/www.fortunyo.es\/fr\/product\/congele#primaryimage\",\"url\":\"https:\/\/www.fortunyo.es\/wp-content\/uploads\/2024\/10\/Frame-2.png\",\"contentUrl\":\"https:\/\/www.fortunyo.es\/wp-content\/uploads\/2024\/10\/Frame-2.png\",\"width\":506,\"height\":506},{\"@type\":\"BreadcrumbList\",\"@id\":\"https:\/\/www.fortunyo.es\/fr\/product\/congele#breadcrumb\",\"itemListElement\":[{\"@type\":\"ListItem\",\"position\":1,\"name\":\"Portada\",\"item\":\"https:\/\/www.fortunyo.es\/fr\"},{\"@type\":\"ListItem\",\"position\":2,\"name\":\"Produits\",\"item\":\"https:\/\/www.fortunyo.es\/produits\"},{\"@type\":\"ListItem\",\"position\":3,\"name\":\"Congel\u00e9\"}]},{\"@type\":\"WebSite\",\"@id\":\"https:\/\/www.fortunyo.es\/fr#website\",\"url\":\"https:\/\/www.fortunyo.es\/fr\",\"name\":\"Fortu\u00f1o\",\"description\":\"Carns i menuts\",\"potentialAction\":[{\"@type\":\"SearchAction\",\"target\":{\"@type\":\"EntryPoint\",\"urlTemplate\":\"https:\/\/www.fortunyo.es\/fr?s={search_term_string}\"},\"query-input\":{\"@type\":\"PropertyValueSpecification\",\"valueRequired\":true,\"valueName\":\"search_term_string\"}}],\"inLanguage\":\"fr-FR\"}]}<\/script>\n<!-- \/ Yoast SEO plugin. -->","yoast_head_json":{"title":"Congel\u00e9 - Fortu\u00f1o","robots":{"index":"index","follow":"follow","max-snippet":"max-snippet:-1","max-image-preview":"max-image-preview:large","max-video-preview":"max-video-preview:-1"},"canonical":"https:\/\/www.fortunyo.es\/fr\/product\/congele","og_locale":"fr_FR","og_type":"article","og_title":"Congel\u00e9 - Fortu\u00f1o","og_description":"Articles disponibles: Cochon: Articulations fendues. Pointes de c\u00f4tes. Galtas. L\u00e9zard. Dos. Lard. Bande de c\u00f4tes. Veau: Steak T-bone 0,5 kg. Longe sup\u00e9rieure sans couvercle (enti\u00e8re). Longe sup\u00e9rieure sans couverture (Coupe). Queue (enti\u00e8re). Queue (coup\u00e9e). Agneau: Lame. Jambe.","og_url":"https:\/\/www.fortunyo.es\/fr\/product\/congele","og_site_name":"Fortu\u00f1o","og_image":[{"width":506,"height":506,"url":"https:\/\/www.fortunyo.es\/wp-content\/uploads\/2024\/10\/Frame-2.png","type":"image\/png"}],"twitter_card":"summary_large_image","schema":{"@context":"https:\/\/schema.org","@graph":[{"@type":"WebPage","@id":"https:\/\/www.fortunyo.es\/fr\/product\/congele","url":"https:\/\/www.fortunyo.es\/fr\/product\/congele","name":"Congel\u00e9 - Fortu\u00f1o","isPartOf":{"@id":"https:\/\/www.fortunyo.es\/fr#website"},"primaryImageOfPage":{"@id":"https:\/\/www.fortunyo.es\/fr\/product\/congele#primaryimage"},"image":{"@id":"https:\/\/www.fortunyo.es\/fr\/product\/congele#primaryimage"},"thumbnailUrl":"https:\/\/www.fortunyo.es\/wp-content\/uploads\/2024\/10\/Frame-2.png","datePublished":"2024-10-24T10:49:41+00:00","breadcrumb":{"@id":"https:\/\/www.fortunyo.es\/fr\/product\/congele#breadcrumb"},"inLanguage":"fr-FR","potentialAction":[{"@type":"ReadAction","target":["https:\/\/www.fortunyo.es\/fr\/product\/congele"]}]},{"@type":"ImageObject","inLanguage":"fr-FR","@id":"https:\/\/www.fortunyo.es\/fr\/product\/congele#primaryimage","url":"https:\/\/www.fortunyo.es\/wp-content\/uploads\/2024\/10\/Frame-2.png","contentUrl":"https:\/\/www.fortunyo.es\/wp-content\/uploads\/2024\/10\/Frame-2.png","width":506,"height":506},{"@type":"BreadcrumbList","@id":"https:\/\/www.fortunyo.es\/fr\/product\/congele#breadcrumb","itemListElement":[{"@type":"ListItem","position":1,"name":"Portada","item":"https:\/\/www.fortunyo.es\/fr"},{"@type":"ListItem","position":2,"name":"Produits","item":"https:\/\/www.fortunyo.es\/produits"},{"@type":"ListItem","position":3,"name":"Congel\u00e9"}]},{"@type":"WebSite","@id":"https:\/\/www.fortunyo.es\/fr#website","url":"https:\/\/www.fortunyo.es\/fr","name":"Fortu\u00f1o","description":"Carns i menuts","potentialAction":[{"@type":"SearchAction","target":{"@type":"EntryPoint","urlTemplate":"https:\/\/www.fortunyo.es\/fr?s={search_term_string}"},"query-input":{"@type":"PropertyValueSpecification","valueRequired":true,"valueName":"search_term_string"}}],"inLanguage":"fr-FR"}]}},"_links":{"self":[{"href":"https:\/\/www.fortunyo.es\/fr\/wp-json\/wp\/v2\/product\/38598","targetHints":{"allow":["GET"]}}],"collection":[{"href":"https:\/\/www.fortunyo.es\/fr\/wp-json\/wp\/v2\/product"}],"about":[{"href":"https:\/\/www.fortunyo.es\/fr\/wp-json\/wp\/v2\/types\/product"}],"replies":[{"embeddable":true,"href":"https:\/\/www.fortunyo.es\/fr\/wp-json\/wp\/v2\/comments?post=38598"}],"version-history":[{"count":0,"href":"https:\/\/www.fortunyo.es\/fr\/wp-json\/wp\/v2\/product\/38598\/revisions"}],"wp:featuredmedia":[{"embeddable":true,"href":"https:\/\/www.fortunyo.es\/fr\/wp-json\/wp\/v2\/media\/38125"}],"wp:attachment":[{"href":"https:\/\/www.fortunyo.es\/fr\/wp-json\/wp\/v2\/media?parent=38598"}],"wp:term":[{"taxonomy":"product_brand","embeddable":true,"href":"https:\/\/www.fortunyo.es\/fr\/wp-json\/wp\/v2\/product_brand?post=38598"},{"taxonomy":"product_cat","embeddable":true,"href":"https:\/\/www.fortunyo.es\/fr\/wp-json\/wp\/v2\/product_cat?post=38598"},{"taxonomy":"product_tag","embeddable":true,"href":"https:\/\/www.fortunyo.es\/fr\/wp-json\/wp\/v2\/product_tag?post=38598"}],"curies":[{"name":"wp","href":"https:\/\/api.w.org\/{rel}","templated":true}]}}