{"id":38619,"date":"2024-10-24T10:44:34","date_gmt":"2024-10-24T10:44:34","guid":{"rendered":"https:\/\/www.fortunyo.es\/product\/fromages-affines-cuits-et-fromages"},"modified":"2025-04-16T14:19:06","modified_gmt":"2025-04-16T14:19:06","slug":"fromages-affines-cuits-et-fromages","status":"publish","type":"product","link":"https:\/\/www.fortunyo.es\/fr\/product\/fromages-affines-cuits-et-fromages","title":{"rendered":"Fromages affin\u00e9s, cuits et fromages"},"content":{"rendered":"<ul>\n<li>Longe de porc au poivre.<\/li>\n<li>Salade ib\u00e9rique sal\u00e9e.<\/li>\n<li>Centre de jambon (entier).<\/li>\n<li>Centre de jambon (tranch\u00e9).<\/li>\n<li>Chorizo ib\u00e9rique.<\/li>\n<li>Chorizo \u00e9pic\u00e9.<\/li>\n<li>Jambon ib\u00e9rique entier.<\/li>\n<li>Jambon hongrois entier.<\/li>\n<li>Longe ib\u00e9rique s\u00e9ch\u00e9e.<\/li>\n<li>Bacon s\u00e9ch\u00e9.<\/li>\n<li>Saucisse ib\u00e9rique cular.<\/li>\n<li>S\u00e9callona.<\/li>\n<li>Bacon rustique.<\/li>\n<li>Saucisse blanche.<\/li>\n<li>Boudin noir \u00e0 l&rsquo;oignon.<\/li>\n<li>Francfort (Pack 8 unit\u00e9s).<\/li>\n<li>Barre d&rsquo;Edam.<\/li>\n<li>Fromage affin\u00e9.<\/li>\n<li>Fromage semi-affin\u00e9.<\/li>\n<\/ul>\n","protected":false},"excerpt":{"rendered":"<p><strong>Articles disponibles:<\/strong><\/p>\n<ul>\n<li>Longe de porc au poivre.<\/li>\n<li>Salade ib\u00e9rique sal\u00e9e.<\/li>\n<li>Centre de jambon (entier).<\/li>\n<li>Centre de jambon (tranch\u00e9).<\/li>\n<li>Chorizo ib\u00e9rique.<\/li>\n<li>Chorizo \u00e9pic\u00e9.<\/li>\n<li>Jambon ib\u00e9rique entier.<\/li>\n<li>Jambon hongrois entier.<\/li>\n<li>Longe s\u00e9ch\u00e9e.<\/li>\n<li>Longe ib\u00e9rique s\u00e9ch\u00e9e.<\/li>\n<li>Bacon s\u00e9ch\u00e9.<\/li>\n<li>Saucisse ib\u00e9rique cular.<\/li>\n<li>S\u00e9callona.<\/li>\n<li>Sumaia extra.<\/li>\n<li>Bacon rustique.<\/li>\n<li>Saucisse blanche.<\/li>\n<li>Boudin noir \u00e0 l&rsquo;oignon.<\/li>\n<li>Francfort (Pack 8 unit\u00e9s).<\/li>\n<li>Barre d&rsquo;Edam.<\/li>\n<li>Fromage affin\u00e9.<\/li>\n<li>Fromage semi-affin\u00e9.<\/li>\n<\/ul>\n","protected":false},"featured_media":38688,"comment_status":"closed","ping_status":"closed","template":"","meta":{"_acf_changed":false},"product_brand":[],"product_cat":[196,197],"product_tag":[],"class_list":{"0":"post-38619","1":"product","2":"type-product","3":"status-publish","4":"has-post-thumbnail","6":"product_cat-charcuteries-et-fromages","7":"product_cat-porcin-charcuteries-et-formages","9":"first","10":"instock","11":"shipping-taxable","12":"purchasable","13":"product-type-variable"},"acf":[],"yoast_head":"<!-- This site is optimized with the Yoast SEO plugin v24.7 - https:\/\/yoast.com\/wordpress\/plugins\/seo\/ -->\n<title>Fromages affin\u00e9s, cuits et fromages - Fortu\u00f1o<\/title>\n<meta name=\"robots\" content=\"index, follow, max-snippet:-1, max-image-preview:large, max-video-preview:-1\" \/>\n<link rel=\"canonical\" href=\"https:\/\/www.fortunyo.es\/fr\/product\/fromages-affines-cuits-et-fromages\" \/>\n<meta property=\"og:locale\" content=\"fr_FR\" \/>\n<meta property=\"og:type\" content=\"article\" \/>\n<meta property=\"og:title\" content=\"Fromages affin\u00e9s, cuits et fromages - Fortu\u00f1o\" \/>\n<meta property=\"og:description\" content=\"Articles disponibles:   Longe de porc au poivre.  Salade ib\u00e9rique sal\u00e9e.  Centre de jambon (entier).  Centre de jambon (tranch\u00e9).  Chorizo ib\u00e9rique.  Chorizo \u00e9pic\u00e9.  Jambon ib\u00e9rique entier.  Jambon hongrois entier.  Longe s\u00e9ch\u00e9e.  Longe ib\u00e9rique s\u00e9ch\u00e9e.  Bacon s\u00e9ch\u00e9.  Saucisse ib\u00e9rique cular.  S\u00e9callona.  Sumaia extra.  Bacon rustique.  Saucisse blanche.  Boudin noir \u00e0 l&#039;oignon.  Francfort (Pack 8 unit\u00e9s).  Barre d&#039;Edam.  Fromage affin\u00e9.  Fromage semi-affin\u00e9.\" \/>\n<meta property=\"og:url\" content=\"https:\/\/www.fortunyo.es\/fr\/product\/fromages-affines-cuits-et-fromages\" \/>\n<meta property=\"og:site_name\" content=\"Fortu\u00f1o\" \/>\n<meta property=\"article:modified_time\" content=\"2025-04-16T14:19:06+00:00\" \/>\n<meta property=\"og:image\" content=\"https:\/\/www.fortunyo.es\/wp-content\/uploads\/2025\/04\/envato-labs-image-edit-ok.png\" \/>\n\t<meta property=\"og:image:width\" content=\"1000\" \/>\n\t<meta property=\"og:image:height\" content=\"664\" \/>\n\t<meta property=\"og:image:type\" content=\"image\/png\" \/>\n<meta name=\"twitter:card\" content=\"summary_large_image\" \/>\n<meta name=\"twitter:label1\" content=\"Dur\u00e9e de lecture estim\u00e9e\" \/>\n\t<meta name=\"twitter:data1\" content=\"1 minute\" \/>\n<script type=\"application\/ld+json\" class=\"yoast-schema-graph\">{\"@context\":\"https:\/\/schema.org\",\"@graph\":[{\"@type\":\"WebPage\",\"@id\":\"https:\/\/www.fortunyo.es\/fr\/product\/fromages-affines-cuits-et-fromages\",\"url\":\"https:\/\/www.fortunyo.es\/fr\/product\/fromages-affines-cuits-et-fromages\",\"name\":\"Fromages affin\u00e9s, cuits et fromages - Fortu\u00f1o\",\"isPartOf\":{\"@id\":\"https:\/\/www.fortunyo.es\/fr#website\"},\"primaryImageOfPage\":{\"@id\":\"https:\/\/www.fortunyo.es\/fr\/product\/fromages-affines-cuits-et-fromages#primaryimage\"},\"image\":{\"@id\":\"https:\/\/www.fortunyo.es\/fr\/product\/fromages-affines-cuits-et-fromages#primaryimage\"},\"thumbnailUrl\":\"https:\/\/www.fortunyo.es\/wp-content\/uploads\/2025\/04\/envato-labs-image-edit-ok.png\",\"datePublished\":\"2024-10-24T10:44:34+00:00\",\"dateModified\":\"2025-04-16T14:19:06+00:00\",\"breadcrumb\":{\"@id\":\"https:\/\/www.fortunyo.es\/fr\/product\/fromages-affines-cuits-et-fromages#breadcrumb\"},\"inLanguage\":\"fr-FR\",\"potentialAction\":[{\"@type\":\"ReadAction\",\"target\":[\"https:\/\/www.fortunyo.es\/fr\/product\/fromages-affines-cuits-et-fromages\"]}]},{\"@type\":\"ImageObject\",\"inLanguage\":\"fr-FR\",\"@id\":\"https:\/\/www.fortunyo.es\/fr\/product\/fromages-affines-cuits-et-fromages#primaryimage\",\"url\":\"https:\/\/www.fortunyo.es\/wp-content\/uploads\/2025\/04\/envato-labs-image-edit-ok.png\",\"contentUrl\":\"https:\/\/www.fortunyo.es\/wp-content\/uploads\/2025\/04\/envato-labs-image-edit-ok.png\",\"width\":1000,\"height\":664,\"caption\":\"Embutidos y quesos\"},{\"@type\":\"BreadcrumbList\",\"@id\":\"https:\/\/www.fortunyo.es\/fr\/product\/fromages-affines-cuits-et-fromages#breadcrumb\",\"itemListElement\":[{\"@type\":\"ListItem\",\"position\":1,\"name\":\"Portada\",\"item\":\"https:\/\/www.fortunyo.es\/fr\"},{\"@type\":\"ListItem\",\"position\":2,\"name\":\"Produits\",\"item\":\"https:\/\/www.fortunyo.es\/produits\"},{\"@type\":\"ListItem\",\"position\":3,\"name\":\"Fromages affin\u00e9s, cuits et fromages\"}]},{\"@type\":\"WebSite\",\"@id\":\"https:\/\/www.fortunyo.es\/fr#website\",\"url\":\"https:\/\/www.fortunyo.es\/fr\",\"name\":\"Fortu\u00f1o\",\"description\":\"Carns i menuts\",\"potentialAction\":[{\"@type\":\"SearchAction\",\"target\":{\"@type\":\"EntryPoint\",\"urlTemplate\":\"https:\/\/www.fortunyo.es\/fr?s={search_term_string}\"},\"query-input\":{\"@type\":\"PropertyValueSpecification\",\"valueRequired\":true,\"valueName\":\"search_term_string\"}}],\"inLanguage\":\"fr-FR\"}]}<\/script>\n<!-- \/ Yoast SEO plugin. -->","yoast_head_json":{"title":"Fromages affin\u00e9s, cuits et fromages - Fortu\u00f1o","robots":{"index":"index","follow":"follow","max-snippet":"max-snippet:-1","max-image-preview":"max-image-preview:large","max-video-preview":"max-video-preview:-1"},"canonical":"https:\/\/www.fortunyo.es\/fr\/product\/fromages-affines-cuits-et-fromages","og_locale":"fr_FR","og_type":"article","og_title":"Fromages affin\u00e9s, cuits et fromages - Fortu\u00f1o","og_description":"Articles disponibles:   Longe de porc au poivre.  Salade ib\u00e9rique sal\u00e9e.  Centre de jambon (entier).  Centre de jambon (tranch\u00e9).  Chorizo ib\u00e9rique.  Chorizo \u00e9pic\u00e9.  Jambon ib\u00e9rique entier.  Jambon hongrois entier.  Longe s\u00e9ch\u00e9e.  Longe ib\u00e9rique s\u00e9ch\u00e9e.  Bacon s\u00e9ch\u00e9.  Saucisse ib\u00e9rique cular.  S\u00e9callona.  Sumaia extra.  Bacon rustique.  Saucisse blanche.  Boudin noir \u00e0 l'oignon.  Francfort (Pack 8 unit\u00e9s).  Barre d'Edam.  Fromage affin\u00e9.  Fromage semi-affin\u00e9.","og_url":"https:\/\/www.fortunyo.es\/fr\/product\/fromages-affines-cuits-et-fromages","og_site_name":"Fortu\u00f1o","article_modified_time":"2025-04-16T14:19:06+00:00","og_image":[{"width":1000,"height":664,"url":"https:\/\/www.fortunyo.es\/wp-content\/uploads\/2025\/04\/envato-labs-image-edit-ok.png","type":"image\/png"}],"twitter_card":"summary_large_image","twitter_misc":{"Dur\u00e9e de lecture estim\u00e9e":"1 minute"},"schema":{"@context":"https:\/\/schema.org","@graph":[{"@type":"WebPage","@id":"https:\/\/www.fortunyo.es\/fr\/product\/fromages-affines-cuits-et-fromages","url":"https:\/\/www.fortunyo.es\/fr\/product\/fromages-affines-cuits-et-fromages","name":"Fromages affin\u00e9s, cuits et fromages - Fortu\u00f1o","isPartOf":{"@id":"https:\/\/www.fortunyo.es\/fr#website"},"primaryImageOfPage":{"@id":"https:\/\/www.fortunyo.es\/fr\/product\/fromages-affines-cuits-et-fromages#primaryimage"},"image":{"@id":"https:\/\/www.fortunyo.es\/fr\/product\/fromages-affines-cuits-et-fromages#primaryimage"},"thumbnailUrl":"https:\/\/www.fortunyo.es\/wp-content\/uploads\/2025\/04\/envato-labs-image-edit-ok.png","datePublished":"2024-10-24T10:44:34+00:00","dateModified":"2025-04-16T14:19:06+00:00","breadcrumb":{"@id":"https:\/\/www.fortunyo.es\/fr\/product\/fromages-affines-cuits-et-fromages#breadcrumb"},"inLanguage":"fr-FR","potentialAction":[{"@type":"ReadAction","target":["https:\/\/www.fortunyo.es\/fr\/product\/fromages-affines-cuits-et-fromages"]}]},{"@type":"ImageObject","inLanguage":"fr-FR","@id":"https:\/\/www.fortunyo.es\/fr\/product\/fromages-affines-cuits-et-fromages#primaryimage","url":"https:\/\/www.fortunyo.es\/wp-content\/uploads\/2025\/04\/envato-labs-image-edit-ok.png","contentUrl":"https:\/\/www.fortunyo.es\/wp-content\/uploads\/2025\/04\/envato-labs-image-edit-ok.png","width":1000,"height":664,"caption":"Embutidos y quesos"},{"@type":"BreadcrumbList","@id":"https:\/\/www.fortunyo.es\/fr\/product\/fromages-affines-cuits-et-fromages#breadcrumb","itemListElement":[{"@type":"ListItem","position":1,"name":"Portada","item":"https:\/\/www.fortunyo.es\/fr"},{"@type":"ListItem","position":2,"name":"Produits","item":"https:\/\/www.fortunyo.es\/produits"},{"@type":"ListItem","position":3,"name":"Fromages affin\u00e9s, cuits et fromages"}]},{"@type":"WebSite","@id":"https:\/\/www.fortunyo.es\/fr#website","url":"https:\/\/www.fortunyo.es\/fr","name":"Fortu\u00f1o","description":"Carns i menuts","potentialAction":[{"@type":"SearchAction","target":{"@type":"EntryPoint","urlTemplate":"https:\/\/www.fortunyo.es\/fr?s={search_term_string}"},"query-input":{"@type":"PropertyValueSpecification","valueRequired":true,"valueName":"search_term_string"}}],"inLanguage":"fr-FR"}]}},"_links":{"self":[{"href":"https:\/\/www.fortunyo.es\/fr\/wp-json\/wp\/v2\/product\/38619","targetHints":{"allow":["GET"]}}],"collection":[{"href":"https:\/\/www.fortunyo.es\/fr\/wp-json\/wp\/v2\/product"}],"about":[{"href":"https:\/\/www.fortunyo.es\/fr\/wp-json\/wp\/v2\/types\/product"}],"replies":[{"embeddable":true,"href":"https:\/\/www.fortunyo.es\/fr\/wp-json\/wp\/v2\/comments?post=38619"}],"version-history":[{"count":1,"href":"https:\/\/www.fortunyo.es\/fr\/wp-json\/wp\/v2\/product\/38619\/revisions"}],"predecessor-version":[{"id":38717,"href":"https:\/\/www.fortunyo.es\/fr\/wp-json\/wp\/v2\/product\/38619\/revisions\/38717"}],"wp:featuredmedia":[{"embeddable":true,"href":"https:\/\/www.fortunyo.es\/fr\/wp-json\/wp\/v2\/media\/38688"}],"wp:attachment":[{"href":"https:\/\/www.fortunyo.es\/fr\/wp-json\/wp\/v2\/media?parent=38619"}],"wp:term":[{"taxonomy":"product_brand","embeddable":true,"href":"https:\/\/www.fortunyo.es\/fr\/wp-json\/wp\/v2\/product_brand?post=38619"},{"taxonomy":"product_cat","embeddable":true,"href":"https:\/\/www.fortunyo.es\/fr\/wp-json\/wp\/v2\/product_cat?post=38619"},{"taxonomy":"product_tag","embeddable":true,"href":"https:\/\/www.fortunyo.es\/fr\/wp-json\/wp\/v2\/product_tag?post=38619"}],"curies":[{"name":"wp","href":"https:\/\/api.w.org\/{rel}","templated":true}]}}