{"id":38640,"date":"2024-10-24T10:39:21","date_gmt":"2024-10-24T10:39:21","guid":{"rendered":"https:\/\/www.fortunyo.es\/product\/nos-produits"},"modified":"2025-04-16T14:15:17","modified_gmt":"2025-04-16T14:15:17","slug":"nos-produits","status":"publish","type":"product","link":"https:\/\/www.fortunyo.es\/fr\/product\/nos-produits","title":{"rendered":"Pr\u00e9par\u00e9"},"content":{"rendered":"<ul>\n<li>Boulettes de viande.<\/li>\n<li>Viande de burger de porc (hach\u00e9e).<\/li>\n<li>Burger de viande mixte (Hache).<\/li>\n<li>Burger de b\u0153uf (hach\u00e9).<\/li>\n<li>Chistorra.<\/li>\n<li>Chorizo \u200b\u200bfrais grill\u00e9.<\/li>\n<li>C\u00f4tes de porc marin\u00e9es.<\/li>\n<li>Burger de b\u0153uf (Hamburger).<\/li>\n<li>Longe marin\u00e9e.<\/li>\n<li>Saucisse au poivre.<\/li>\n<li>Brochette mauresque avec un b\u00e2ton.<\/li>\n<li>Brochette mauresque en vrac.<\/li>\n<\/ul>\n","protected":false},"excerpt":{"rendered":"<p>Boulettes de viande. Viande de burger de porc (hach\u00e9e). Burger de viande mixte (Hache). Burger de b\u0153uf (hach\u00e9). Chistorra. Chorizo \u200b\u200bfrais grill\u00e9. C\u00f4tes de porc marin\u00e9es. Burger de b\u0153uf (Hamburger). Longe marin\u00e9e. Saucisse au poivre. Brochette mauresque avec un b\u00e2ton. Brochette mauresque en vrac.<\/p>\n","protected":false},"featured_media":38089,"comment_status":"closed","ping_status":"closed","template":"","meta":{"_acf_changed":false},"product_brand":[],"product_cat":[198,200],"product_tag":[],"class_list":{"0":"post-38640","1":"product","2":"type-product","3":"status-publish","4":"has-post-thumbnail","6":"product_cat-nos-produits","7":"product_cat-porcin","9":"first","10":"instock","11":"shipping-taxable","12":"product-type-simple"},"acf":[],"yoast_head":"<!-- This site is optimized with the Yoast SEO plugin v24.7 - https:\/\/yoast.com\/wordpress\/plugins\/seo\/ -->\n<title>Pr\u00e9par\u00e9 - Fortu\u00f1o<\/title>\n<meta name=\"robots\" content=\"index, follow, max-snippet:-1, max-image-preview:large, max-video-preview:-1\" \/>\n<link rel=\"canonical\" href=\"https:\/\/www.fortunyo.es\/fr\/product\/nos-produits\" \/>\n<meta property=\"og:locale\" content=\"fr_FR\" \/>\n<meta property=\"og:type\" content=\"article\" \/>\n<meta property=\"og:title\" content=\"Pr\u00e9par\u00e9 - Fortu\u00f1o\" \/>\n<meta property=\"og:description\" content=\"Boulettes de viande. Viande de burger de porc (hach\u00e9e). Burger de viande mixte (Hache). Burger de b\u0153uf (hach\u00e9). Chistorra. Chorizo \u200b\u200bfrais grill\u00e9. C\u00f4tes de porc marin\u00e9es. Burger de b\u0153uf (Hamburger). Longe marin\u00e9e. Saucisse au poivre. Brochette mauresque avec un b\u00e2ton. Brochette mauresque en vrac.\" \/>\n<meta property=\"og:url\" content=\"https:\/\/www.fortunyo.es\/fr\/product\/nos-produits\" \/>\n<meta property=\"og:site_name\" content=\"Fortu\u00f1o\" \/>\n<meta property=\"article:modified_time\" content=\"2025-04-16T14:15:17+00:00\" \/>\n<meta property=\"og:image\" content=\"https:\/\/www.fortunyo.es\/wp-content\/uploads\/2024\/10\/raw-cutlets-for-hamburger-isolated-on-white-backgr-2025-01-08-04-59-28-utc-scaled.jpg\" \/>\n\t<meta property=\"og:image:width\" content=\"2560\" \/>\n\t<meta property=\"og:image:height\" content=\"1722\" \/>\n\t<meta property=\"og:image:type\" content=\"image\/jpeg\" \/>\n<meta name=\"twitter:card\" content=\"summary_large_image\" \/>\n<meta name=\"twitter:label1\" content=\"Dur\u00e9e de lecture estim\u00e9e\" \/>\n\t<meta name=\"twitter:data1\" content=\"1 minute\" \/>\n<script type=\"application\/ld+json\" class=\"yoast-schema-graph\">{\"@context\":\"https:\/\/schema.org\",\"@graph\":[{\"@type\":\"WebPage\",\"@id\":\"https:\/\/www.fortunyo.es\/fr\/product\/nos-produits\",\"url\":\"https:\/\/www.fortunyo.es\/fr\/product\/nos-produits\",\"name\":\"Pr\u00e9par\u00e9 - Fortu\u00f1o\",\"isPartOf\":{\"@id\":\"https:\/\/www.fortunyo.es\/fr#website\"},\"primaryImageOfPage\":{\"@id\":\"https:\/\/www.fortunyo.es\/fr\/product\/nos-produits#primaryimage\"},\"image\":{\"@id\":\"https:\/\/www.fortunyo.es\/fr\/product\/nos-produits#primaryimage\"},\"thumbnailUrl\":\"https:\/\/www.fortunyo.es\/wp-content\/uploads\/2024\/10\/raw-cutlets-for-hamburger-isolated-on-white-backgr-2025-01-08-04-59-28-utc-scaled.jpg\",\"datePublished\":\"2024-10-24T10:39:21+00:00\",\"dateModified\":\"2025-04-16T14:15:17+00:00\",\"breadcrumb\":{\"@id\":\"https:\/\/www.fortunyo.es\/fr\/product\/nos-produits#breadcrumb\"},\"inLanguage\":\"fr-FR\",\"potentialAction\":[{\"@type\":\"ReadAction\",\"target\":[\"https:\/\/www.fortunyo.es\/fr\/product\/nos-produits\"]}]},{\"@type\":\"ImageObject\",\"inLanguage\":\"fr-FR\",\"@id\":\"https:\/\/www.fortunyo.es\/fr\/product\/nos-produits#primaryimage\",\"url\":\"https:\/\/www.fortunyo.es\/wp-content\/uploads\/2024\/10\/raw-cutlets-for-hamburger-isolated-on-white-backgr-2025-01-08-04-59-28-utc-scaled.jpg\",\"contentUrl\":\"https:\/\/www.fortunyo.es\/wp-content\/uploads\/2024\/10\/raw-cutlets-for-hamburger-isolated-on-white-backgr-2025-01-08-04-59-28-utc-scaled.jpg\",\"width\":2560,\"height\":1722,\"caption\":\"Stack of fresh raw burger patty isolated on white background\"},{\"@type\":\"BreadcrumbList\",\"@id\":\"https:\/\/www.fortunyo.es\/fr\/product\/nos-produits#breadcrumb\",\"itemListElement\":[{\"@type\":\"ListItem\",\"position\":1,\"name\":\"Portada\",\"item\":\"https:\/\/www.fortunyo.es\/fr\"},{\"@type\":\"ListItem\",\"position\":2,\"name\":\"Produits\",\"item\":\"https:\/\/www.fortunyo.es\/produits\"},{\"@type\":\"ListItem\",\"position\":3,\"name\":\"Pr\u00e9par\u00e9\"}]},{\"@type\":\"WebSite\",\"@id\":\"https:\/\/www.fortunyo.es\/fr#website\",\"url\":\"https:\/\/www.fortunyo.es\/fr\",\"name\":\"Fortu\u00f1o\",\"description\":\"Carns i menuts\",\"potentialAction\":[{\"@type\":\"SearchAction\",\"target\":{\"@type\":\"EntryPoint\",\"urlTemplate\":\"https:\/\/www.fortunyo.es\/fr?s={search_term_string}\"},\"query-input\":{\"@type\":\"PropertyValueSpecification\",\"valueRequired\":true,\"valueName\":\"search_term_string\"}}],\"inLanguage\":\"fr-FR\"}]}<\/script>\n<!-- \/ Yoast SEO plugin. -->","yoast_head_json":{"title":"Pr\u00e9par\u00e9 - Fortu\u00f1o","robots":{"index":"index","follow":"follow","max-snippet":"max-snippet:-1","max-image-preview":"max-image-preview:large","max-video-preview":"max-video-preview:-1"},"canonical":"https:\/\/www.fortunyo.es\/fr\/product\/nos-produits","og_locale":"fr_FR","og_type":"article","og_title":"Pr\u00e9par\u00e9 - Fortu\u00f1o","og_description":"Boulettes de viande. Viande de burger de porc (hach\u00e9e). Burger de viande mixte (Hache). Burger de b\u0153uf (hach\u00e9). Chistorra. Chorizo \u200b\u200bfrais grill\u00e9. C\u00f4tes de porc marin\u00e9es. Burger de b\u0153uf (Hamburger). Longe marin\u00e9e. Saucisse au poivre. Brochette mauresque avec un b\u00e2ton. Brochette mauresque en vrac.","og_url":"https:\/\/www.fortunyo.es\/fr\/product\/nos-produits","og_site_name":"Fortu\u00f1o","article_modified_time":"2025-04-16T14:15:17+00:00","og_image":[{"width":2560,"height":1722,"url":"https:\/\/www.fortunyo.es\/wp-content\/uploads\/2024\/10\/raw-cutlets-for-hamburger-isolated-on-white-backgr-2025-01-08-04-59-28-utc-scaled.jpg","type":"image\/jpeg"}],"twitter_card":"summary_large_image","twitter_misc":{"Dur\u00e9e de lecture estim\u00e9e":"1 minute"},"schema":{"@context":"https:\/\/schema.org","@graph":[{"@type":"WebPage","@id":"https:\/\/www.fortunyo.es\/fr\/product\/nos-produits","url":"https:\/\/www.fortunyo.es\/fr\/product\/nos-produits","name":"Pr\u00e9par\u00e9 - Fortu\u00f1o","isPartOf":{"@id":"https:\/\/www.fortunyo.es\/fr#website"},"primaryImageOfPage":{"@id":"https:\/\/www.fortunyo.es\/fr\/product\/nos-produits#primaryimage"},"image":{"@id":"https:\/\/www.fortunyo.es\/fr\/product\/nos-produits#primaryimage"},"thumbnailUrl":"https:\/\/www.fortunyo.es\/wp-content\/uploads\/2024\/10\/raw-cutlets-for-hamburger-isolated-on-white-backgr-2025-01-08-04-59-28-utc-scaled.jpg","datePublished":"2024-10-24T10:39:21+00:00","dateModified":"2025-04-16T14:15:17+00:00","breadcrumb":{"@id":"https:\/\/www.fortunyo.es\/fr\/product\/nos-produits#breadcrumb"},"inLanguage":"fr-FR","potentialAction":[{"@type":"ReadAction","target":["https:\/\/www.fortunyo.es\/fr\/product\/nos-produits"]}]},{"@type":"ImageObject","inLanguage":"fr-FR","@id":"https:\/\/www.fortunyo.es\/fr\/product\/nos-produits#primaryimage","url":"https:\/\/www.fortunyo.es\/wp-content\/uploads\/2024\/10\/raw-cutlets-for-hamburger-isolated-on-white-backgr-2025-01-08-04-59-28-utc-scaled.jpg","contentUrl":"https:\/\/www.fortunyo.es\/wp-content\/uploads\/2024\/10\/raw-cutlets-for-hamburger-isolated-on-white-backgr-2025-01-08-04-59-28-utc-scaled.jpg","width":2560,"height":1722,"caption":"Stack of fresh raw burger patty isolated on white background"},{"@type":"BreadcrumbList","@id":"https:\/\/www.fortunyo.es\/fr\/product\/nos-produits#breadcrumb","itemListElement":[{"@type":"ListItem","position":1,"name":"Portada","item":"https:\/\/www.fortunyo.es\/fr"},{"@type":"ListItem","position":2,"name":"Produits","item":"https:\/\/www.fortunyo.es\/produits"},{"@type":"ListItem","position":3,"name":"Pr\u00e9par\u00e9"}]},{"@type":"WebSite","@id":"https:\/\/www.fortunyo.es\/fr#website","url":"https:\/\/www.fortunyo.es\/fr","name":"Fortu\u00f1o","description":"Carns i menuts","potentialAction":[{"@type":"SearchAction","target":{"@type":"EntryPoint","urlTemplate":"https:\/\/www.fortunyo.es\/fr?s={search_term_string}"},"query-input":{"@type":"PropertyValueSpecification","valueRequired":true,"valueName":"search_term_string"}}],"inLanguage":"fr-FR"}]}},"_links":{"self":[{"href":"https:\/\/www.fortunyo.es\/fr\/wp-json\/wp\/v2\/product\/38640","targetHints":{"allow":["GET"]}}],"collection":[{"href":"https:\/\/www.fortunyo.es\/fr\/wp-json\/wp\/v2\/product"}],"about":[{"href":"https:\/\/www.fortunyo.es\/fr\/wp-json\/wp\/v2\/types\/product"}],"replies":[{"embeddable":true,"href":"https:\/\/www.fortunyo.es\/fr\/wp-json\/wp\/v2\/comments?post=38640"}],"version-history":[{"count":3,"href":"https:\/\/www.fortunyo.es\/fr\/wp-json\/wp\/v2\/product\/38640\/revisions"}],"predecessor-version":[{"id":38713,"href":"https:\/\/www.fortunyo.es\/fr\/wp-json\/wp\/v2\/product\/38640\/revisions\/38713"}],"wp:featuredmedia":[{"embeddable":true,"href":"https:\/\/www.fortunyo.es\/fr\/wp-json\/wp\/v2\/media\/38089"}],"wp:attachment":[{"href":"https:\/\/www.fortunyo.es\/fr\/wp-json\/wp\/v2\/media?parent=38640"}],"wp:term":[{"taxonomy":"product_brand","embeddable":true,"href":"https:\/\/www.fortunyo.es\/fr\/wp-json\/wp\/v2\/product_brand?post=38640"},{"taxonomy":"product_cat","embeddable":true,"href":"https:\/\/www.fortunyo.es\/fr\/wp-json\/wp\/v2\/product_cat?post=38640"},{"taxonomy":"product_tag","embeddable":true,"href":"https:\/\/www.fortunyo.es\/fr\/wp-json\/wp\/v2\/product_tag?post=38640"}],"curies":[{"name":"wp","href":"https:\/\/api.w.org\/{rel}","templated":true}]}}