{"id":38647,"date":"2023-02-24T09:40:42","date_gmt":"2023-02-24T09:40:42","guid":{"rendered":"https:\/\/www.fortunyo.es\/product\/pieds-de-porc-cuits"},"modified":"2025-04-16T14:28:21","modified_gmt":"2025-04-16T14:28:21","slug":"pieds-de-porc-cuits","status":"publish","type":"product","link":"https:\/\/www.fortunyo.es\/fr\/product\/pieds-de-porc-cuits","title":{"rendered":"Pieds de porc cuits"},"content":{"rendered":"<p>Bo\u00eete 10 uts<\/p>\n<p>Sacs 4 uts<\/p>\n<p>Bo\u00eete 5 uts<\/p>\n<p>Sacs 4 uts<\/p>\n","protected":false},"excerpt":{"rendered":"<p>De texture g\u00e9latineuse et pleine de saveur, elles sont id\u00e9ales pour une cuisson lente dans des rago\u00fbts ou pour pr\u00e9parer des recettes qui n\u00e9cessitent une touche unique. Nutritifs et polyvalents, nos pieds de porc ajoutent de la profondeur et de la richesse \u00e0 n&rsquo;importe quel plat, des soupes aux plats principaux brais\u00e9s. Savourez cette coupe traditionnelle qui promet de rehausser vos recettes\u2026<\/p>\n<p>&nbsp;<\/p>\n","protected":false},"featured_media":38023,"comment_status":"open","ping_status":"closed","template":"","meta":{"_acf_changed":false},"product_brand":[],"product_cat":[200,201,199],"product_tag":[],"class_list":{"0":"post-38647","1":"product","2":"type-product","3":"status-publish","4":"has-post-thumbnail","6":"product_cat-porcin","7":"product_cat-precuites","8":"product_cat-viandes","10":"first","11":"outofstock","12":"sale","13":"shipping-taxable","14":"purchasable","15":"product-type-variable"},"acf":[],"yoast_head":"<!-- This site is optimized with the Yoast SEO plugin v24.7 - https:\/\/yoast.com\/wordpress\/plugins\/seo\/ -->\n<title>Pieds de porc cuits - Fortu\u00f1o<\/title>\n<meta name=\"robots\" content=\"index, follow, max-snippet:-1, max-image-preview:large, max-video-preview:-1\" \/>\n<link rel=\"canonical\" href=\"https:\/\/www.fortunyo.es\/fr\/product\/pieds-de-porc-cuits\" \/>\n<meta property=\"og:locale\" content=\"fr_FR\" \/>\n<meta property=\"og:type\" content=\"article\" \/>\n<meta property=\"og:title\" content=\"Pieds de porc cuits - Fortu\u00f1o\" \/>\n<meta property=\"og:description\" content=\"De texture g\u00e9latineuse et pleine de saveur, elles sont id\u00e9ales pour une cuisson lente dans des rago\u00fbts ou pour pr\u00e9parer des recettes qui n\u00e9cessitent une touche unique. Nutritifs et polyvalents, nos pieds de porc ajoutent de la profondeur et de la richesse \u00e0 n&#039;importe quel plat, des soupes aux plats principaux brais\u00e9s. Savourez cette coupe traditionnelle qui promet de rehausser vos recettes\u2026 &nbsp;\" \/>\n<meta property=\"og:url\" content=\"https:\/\/www.fortunyo.es\/fr\/product\/pieds-de-porc-cuits\" \/>\n<meta property=\"og:site_name\" content=\"Fortu\u00f1o\" \/>\n<meta property=\"article:modified_time\" content=\"2025-04-16T14:28:21+00:00\" \/>\n<meta property=\"og:image\" content=\"https:\/\/www.fortunyo.es\/wp-content\/uploads\/2023\/02\/PEUS-PORC-1024x576.png\" \/>\n\t<meta property=\"og:image:width\" content=\"1024\" \/>\n\t<meta property=\"og:image:height\" content=\"576\" \/>\n\t<meta property=\"og:image:type\" content=\"image\/png\" \/>\n<meta name=\"twitter:card\" content=\"summary_large_image\" \/>\n<script type=\"application\/ld+json\" class=\"yoast-schema-graph\">{\"@context\":\"https:\/\/schema.org\",\"@graph\":[{\"@type\":\"WebPage\",\"@id\":\"https:\/\/www.fortunyo.es\/fr\/product\/pieds-de-porc-cuits\",\"url\":\"https:\/\/www.fortunyo.es\/fr\/product\/pieds-de-porc-cuits\",\"name\":\"Pieds de porc cuits - Fortu\u00f1o\",\"isPartOf\":{\"@id\":\"https:\/\/www.fortunyo.es\/fr#website\"},\"primaryImageOfPage\":{\"@id\":\"https:\/\/www.fortunyo.es\/fr\/product\/pieds-de-porc-cuits#primaryimage\"},\"image\":{\"@id\":\"https:\/\/www.fortunyo.es\/fr\/product\/pieds-de-porc-cuits#primaryimage\"},\"thumbnailUrl\":\"https:\/\/www.fortunyo.es\/wp-content\/uploads\/2023\/02\/PEUS-PORC-e1726150374523.png\",\"datePublished\":\"2023-02-24T09:40:42+00:00\",\"dateModified\":\"2025-04-16T14:28:21+00:00\",\"breadcrumb\":{\"@id\":\"https:\/\/www.fortunyo.es\/fr\/product\/pieds-de-porc-cuits#breadcrumb\"},\"inLanguage\":\"fr-FR\",\"potentialAction\":[{\"@type\":\"ReadAction\",\"target\":[\"https:\/\/www.fortunyo.es\/fr\/product\/pieds-de-porc-cuits\"]}]},{\"@type\":\"ImageObject\",\"inLanguage\":\"fr-FR\",\"@id\":\"https:\/\/www.fortunyo.es\/fr\/product\/pieds-de-porc-cuits#primaryimage\",\"url\":\"https:\/\/www.fortunyo.es\/wp-content\/uploads\/2023\/02\/PEUS-PORC-e1726150374523.png\",\"contentUrl\":\"https:\/\/www.fortunyo.es\/wp-content\/uploads\/2023\/02\/PEUS-PORC-e1726150374523.png\",\"width\":4240,\"height\":2384,\"caption\":\"pieds de porc cuits carns fortunyo\"},{\"@type\":\"BreadcrumbList\",\"@id\":\"https:\/\/www.fortunyo.es\/fr\/product\/pieds-de-porc-cuits#breadcrumb\",\"itemListElement\":[{\"@type\":\"ListItem\",\"position\":1,\"name\":\"Portada\",\"item\":\"https:\/\/www.fortunyo.es\/fr\"},{\"@type\":\"ListItem\",\"position\":2,\"name\":\"Produits\",\"item\":\"https:\/\/www.fortunyo.es\/produits\"},{\"@type\":\"ListItem\",\"position\":3,\"name\":\"Pieds de porc cuits\"}]},{\"@type\":\"WebSite\",\"@id\":\"https:\/\/www.fortunyo.es\/fr#website\",\"url\":\"https:\/\/www.fortunyo.es\/fr\",\"name\":\"Fortu\u00f1o\",\"description\":\"Carns i menuts\",\"potentialAction\":[{\"@type\":\"SearchAction\",\"target\":{\"@type\":\"EntryPoint\",\"urlTemplate\":\"https:\/\/www.fortunyo.es\/fr?s={search_term_string}\"},\"query-input\":{\"@type\":\"PropertyValueSpecification\",\"valueRequired\":true,\"valueName\":\"search_term_string\"}}],\"inLanguage\":\"fr-FR\"}]}<\/script>\n<!-- \/ Yoast SEO plugin. -->","yoast_head_json":{"title":"Pieds de porc cuits - Fortu\u00f1o","robots":{"index":"index","follow":"follow","max-snippet":"max-snippet:-1","max-image-preview":"max-image-preview:large","max-video-preview":"max-video-preview:-1"},"canonical":"https:\/\/www.fortunyo.es\/fr\/product\/pieds-de-porc-cuits","og_locale":"fr_FR","og_type":"article","og_title":"Pieds de porc cuits - Fortu\u00f1o","og_description":"De texture g\u00e9latineuse et pleine de saveur, elles sont id\u00e9ales pour une cuisson lente dans des rago\u00fbts ou pour pr\u00e9parer des recettes qui n\u00e9cessitent une touche unique. Nutritifs et polyvalents, nos pieds de porc ajoutent de la profondeur et de la richesse \u00e0 n'importe quel plat, des soupes aux plats principaux brais\u00e9s. Savourez cette coupe traditionnelle qui promet de rehausser vos recettes\u2026 &nbsp;","og_url":"https:\/\/www.fortunyo.es\/fr\/product\/pieds-de-porc-cuits","og_site_name":"Fortu\u00f1o","article_modified_time":"2025-04-16T14:28:21+00:00","og_image":[{"width":1024,"height":576,"url":"https:\/\/www.fortunyo.es\/wp-content\/uploads\/2023\/02\/PEUS-PORC-1024x576.png","type":"image\/png"}],"twitter_card":"summary_large_image","schema":{"@context":"https:\/\/schema.org","@graph":[{"@type":"WebPage","@id":"https:\/\/www.fortunyo.es\/fr\/product\/pieds-de-porc-cuits","url":"https:\/\/www.fortunyo.es\/fr\/product\/pieds-de-porc-cuits","name":"Pieds de porc cuits - Fortu\u00f1o","isPartOf":{"@id":"https:\/\/www.fortunyo.es\/fr#website"},"primaryImageOfPage":{"@id":"https:\/\/www.fortunyo.es\/fr\/product\/pieds-de-porc-cuits#primaryimage"},"image":{"@id":"https:\/\/www.fortunyo.es\/fr\/product\/pieds-de-porc-cuits#primaryimage"},"thumbnailUrl":"https:\/\/www.fortunyo.es\/wp-content\/uploads\/2023\/02\/PEUS-PORC-e1726150374523.png","datePublished":"2023-02-24T09:40:42+00:00","dateModified":"2025-04-16T14:28:21+00:00","breadcrumb":{"@id":"https:\/\/www.fortunyo.es\/fr\/product\/pieds-de-porc-cuits#breadcrumb"},"inLanguage":"fr-FR","potentialAction":[{"@type":"ReadAction","target":["https:\/\/www.fortunyo.es\/fr\/product\/pieds-de-porc-cuits"]}]},{"@type":"ImageObject","inLanguage":"fr-FR","@id":"https:\/\/www.fortunyo.es\/fr\/product\/pieds-de-porc-cuits#primaryimage","url":"https:\/\/www.fortunyo.es\/wp-content\/uploads\/2023\/02\/PEUS-PORC-e1726150374523.png","contentUrl":"https:\/\/www.fortunyo.es\/wp-content\/uploads\/2023\/02\/PEUS-PORC-e1726150374523.png","width":4240,"height":2384,"caption":"pieds de porc cuits carns fortunyo"},{"@type":"BreadcrumbList","@id":"https:\/\/www.fortunyo.es\/fr\/product\/pieds-de-porc-cuits#breadcrumb","itemListElement":[{"@type":"ListItem","position":1,"name":"Portada","item":"https:\/\/www.fortunyo.es\/fr"},{"@type":"ListItem","position":2,"name":"Produits","item":"https:\/\/www.fortunyo.es\/produits"},{"@type":"ListItem","position":3,"name":"Pieds de porc cuits"}]},{"@type":"WebSite","@id":"https:\/\/www.fortunyo.es\/fr#website","url":"https:\/\/www.fortunyo.es\/fr","name":"Fortu\u00f1o","description":"Carns i menuts","potentialAction":[{"@type":"SearchAction","target":{"@type":"EntryPoint","urlTemplate":"https:\/\/www.fortunyo.es\/fr?s={search_term_string}"},"query-input":{"@type":"PropertyValueSpecification","valueRequired":true,"valueName":"search_term_string"}}],"inLanguage":"fr-FR"}]}},"_links":{"self":[{"href":"https:\/\/www.fortunyo.es\/fr\/wp-json\/wp\/v2\/product\/38647","targetHints":{"allow":["GET"]}}],"collection":[{"href":"https:\/\/www.fortunyo.es\/fr\/wp-json\/wp\/v2\/product"}],"about":[{"href":"https:\/\/www.fortunyo.es\/fr\/wp-json\/wp\/v2\/types\/product"}],"replies":[{"embeddable":true,"href":"https:\/\/www.fortunyo.es\/fr\/wp-json\/wp\/v2\/comments?post=38647"}],"version-history":[{"count":0,"href":"https:\/\/www.fortunyo.es\/fr\/wp-json\/wp\/v2\/product\/38647\/revisions"}],"wp:featuredmedia":[{"embeddable":true,"href":"https:\/\/www.fortunyo.es\/fr\/wp-json\/wp\/v2\/media\/38023"}],"wp:attachment":[{"href":"https:\/\/www.fortunyo.es\/fr\/wp-json\/wp\/v2\/media?parent=38647"}],"wp:term":[{"taxonomy":"product_brand","embeddable":true,"href":"https:\/\/www.fortunyo.es\/fr\/wp-json\/wp\/v2\/product_brand?post=38647"},{"taxonomy":"product_cat","embeddable":true,"href":"https:\/\/www.fortunyo.es\/fr\/wp-json\/wp\/v2\/product_cat?post=38647"},{"taxonomy":"product_tag","embeddable":true,"href":"https:\/\/www.fortunyo.es\/fr\/wp-json\/wp\/v2\/product_tag?post=38647"}],"curies":[{"name":"wp","href":"https:\/\/api.w.org\/{rel}","templated":true}]}}