{"id":38651,"date":"2024-09-13T11:06:06","date_gmt":"2024-09-13T11:06:06","guid":{"rendered":"https:\/\/www.fortunyo.es\/product\/pieds-de-porc-cuits-aux-herbes"},"modified":"2025-04-16T14:25:04","modified_gmt":"2025-04-16T14:25:04","slug":"pieds-de-porc-cuits-aux-herbes","status":"publish","type":"product","link":"https:\/\/www.fortunyo.es\/fr\/product\/pieds-de-porc-cuits-aux-herbes","title":{"rendered":"Pieds de porc cuits aux herbes"},"content":{"rendered":"<p>Bo\u00eete 10 uts<\/p>\n<p>Sacs 4 1\/2<\/p>\n<p>Bo\u00eete 5 uts<\/p>\n<p>Sacs 4 1\/2<\/p>\n","protected":false},"excerpt":{"rendered":"<p>De texture g\u00e9latineuse et pleine de saveur, elles sont id\u00e9ales pour une cuisson lente dans des rago\u00fbts ou pour pr\u00e9parer des recettes qui n\u00e9cessitent une touche unique. Nutritifs et polyvalents, nos pieds de porc ajoutent de la profondeur et de la richesse \u00e0 n&rsquo;importe quel plat, des soupes aux plats principaux brais\u00e9s. Savourez cette coupe traditionnelle qui promet de rehausser vos recettes\u2026<\/p>\n","protected":false},"featured_media":38032,"comment_status":"open","ping_status":"closed","template":"","meta":{"_acf_changed":false},"product_brand":[],"product_cat":[198,200,201,199],"product_tag":[],"class_list":{"0":"post-38651","1":"product","2":"type-product","3":"status-publish","4":"has-post-thumbnail","6":"product_cat-nos-produits","7":"product_cat-porcin","8":"product_cat-precuites","9":"product_cat-viandes","11":"first","12":"instock","13":"sale","14":"shipping-taxable","15":"purchasable","16":"product-type-variable"},"acf":[],"yoast_head":"<!-- This site is optimized with the Yoast SEO plugin v24.7 - https:\/\/yoast.com\/wordpress\/plugins\/seo\/ -->\n<title>Pieds de porc cuits aux herbes - Fortu\u00f1o<\/title>\n<meta name=\"robots\" content=\"index, follow, max-snippet:-1, max-image-preview:large, max-video-preview:-1\" \/>\n<link rel=\"canonical\" href=\"https:\/\/www.fortunyo.es\/fr\/product\/pieds-de-porc-cuits-aux-herbes\" \/>\n<meta property=\"og:locale\" content=\"fr_FR\" \/>\n<meta property=\"og:type\" content=\"article\" \/>\n<meta property=\"og:title\" content=\"Pieds de porc cuits aux herbes - Fortu\u00f1o\" \/>\n<meta property=\"og:description\" content=\"De texture g\u00e9latineuse et pleine de saveur, elles sont id\u00e9ales pour une cuisson lente dans des rago\u00fbts ou pour pr\u00e9parer des recettes qui n\u00e9cessitent une touche unique. Nutritifs et polyvalents, nos pieds de porc ajoutent de la profondeur et de la richesse \u00e0 n&#039;importe quel plat, des soupes aux plats principaux brais\u00e9s. Savourez cette coupe traditionnelle qui promet de rehausser vos recettes\u2026\" \/>\n<meta property=\"og:url\" content=\"https:\/\/www.fortunyo.es\/fr\/product\/pieds-de-porc-cuits-aux-herbes\" \/>\n<meta property=\"og:site_name\" content=\"Fortu\u00f1o\" \/>\n<meta property=\"article:modified_time\" content=\"2025-04-16T14:25:04+00:00\" \/>\n<meta property=\"og:image\" content=\"https:\/\/www.fortunyo.es\/wp-content\/uploads\/2024\/09\/PEUS-PORC-HERBES-e1726225615194-1024x597.png\" \/>\n\t<meta property=\"og:image:width\" content=\"1024\" \/>\n\t<meta property=\"og:image:height\" content=\"597\" \/>\n\t<meta property=\"og:image:type\" content=\"image\/png\" \/>\n<meta name=\"twitter:card\" content=\"summary_large_image\" \/>\n<meta name=\"twitter:label1\" content=\"Dur\u00e9e de lecture estim\u00e9e\" \/>\n\t<meta name=\"twitter:data1\" content=\"1 minute\" \/>\n<script type=\"application\/ld+json\" class=\"yoast-schema-graph\">{\"@context\":\"https:\/\/schema.org\",\"@graph\":[{\"@type\":\"WebPage\",\"@id\":\"https:\/\/www.fortunyo.es\/fr\/product\/pieds-de-porc-cuits-aux-herbes\",\"url\":\"https:\/\/www.fortunyo.es\/fr\/product\/pieds-de-porc-cuits-aux-herbes\",\"name\":\"Pieds de porc cuits aux herbes - Fortu\u00f1o\",\"isPartOf\":{\"@id\":\"https:\/\/www.fortunyo.es\/fr#website\"},\"primaryImageOfPage\":{\"@id\":\"https:\/\/www.fortunyo.es\/fr\/product\/pieds-de-porc-cuits-aux-herbes#primaryimage\"},\"image\":{\"@id\":\"https:\/\/www.fortunyo.es\/fr\/product\/pieds-de-porc-cuits-aux-herbes#primaryimage\"},\"thumbnailUrl\":\"https:\/\/www.fortunyo.es\/wp-content\/uploads\/2024\/09\/PEUS-PORC-HERBES-e1726225615194.png\",\"datePublished\":\"2024-09-13T11:06:06+00:00\",\"dateModified\":\"2025-04-16T14:25:04+00:00\",\"breadcrumb\":{\"@id\":\"https:\/\/www.fortunyo.es\/fr\/product\/pieds-de-porc-cuits-aux-herbes#breadcrumb\"},\"inLanguage\":\"fr-FR\",\"potentialAction\":[{\"@type\":\"ReadAction\",\"target\":[\"https:\/\/www.fortunyo.es\/fr\/product\/pieds-de-porc-cuits-aux-herbes\"]}]},{\"@type\":\"ImageObject\",\"inLanguage\":\"fr-FR\",\"@id\":\"https:\/\/www.fortunyo.es\/fr\/product\/pieds-de-porc-cuits-aux-herbes#primaryimage\",\"url\":\"https:\/\/www.fortunyo.es\/wp-content\/uploads\/2024\/09\/PEUS-PORC-HERBES-e1726225615194.png\",\"contentUrl\":\"https:\/\/www.fortunyo.es\/wp-content\/uploads\/2024\/09\/PEUS-PORC-HERBES-e1726225615194.png\",\"width\":3102,\"height\":1809,\"caption\":\"pieds de porc cuits aux herbes carns fortunyo\"},{\"@type\":\"BreadcrumbList\",\"@id\":\"https:\/\/www.fortunyo.es\/fr\/product\/pieds-de-porc-cuits-aux-herbes#breadcrumb\",\"itemListElement\":[{\"@type\":\"ListItem\",\"position\":1,\"name\":\"Portada\",\"item\":\"https:\/\/www.fortunyo.es\/fr\"},{\"@type\":\"ListItem\",\"position\":2,\"name\":\"Produits\",\"item\":\"https:\/\/www.fortunyo.es\/produits\"},{\"@type\":\"ListItem\",\"position\":3,\"name\":\"Pieds de porc cuits aux herbes\"}]},{\"@type\":\"WebSite\",\"@id\":\"https:\/\/www.fortunyo.es\/fr#website\",\"url\":\"https:\/\/www.fortunyo.es\/fr\",\"name\":\"Fortu\u00f1o\",\"description\":\"Carns i menuts\",\"potentialAction\":[{\"@type\":\"SearchAction\",\"target\":{\"@type\":\"EntryPoint\",\"urlTemplate\":\"https:\/\/www.fortunyo.es\/fr?s={search_term_string}\"},\"query-input\":{\"@type\":\"PropertyValueSpecification\",\"valueRequired\":true,\"valueName\":\"search_term_string\"}}],\"inLanguage\":\"fr-FR\"}]}<\/script>\n<!-- \/ Yoast SEO plugin. -->","yoast_head_json":{"title":"Pieds de porc cuits aux herbes - Fortu\u00f1o","robots":{"index":"index","follow":"follow","max-snippet":"max-snippet:-1","max-image-preview":"max-image-preview:large","max-video-preview":"max-video-preview:-1"},"canonical":"https:\/\/www.fortunyo.es\/fr\/product\/pieds-de-porc-cuits-aux-herbes","og_locale":"fr_FR","og_type":"article","og_title":"Pieds de porc cuits aux herbes - Fortu\u00f1o","og_description":"De texture g\u00e9latineuse et pleine de saveur, elles sont id\u00e9ales pour une cuisson lente dans des rago\u00fbts ou pour pr\u00e9parer des recettes qui n\u00e9cessitent une touche unique. Nutritifs et polyvalents, nos pieds de porc ajoutent de la profondeur et de la richesse \u00e0 n'importe quel plat, des soupes aux plats principaux brais\u00e9s. Savourez cette coupe traditionnelle qui promet de rehausser vos recettes\u2026","og_url":"https:\/\/www.fortunyo.es\/fr\/product\/pieds-de-porc-cuits-aux-herbes","og_site_name":"Fortu\u00f1o","article_modified_time":"2025-04-16T14:25:04+00:00","og_image":[{"width":1024,"height":597,"url":"https:\/\/www.fortunyo.es\/wp-content\/uploads\/2024\/09\/PEUS-PORC-HERBES-e1726225615194-1024x597.png","type":"image\/png"}],"twitter_card":"summary_large_image","twitter_misc":{"Dur\u00e9e de lecture estim\u00e9e":"1 minute"},"schema":{"@context":"https:\/\/schema.org","@graph":[{"@type":"WebPage","@id":"https:\/\/www.fortunyo.es\/fr\/product\/pieds-de-porc-cuits-aux-herbes","url":"https:\/\/www.fortunyo.es\/fr\/product\/pieds-de-porc-cuits-aux-herbes","name":"Pieds de porc cuits aux herbes - Fortu\u00f1o","isPartOf":{"@id":"https:\/\/www.fortunyo.es\/fr#website"},"primaryImageOfPage":{"@id":"https:\/\/www.fortunyo.es\/fr\/product\/pieds-de-porc-cuits-aux-herbes#primaryimage"},"image":{"@id":"https:\/\/www.fortunyo.es\/fr\/product\/pieds-de-porc-cuits-aux-herbes#primaryimage"},"thumbnailUrl":"https:\/\/www.fortunyo.es\/wp-content\/uploads\/2024\/09\/PEUS-PORC-HERBES-e1726225615194.png","datePublished":"2024-09-13T11:06:06+00:00","dateModified":"2025-04-16T14:25:04+00:00","breadcrumb":{"@id":"https:\/\/www.fortunyo.es\/fr\/product\/pieds-de-porc-cuits-aux-herbes#breadcrumb"},"inLanguage":"fr-FR","potentialAction":[{"@type":"ReadAction","target":["https:\/\/www.fortunyo.es\/fr\/product\/pieds-de-porc-cuits-aux-herbes"]}]},{"@type":"ImageObject","inLanguage":"fr-FR","@id":"https:\/\/www.fortunyo.es\/fr\/product\/pieds-de-porc-cuits-aux-herbes#primaryimage","url":"https:\/\/www.fortunyo.es\/wp-content\/uploads\/2024\/09\/PEUS-PORC-HERBES-e1726225615194.png","contentUrl":"https:\/\/www.fortunyo.es\/wp-content\/uploads\/2024\/09\/PEUS-PORC-HERBES-e1726225615194.png","width":3102,"height":1809,"caption":"pieds de porc cuits aux herbes carns fortunyo"},{"@type":"BreadcrumbList","@id":"https:\/\/www.fortunyo.es\/fr\/product\/pieds-de-porc-cuits-aux-herbes#breadcrumb","itemListElement":[{"@type":"ListItem","position":1,"name":"Portada","item":"https:\/\/www.fortunyo.es\/fr"},{"@type":"ListItem","position":2,"name":"Produits","item":"https:\/\/www.fortunyo.es\/produits"},{"@type":"ListItem","position":3,"name":"Pieds de porc cuits aux herbes"}]},{"@type":"WebSite","@id":"https:\/\/www.fortunyo.es\/fr#website","url":"https:\/\/www.fortunyo.es\/fr","name":"Fortu\u00f1o","description":"Carns i menuts","potentialAction":[{"@type":"SearchAction","target":{"@type":"EntryPoint","urlTemplate":"https:\/\/www.fortunyo.es\/fr?s={search_term_string}"},"query-input":{"@type":"PropertyValueSpecification","valueRequired":true,"valueName":"search_term_string"}}],"inLanguage":"fr-FR"}]}},"_links":{"self":[{"href":"https:\/\/www.fortunyo.es\/fr\/wp-json\/wp\/v2\/product\/38651","targetHints":{"allow":["GET"]}}],"collection":[{"href":"https:\/\/www.fortunyo.es\/fr\/wp-json\/wp\/v2\/product"}],"about":[{"href":"https:\/\/www.fortunyo.es\/fr\/wp-json\/wp\/v2\/types\/product"}],"replies":[{"embeddable":true,"href":"https:\/\/www.fortunyo.es\/fr\/wp-json\/wp\/v2\/comments?post=38651"}],"version-history":[{"count":1,"href":"https:\/\/www.fortunyo.es\/fr\/wp-json\/wp\/v2\/product\/38651\/revisions"}],"predecessor-version":[{"id":38721,"href":"https:\/\/www.fortunyo.es\/fr\/wp-json\/wp\/v2\/product\/38651\/revisions\/38721"}],"wp:featuredmedia":[{"embeddable":true,"href":"https:\/\/www.fortunyo.es\/fr\/wp-json\/wp\/v2\/media\/38032"}],"wp:attachment":[{"href":"https:\/\/www.fortunyo.es\/fr\/wp-json\/wp\/v2\/media?parent=38651"}],"wp:term":[{"taxonomy":"product_brand","embeddable":true,"href":"https:\/\/www.fortunyo.es\/fr\/wp-json\/wp\/v2\/product_brand?post=38651"},{"taxonomy":"product_cat","embeddable":true,"href":"https:\/\/www.fortunyo.es\/fr\/wp-json\/wp\/v2\/product_cat?post=38651"},{"taxonomy":"product_tag","embeddable":true,"href":"https:\/\/www.fortunyo.es\/fr\/wp-json\/wp\/v2\/product_tag?post=38651"}],"curies":[{"name":"wp","href":"https:\/\/api.w.org\/{rel}","templated":true}]}}