{"id":38655,"date":"2023-02-24T09:40:44","date_gmt":"2023-02-24T09:40:44","guid":{"rendered":"https:\/\/www.fortunyo.es\/product\/museau-de-porc-cuit"},"modified":"2023-02-24T09:40:44","modified_gmt":"2023-02-24T09:40:44","slug":"museau-de-porc-cuit","status":"publish","type":"product","link":"https:\/\/www.fortunyo.es\/fr\/product\/museau-de-porc-cuit","title":{"rendered":"Museau de porc cuit"},"content":{"rendered":"<p>Sacs 1 Kg<\/p>\n","protected":false},"excerpt":{"rendered":"<p>Avec sa texture unique et sa saveur prononc\u00e9e, le museau de porc est id\u00e9al pour ceux qui recherchent une exp\u00e9rience culinaire authentique. Excellent pour les rago\u00fbts et les plats mijot\u00e9s.<\/p>\n","protected":false},"featured_media":38005,"comment_status":"closed","ping_status":"closed","template":"","meta":{"_acf_changed":false},"product_brand":[],"product_cat":[200,201,199],"product_tag":[],"class_list":{"0":"post-38655","1":"product","2":"type-product","3":"status-publish","4":"has-post-thumbnail","6":"product_cat-porcin","7":"product_cat-precuites","8":"product_cat-viandes","10":"first","11":"outofstock","12":"shipping-taxable","13":"product-type-simple"},"acf":[],"yoast_head":"<!-- This site is optimized with the Yoast SEO plugin v24.7 - https:\/\/yoast.com\/wordpress\/plugins\/seo\/ -->\n<title>Museau de porc cuit - Fortu\u00f1o<\/title>\n<meta name=\"robots\" content=\"index, follow, max-snippet:-1, max-image-preview:large, max-video-preview:-1\" \/>\n<link rel=\"canonical\" href=\"https:\/\/www.fortunyo.es\/fr\/product\/museau-de-porc-cuit\" \/>\n<meta property=\"og:locale\" content=\"fr_FR\" \/>\n<meta property=\"og:type\" content=\"article\" \/>\n<meta property=\"og:title\" content=\"Museau de porc cuit - Fortu\u00f1o\" \/>\n<meta property=\"og:description\" content=\"Avec sa texture unique et sa saveur prononc\u00e9e, le museau de porc est id\u00e9al pour ceux qui recherchent une exp\u00e9rience culinaire authentique. Excellent pour les rago\u00fbts et les plats mijot\u00e9s.\" \/>\n<meta property=\"og:url\" content=\"https:\/\/www.fortunyo.es\/fr\/product\/museau-de-porc-cuit\" \/>\n<meta property=\"og:site_name\" content=\"Fortu\u00f1o\" \/>\n<meta property=\"og:image\" content=\"https:\/\/www.fortunyo.es\/wp-content\/uploads\/2023\/02\/MORRO-PORC-e1726146451522-1024x678.png\" \/>\n\t<meta property=\"og:image:width\" content=\"1024\" \/>\n\t<meta property=\"og:image:height\" content=\"678\" \/>\n\t<meta property=\"og:image:type\" content=\"image\/png\" \/>\n<meta name=\"twitter:card\" content=\"summary_large_image\" \/>\n<script type=\"application\/ld+json\" class=\"yoast-schema-graph\">{\"@context\":\"https:\/\/schema.org\",\"@graph\":[{\"@type\":\"WebPage\",\"@id\":\"https:\/\/www.fortunyo.es\/fr\/product\/museau-de-porc-cuit\",\"url\":\"https:\/\/www.fortunyo.es\/fr\/product\/museau-de-porc-cuit\",\"name\":\"Museau de porc cuit - Fortu\u00f1o\",\"isPartOf\":{\"@id\":\"https:\/\/www.fortunyo.es\/fr#website\"},\"primaryImageOfPage\":{\"@id\":\"https:\/\/www.fortunyo.es\/fr\/product\/museau-de-porc-cuit#primaryimage\"},\"image\":{\"@id\":\"https:\/\/www.fortunyo.es\/fr\/product\/museau-de-porc-cuit#primaryimage\"},\"thumbnailUrl\":\"https:\/\/www.fortunyo.es\/wp-content\/uploads\/2023\/02\/MORRO-PORC-e1726146451522.png\",\"datePublished\":\"2023-02-24T09:40:44+00:00\",\"breadcrumb\":{\"@id\":\"https:\/\/www.fortunyo.es\/fr\/product\/museau-de-porc-cuit#breadcrumb\"},\"inLanguage\":\"fr-FR\",\"potentialAction\":[{\"@type\":\"ReadAction\",\"target\":[\"https:\/\/www.fortunyo.es\/fr\/product\/museau-de-porc-cuit\"]}]},{\"@type\":\"ImageObject\",\"inLanguage\":\"fr-FR\",\"@id\":\"https:\/\/www.fortunyo.es\/fr\/product\/museau-de-porc-cuit#primaryimage\",\"url\":\"https:\/\/www.fortunyo.es\/wp-content\/uploads\/2023\/02\/MORRO-PORC-e1726146451522.png\",\"contentUrl\":\"https:\/\/www.fortunyo.es\/wp-content\/uploads\/2023\/02\/MORRO-PORC-e1726146451522.png\",\"width\":2975,\"height\":1971,\"caption\":\"Museau de porc cuit carns fortunyo\"},{\"@type\":\"BreadcrumbList\",\"@id\":\"https:\/\/www.fortunyo.es\/fr\/product\/museau-de-porc-cuit#breadcrumb\",\"itemListElement\":[{\"@type\":\"ListItem\",\"position\":1,\"name\":\"Portada\",\"item\":\"https:\/\/www.fortunyo.es\/fr\"},{\"@type\":\"ListItem\",\"position\":2,\"name\":\"Produits\",\"item\":\"https:\/\/www.fortunyo.es\/produits\"},{\"@type\":\"ListItem\",\"position\":3,\"name\":\"Museau de porc cuit\"}]},{\"@type\":\"WebSite\",\"@id\":\"https:\/\/www.fortunyo.es\/fr#website\",\"url\":\"https:\/\/www.fortunyo.es\/fr\",\"name\":\"Fortu\u00f1o\",\"description\":\"Carns i menuts\",\"potentialAction\":[{\"@type\":\"SearchAction\",\"target\":{\"@type\":\"EntryPoint\",\"urlTemplate\":\"https:\/\/www.fortunyo.es\/fr?s={search_term_string}\"},\"query-input\":{\"@type\":\"PropertyValueSpecification\",\"valueRequired\":true,\"valueName\":\"search_term_string\"}}],\"inLanguage\":\"fr-FR\"}]}<\/script>\n<!-- \/ Yoast SEO plugin. -->","yoast_head_json":{"title":"Museau de porc cuit - Fortu\u00f1o","robots":{"index":"index","follow":"follow","max-snippet":"max-snippet:-1","max-image-preview":"max-image-preview:large","max-video-preview":"max-video-preview:-1"},"canonical":"https:\/\/www.fortunyo.es\/fr\/product\/museau-de-porc-cuit","og_locale":"fr_FR","og_type":"article","og_title":"Museau de porc cuit - Fortu\u00f1o","og_description":"Avec sa texture unique et sa saveur prononc\u00e9e, le museau de porc est id\u00e9al pour ceux qui recherchent une exp\u00e9rience culinaire authentique. Excellent pour les rago\u00fbts et les plats mijot\u00e9s.","og_url":"https:\/\/www.fortunyo.es\/fr\/product\/museau-de-porc-cuit","og_site_name":"Fortu\u00f1o","og_image":[{"width":1024,"height":678,"url":"https:\/\/www.fortunyo.es\/wp-content\/uploads\/2023\/02\/MORRO-PORC-e1726146451522-1024x678.png","type":"image\/png"}],"twitter_card":"summary_large_image","schema":{"@context":"https:\/\/schema.org","@graph":[{"@type":"WebPage","@id":"https:\/\/www.fortunyo.es\/fr\/product\/museau-de-porc-cuit","url":"https:\/\/www.fortunyo.es\/fr\/product\/museau-de-porc-cuit","name":"Museau de porc cuit - Fortu\u00f1o","isPartOf":{"@id":"https:\/\/www.fortunyo.es\/fr#website"},"primaryImageOfPage":{"@id":"https:\/\/www.fortunyo.es\/fr\/product\/museau-de-porc-cuit#primaryimage"},"image":{"@id":"https:\/\/www.fortunyo.es\/fr\/product\/museau-de-porc-cuit#primaryimage"},"thumbnailUrl":"https:\/\/www.fortunyo.es\/wp-content\/uploads\/2023\/02\/MORRO-PORC-e1726146451522.png","datePublished":"2023-02-24T09:40:44+00:00","breadcrumb":{"@id":"https:\/\/www.fortunyo.es\/fr\/product\/museau-de-porc-cuit#breadcrumb"},"inLanguage":"fr-FR","potentialAction":[{"@type":"ReadAction","target":["https:\/\/www.fortunyo.es\/fr\/product\/museau-de-porc-cuit"]}]},{"@type":"ImageObject","inLanguage":"fr-FR","@id":"https:\/\/www.fortunyo.es\/fr\/product\/museau-de-porc-cuit#primaryimage","url":"https:\/\/www.fortunyo.es\/wp-content\/uploads\/2023\/02\/MORRO-PORC-e1726146451522.png","contentUrl":"https:\/\/www.fortunyo.es\/wp-content\/uploads\/2023\/02\/MORRO-PORC-e1726146451522.png","width":2975,"height":1971,"caption":"Museau de porc cuit carns fortunyo"},{"@type":"BreadcrumbList","@id":"https:\/\/www.fortunyo.es\/fr\/product\/museau-de-porc-cuit#breadcrumb","itemListElement":[{"@type":"ListItem","position":1,"name":"Portada","item":"https:\/\/www.fortunyo.es\/fr"},{"@type":"ListItem","position":2,"name":"Produits","item":"https:\/\/www.fortunyo.es\/produits"},{"@type":"ListItem","position":3,"name":"Museau de porc cuit"}]},{"@type":"WebSite","@id":"https:\/\/www.fortunyo.es\/fr#website","url":"https:\/\/www.fortunyo.es\/fr","name":"Fortu\u00f1o","description":"Carns i menuts","potentialAction":[{"@type":"SearchAction","target":{"@type":"EntryPoint","urlTemplate":"https:\/\/www.fortunyo.es\/fr?s={search_term_string}"},"query-input":{"@type":"PropertyValueSpecification","valueRequired":true,"valueName":"search_term_string"}}],"inLanguage":"fr-FR"}]}},"_links":{"self":[{"href":"https:\/\/www.fortunyo.es\/fr\/wp-json\/wp\/v2\/product\/38655","targetHints":{"allow":["GET"]}}],"collection":[{"href":"https:\/\/www.fortunyo.es\/fr\/wp-json\/wp\/v2\/product"}],"about":[{"href":"https:\/\/www.fortunyo.es\/fr\/wp-json\/wp\/v2\/types\/product"}],"replies":[{"embeddable":true,"href":"https:\/\/www.fortunyo.es\/fr\/wp-json\/wp\/v2\/comments?post=38655"}],"version-history":[{"count":0,"href":"https:\/\/www.fortunyo.es\/fr\/wp-json\/wp\/v2\/product\/38655\/revisions"}],"wp:featuredmedia":[{"embeddable":true,"href":"https:\/\/www.fortunyo.es\/fr\/wp-json\/wp\/v2\/media\/38005"}],"wp:attachment":[{"href":"https:\/\/www.fortunyo.es\/fr\/wp-json\/wp\/v2\/media?parent=38655"}],"wp:term":[{"taxonomy":"product_brand","embeddable":true,"href":"https:\/\/www.fortunyo.es\/fr\/wp-json\/wp\/v2\/product_brand?post=38655"},{"taxonomy":"product_cat","embeddable":true,"href":"https:\/\/www.fortunyo.es\/fr\/wp-json\/wp\/v2\/product_cat?post=38655"},{"taxonomy":"product_tag","embeddable":true,"href":"https:\/\/www.fortunyo.es\/fr\/wp-json\/wp\/v2\/product_tag?post=38655"}],"curies":[{"name":"wp","href":"https:\/\/api.w.org\/{rel}","templated":true}]}}