{"id":38656,"date":"2024-09-13T11:08:16","date_gmt":"2024-09-13T11:08:16","guid":{"rendered":"https:\/\/www.fortunyo.es\/product\/museau-de-porc-marine-cuit"},"modified":"2024-09-13T11:08:16","modified_gmt":"2024-09-13T11:08:16","slug":"museau-de-porc-marine-cuit","status":"publish","type":"product","link":"https:\/\/www.fortunyo.es\/fr\/product\/museau-de-porc-marine-cuit","title":{"rendered":"Museau de porc marin\u00e9 cuit"},"content":{"rendered":"<p>Sacs 400 g<\/p>\n<p>Bo\u00eete de 12 uts<\/p>\n<p>&nbsp;<\/p>\n","protected":false},"excerpt":{"rendered":"<p>Avec sa texture unique et sa saveur prononc\u00e9e, le museau de porc est id\u00e9al pour ceux qui recherchent une exp\u00e9rience culinaire authentique. Excellent pour les rago\u00fbts et les plats mijot\u00e9s. <\/p>\n","protected":false},"featured_media":38008,"comment_status":"closed","ping_status":"closed","template":"","meta":{"_acf_changed":false},"product_brand":[],"product_cat":[202,198,200,199],"product_tag":[],"class_list":{"0":"post-38656","1":"product","2":"type-product","3":"status-publish","4":"has-post-thumbnail","6":"product_cat-cuites","7":"product_cat-nos-produits","8":"product_cat-porcin","9":"product_cat-viandes","11":"first","12":"outofstock","13":"shipping-taxable","14":"product-type-simple"},"acf":[],"yoast_head":"<!-- This site is optimized with the Yoast SEO plugin v24.7 - https:\/\/yoast.com\/wordpress\/plugins\/seo\/ -->\n<title>Museau de porc marin\u00e9 cuit - Fortu\u00f1o<\/title>\n<meta name=\"description\" content=\"Avec sa texture unique et sa saveur prononc\u00e9e, le museau de porc est id\u00e9al pour ceux qui recherchent une exp\u00e9rience culinaire authentique.\" \/>\n<meta name=\"robots\" content=\"index, follow, max-snippet:-1, max-image-preview:large, max-video-preview:-1\" \/>\n<link rel=\"canonical\" href=\"https:\/\/www.fortunyo.es\/fr\/product\/museau-de-porc-marine-cuit\" \/>\n<meta property=\"og:locale\" content=\"fr_FR\" \/>\n<meta property=\"og:type\" content=\"article\" \/>\n<meta property=\"og:title\" content=\"Museau de porc marin\u00e9 cuit - Fortu\u00f1o\" \/>\n<meta property=\"og:description\" content=\"Avec sa texture unique et sa saveur prononc\u00e9e, le museau de porc est id\u00e9al pour ceux qui recherchent une exp\u00e9rience culinaire authentique.\" \/>\n<meta property=\"og:url\" content=\"https:\/\/www.fortunyo.es\/fr\/product\/museau-de-porc-marine-cuit\" \/>\n<meta property=\"og:site_name\" content=\"Fortu\u00f1o\" \/>\n<meta property=\"og:image\" content=\"https:\/\/www.fortunyo.es\/wp-content\/uploads\/2023\/02\/MORRO-DE-PORC-TALLAT-I-ADOBAT-1-1024x576.png\" \/>\n\t<meta property=\"og:image:width\" content=\"1024\" \/>\n\t<meta property=\"og:image:height\" content=\"576\" \/>\n\t<meta property=\"og:image:type\" content=\"image\/png\" \/>\n<meta name=\"twitter:card\" content=\"summary_large_image\" \/>\n<script type=\"application\/ld+json\" class=\"yoast-schema-graph\">{\"@context\":\"https:\/\/schema.org\",\"@graph\":[{\"@type\":\"WebPage\",\"@id\":\"https:\/\/www.fortunyo.es\/fr\/product\/museau-de-porc-marine-cuit\",\"url\":\"https:\/\/www.fortunyo.es\/fr\/product\/museau-de-porc-marine-cuit\",\"name\":\"Museau de porc marin\u00e9 cuit - Fortu\u00f1o\",\"isPartOf\":{\"@id\":\"https:\/\/www.fortunyo.es\/fr#website\"},\"primaryImageOfPage\":{\"@id\":\"https:\/\/www.fortunyo.es\/fr\/product\/museau-de-porc-marine-cuit#primaryimage\"},\"image\":{\"@id\":\"https:\/\/www.fortunyo.es\/fr\/product\/museau-de-porc-marine-cuit#primaryimage\"},\"thumbnailUrl\":\"https:\/\/www.fortunyo.es\/wp-content\/uploads\/2023\/02\/MORRO-DE-PORC-TALLAT-I-ADOBAT-1.png\",\"datePublished\":\"2024-09-13T11:08:16+00:00\",\"description\":\"Avec sa texture unique et sa saveur prononc\u00e9e, le museau de porc est id\u00e9al pour ceux qui recherchent une exp\u00e9rience culinaire authentique.\",\"breadcrumb\":{\"@id\":\"https:\/\/www.fortunyo.es\/fr\/product\/museau-de-porc-marine-cuit#breadcrumb\"},\"inLanguage\":\"fr-FR\",\"potentialAction\":[{\"@type\":\"ReadAction\",\"target\":[\"https:\/\/www.fortunyo.es\/fr\/product\/museau-de-porc-marine-cuit\"]}]},{\"@type\":\"ImageObject\",\"inLanguage\":\"fr-FR\",\"@id\":\"https:\/\/www.fortunyo.es\/fr\/product\/museau-de-porc-marine-cuit#primaryimage\",\"url\":\"https:\/\/www.fortunyo.es\/wp-content\/uploads\/2023\/02\/MORRO-DE-PORC-TALLAT-I-ADOBAT-1.png\",\"contentUrl\":\"https:\/\/www.fortunyo.es\/wp-content\/uploads\/2023\/02\/MORRO-DE-PORC-TALLAT-I-ADOBAT-1.png\",\"width\":4240,\"height\":2384,\"caption\":\"museau de porc cuit carns fortunyo\"},{\"@type\":\"BreadcrumbList\",\"@id\":\"https:\/\/www.fortunyo.es\/fr\/product\/museau-de-porc-marine-cuit#breadcrumb\",\"itemListElement\":[{\"@type\":\"ListItem\",\"position\":1,\"name\":\"Portada\",\"item\":\"https:\/\/www.fortunyo.es\/fr\"},{\"@type\":\"ListItem\",\"position\":2,\"name\":\"Produits\",\"item\":\"https:\/\/www.fortunyo.es\/produits\"},{\"@type\":\"ListItem\",\"position\":3,\"name\":\"Museau de porc marin\u00e9 cuit\"}]},{\"@type\":\"WebSite\",\"@id\":\"https:\/\/www.fortunyo.es\/fr#website\",\"url\":\"https:\/\/www.fortunyo.es\/fr\",\"name\":\"Fortu\u00f1o\",\"description\":\"Carns i menuts\",\"potentialAction\":[{\"@type\":\"SearchAction\",\"target\":{\"@type\":\"EntryPoint\",\"urlTemplate\":\"https:\/\/www.fortunyo.es\/fr?s={search_term_string}\"},\"query-input\":{\"@type\":\"PropertyValueSpecification\",\"valueRequired\":true,\"valueName\":\"search_term_string\"}}],\"inLanguage\":\"fr-FR\"}]}<\/script>\n<!-- \/ Yoast SEO plugin. -->","yoast_head_json":{"title":"Museau de porc marin\u00e9 cuit - Fortu\u00f1o","description":"Avec sa texture unique et sa saveur prononc\u00e9e, le museau de porc est id\u00e9al pour ceux qui recherchent une exp\u00e9rience culinaire authentique.","robots":{"index":"index","follow":"follow","max-snippet":"max-snippet:-1","max-image-preview":"max-image-preview:large","max-video-preview":"max-video-preview:-1"},"canonical":"https:\/\/www.fortunyo.es\/fr\/product\/museau-de-porc-marine-cuit","og_locale":"fr_FR","og_type":"article","og_title":"Museau de porc marin\u00e9 cuit - Fortu\u00f1o","og_description":"Avec sa texture unique et sa saveur prononc\u00e9e, le museau de porc est id\u00e9al pour ceux qui recherchent une exp\u00e9rience culinaire authentique.","og_url":"https:\/\/www.fortunyo.es\/fr\/product\/museau-de-porc-marine-cuit","og_site_name":"Fortu\u00f1o","og_image":[{"width":1024,"height":576,"url":"https:\/\/www.fortunyo.es\/wp-content\/uploads\/2023\/02\/MORRO-DE-PORC-TALLAT-I-ADOBAT-1-1024x576.png","type":"image\/png"}],"twitter_card":"summary_large_image","schema":{"@context":"https:\/\/schema.org","@graph":[{"@type":"WebPage","@id":"https:\/\/www.fortunyo.es\/fr\/product\/museau-de-porc-marine-cuit","url":"https:\/\/www.fortunyo.es\/fr\/product\/museau-de-porc-marine-cuit","name":"Museau de porc marin\u00e9 cuit - Fortu\u00f1o","isPartOf":{"@id":"https:\/\/www.fortunyo.es\/fr#website"},"primaryImageOfPage":{"@id":"https:\/\/www.fortunyo.es\/fr\/product\/museau-de-porc-marine-cuit#primaryimage"},"image":{"@id":"https:\/\/www.fortunyo.es\/fr\/product\/museau-de-porc-marine-cuit#primaryimage"},"thumbnailUrl":"https:\/\/www.fortunyo.es\/wp-content\/uploads\/2023\/02\/MORRO-DE-PORC-TALLAT-I-ADOBAT-1.png","datePublished":"2024-09-13T11:08:16+00:00","description":"Avec sa texture unique et sa saveur prononc\u00e9e, le museau de porc est id\u00e9al pour ceux qui recherchent une exp\u00e9rience culinaire authentique.","breadcrumb":{"@id":"https:\/\/www.fortunyo.es\/fr\/product\/museau-de-porc-marine-cuit#breadcrumb"},"inLanguage":"fr-FR","potentialAction":[{"@type":"ReadAction","target":["https:\/\/www.fortunyo.es\/fr\/product\/museau-de-porc-marine-cuit"]}]},{"@type":"ImageObject","inLanguage":"fr-FR","@id":"https:\/\/www.fortunyo.es\/fr\/product\/museau-de-porc-marine-cuit#primaryimage","url":"https:\/\/www.fortunyo.es\/wp-content\/uploads\/2023\/02\/MORRO-DE-PORC-TALLAT-I-ADOBAT-1.png","contentUrl":"https:\/\/www.fortunyo.es\/wp-content\/uploads\/2023\/02\/MORRO-DE-PORC-TALLAT-I-ADOBAT-1.png","width":4240,"height":2384,"caption":"museau de porc cuit carns fortunyo"},{"@type":"BreadcrumbList","@id":"https:\/\/www.fortunyo.es\/fr\/product\/museau-de-porc-marine-cuit#breadcrumb","itemListElement":[{"@type":"ListItem","position":1,"name":"Portada","item":"https:\/\/www.fortunyo.es\/fr"},{"@type":"ListItem","position":2,"name":"Produits","item":"https:\/\/www.fortunyo.es\/produits"},{"@type":"ListItem","position":3,"name":"Museau de porc marin\u00e9 cuit"}]},{"@type":"WebSite","@id":"https:\/\/www.fortunyo.es\/fr#website","url":"https:\/\/www.fortunyo.es\/fr","name":"Fortu\u00f1o","description":"Carns i menuts","potentialAction":[{"@type":"SearchAction","target":{"@type":"EntryPoint","urlTemplate":"https:\/\/www.fortunyo.es\/fr?s={search_term_string}"},"query-input":{"@type":"PropertyValueSpecification","valueRequired":true,"valueName":"search_term_string"}}],"inLanguage":"fr-FR"}]}},"_links":{"self":[{"href":"https:\/\/www.fortunyo.es\/fr\/wp-json\/wp\/v2\/product\/38656","targetHints":{"allow":["GET"]}}],"collection":[{"href":"https:\/\/www.fortunyo.es\/fr\/wp-json\/wp\/v2\/product"}],"about":[{"href":"https:\/\/www.fortunyo.es\/fr\/wp-json\/wp\/v2\/types\/product"}],"replies":[{"embeddable":true,"href":"https:\/\/www.fortunyo.es\/fr\/wp-json\/wp\/v2\/comments?post=38656"}],"version-history":[{"count":0,"href":"https:\/\/www.fortunyo.es\/fr\/wp-json\/wp\/v2\/product\/38656\/revisions"}],"wp:featuredmedia":[{"embeddable":true,"href":"https:\/\/www.fortunyo.es\/fr\/wp-json\/wp\/v2\/media\/38008"}],"wp:attachment":[{"href":"https:\/\/www.fortunyo.es\/fr\/wp-json\/wp\/v2\/media?parent=38656"}],"wp:term":[{"taxonomy":"product_brand","embeddable":true,"href":"https:\/\/www.fortunyo.es\/fr\/wp-json\/wp\/v2\/product_brand?post=38656"},{"taxonomy":"product_cat","embeddable":true,"href":"https:\/\/www.fortunyo.es\/fr\/wp-json\/wp\/v2\/product_cat?post=38656"},{"taxonomy":"product_tag","embeddable":true,"href":"https:\/\/www.fortunyo.es\/fr\/wp-json\/wp\/v2\/product_tag?post=38656"}],"curies":[{"name":"wp","href":"https:\/\/api.w.org\/{rel}","templated":true}]}}