{"id":38665,"date":"2024-09-13T11:13:59","date_gmt":"2024-09-13T11:13:59","guid":{"rendered":"https:\/\/www.fortunyo.es\/product\/tripes-de-porc-cuites"},"modified":"2025-04-16T14:31:29","modified_gmt":"2025-04-16T14:31:29","slug":"tripes-de-porc-cuites","status":"publish","type":"product","link":"https:\/\/www.fortunyo.es\/fr\/product\/tripes-de-porc-cuites","title":{"rendered":"Tripes de porc cuites"},"content":{"rendered":"<p>Sacs 2 uts<\/p>\n<p>Bo\u00eete 5 Kg<\/p>\n","protected":false},"excerpt":{"rendered":"<p>Nettoy\u00e9es et pr\u00eates \u00e0 cuire, nos tripes de b\u0153uf sont polyvalentes et essentielles pour les plats traditionnels comme les tripes ou les rago\u00fbts.<\/p>\n","protected":false},"featured_media":38044,"comment_status":"open","ping_status":"closed","template":"","meta":{"_acf_changed":false},"product_brand":[],"product_cat":[198,200,201,199],"product_tag":[],"class_list":{"0":"post-38665","1":"product","2":"type-product","3":"status-publish","4":"has-post-thumbnail","6":"product_cat-nos-produits","7":"product_cat-porcin","8":"product_cat-precuites","9":"product_cat-viandes","11":"first","12":"instock","13":"shipping-taxable","14":"purchasable","15":"product-type-simple"},"acf":[],"yoast_head":"<!-- This site is optimized with the Yoast SEO plugin v24.7 - https:\/\/yoast.com\/wordpress\/plugins\/seo\/ -->\n<title>Tripes de porc cuites - Fortu\u00f1o<\/title>\n<meta name=\"robots\" content=\"index, follow, max-snippet:-1, max-image-preview:large, max-video-preview:-1\" \/>\n<link rel=\"canonical\" href=\"https:\/\/www.fortunyo.es\/fr\/product\/tripes-de-porc-cuites\" \/>\n<meta property=\"og:locale\" content=\"fr_FR\" \/>\n<meta property=\"og:type\" content=\"article\" \/>\n<meta property=\"og:title\" content=\"Tripes de porc cuites - Fortu\u00f1o\" \/>\n<meta property=\"og:description\" content=\"Nettoy\u00e9es et pr\u00eates \u00e0 cuire, nos tripes de b\u0153uf sont polyvalentes et essentielles pour les plats traditionnels comme les tripes ou les rago\u00fbts.\" \/>\n<meta property=\"og:url\" content=\"https:\/\/www.fortunyo.es\/fr\/product\/tripes-de-porc-cuites\" \/>\n<meta property=\"og:site_name\" content=\"Fortu\u00f1o\" \/>\n<meta property=\"article:modified_time\" content=\"2025-04-16T14:31:29+00:00\" \/>\n<meta property=\"og:image\" content=\"https:\/\/www.fortunyo.es\/wp-content\/uploads\/2024\/09\/VENTRE-PORC-1024x576.png\" \/>\n\t<meta property=\"og:image:width\" content=\"1024\" \/>\n\t<meta property=\"og:image:height\" content=\"576\" \/>\n\t<meta property=\"og:image:type\" content=\"image\/png\" \/>\n<meta name=\"twitter:card\" content=\"summary_large_image\" \/>\n<meta name=\"twitter:label1\" content=\"Dur\u00e9e de lecture estim\u00e9e\" \/>\n\t<meta name=\"twitter:data1\" content=\"1 minute\" \/>\n<script type=\"application\/ld+json\" class=\"yoast-schema-graph\">{\"@context\":\"https:\/\/schema.org\",\"@graph\":[{\"@type\":\"WebPage\",\"@id\":\"https:\/\/www.fortunyo.es\/fr\/product\/tripes-de-porc-cuites\",\"url\":\"https:\/\/www.fortunyo.es\/fr\/product\/tripes-de-porc-cuites\",\"name\":\"Tripes de porc cuites - Fortu\u00f1o\",\"isPartOf\":{\"@id\":\"https:\/\/www.fortunyo.es\/fr#website\"},\"primaryImageOfPage\":{\"@id\":\"https:\/\/www.fortunyo.es\/fr\/product\/tripes-de-porc-cuites#primaryimage\"},\"image\":{\"@id\":\"https:\/\/www.fortunyo.es\/fr\/product\/tripes-de-porc-cuites#primaryimage\"},\"thumbnailUrl\":\"https:\/\/www.fortunyo.es\/wp-content\/uploads\/2024\/09\/VENTRE-PORC.png\",\"datePublished\":\"2024-09-13T11:13:59+00:00\",\"dateModified\":\"2025-04-16T14:31:29+00:00\",\"breadcrumb\":{\"@id\":\"https:\/\/www.fortunyo.es\/fr\/product\/tripes-de-porc-cuites#breadcrumb\"},\"inLanguage\":\"fr-FR\",\"potentialAction\":[{\"@type\":\"ReadAction\",\"target\":[\"https:\/\/www.fortunyo.es\/fr\/product\/tripes-de-porc-cuites\"]}]},{\"@type\":\"ImageObject\",\"inLanguage\":\"fr-FR\",\"@id\":\"https:\/\/www.fortunyo.es\/fr\/product\/tripes-de-porc-cuites#primaryimage\",\"url\":\"https:\/\/www.fortunyo.es\/wp-content\/uploads\/2024\/09\/VENTRE-PORC.png\",\"contentUrl\":\"https:\/\/www.fortunyo.es\/wp-content\/uploads\/2024\/09\/VENTRE-PORC.png\",\"width\":4240,\"height\":2384,\"caption\":\"tripes de porc cuites carns fortunyo\"},{\"@type\":\"BreadcrumbList\",\"@id\":\"https:\/\/www.fortunyo.es\/fr\/product\/tripes-de-porc-cuites#breadcrumb\",\"itemListElement\":[{\"@type\":\"ListItem\",\"position\":1,\"name\":\"Portada\",\"item\":\"https:\/\/www.fortunyo.es\/fr\"},{\"@type\":\"ListItem\",\"position\":2,\"name\":\"Produits\",\"item\":\"https:\/\/www.fortunyo.es\/produits\"},{\"@type\":\"ListItem\",\"position\":3,\"name\":\"Tripes de porc cuites\"}]},{\"@type\":\"WebSite\",\"@id\":\"https:\/\/www.fortunyo.es\/fr#website\",\"url\":\"https:\/\/www.fortunyo.es\/fr\",\"name\":\"Fortu\u00f1o\",\"description\":\"Carns i menuts\",\"potentialAction\":[{\"@type\":\"SearchAction\",\"target\":{\"@type\":\"EntryPoint\",\"urlTemplate\":\"https:\/\/www.fortunyo.es\/fr?s={search_term_string}\"},\"query-input\":{\"@type\":\"PropertyValueSpecification\",\"valueRequired\":true,\"valueName\":\"search_term_string\"}}],\"inLanguage\":\"fr-FR\"}]}<\/script>\n<!-- \/ Yoast SEO plugin. -->","yoast_head_json":{"title":"Tripes de porc cuites - Fortu\u00f1o","robots":{"index":"index","follow":"follow","max-snippet":"max-snippet:-1","max-image-preview":"max-image-preview:large","max-video-preview":"max-video-preview:-1"},"canonical":"https:\/\/www.fortunyo.es\/fr\/product\/tripes-de-porc-cuites","og_locale":"fr_FR","og_type":"article","og_title":"Tripes de porc cuites - Fortu\u00f1o","og_description":"Nettoy\u00e9es et pr\u00eates \u00e0 cuire, nos tripes de b\u0153uf sont polyvalentes et essentielles pour les plats traditionnels comme les tripes ou les rago\u00fbts.","og_url":"https:\/\/www.fortunyo.es\/fr\/product\/tripes-de-porc-cuites","og_site_name":"Fortu\u00f1o","article_modified_time":"2025-04-16T14:31:29+00:00","og_image":[{"width":1024,"height":576,"url":"https:\/\/www.fortunyo.es\/wp-content\/uploads\/2024\/09\/VENTRE-PORC-1024x576.png","type":"image\/png"}],"twitter_card":"summary_large_image","twitter_misc":{"Dur\u00e9e de lecture estim\u00e9e":"1 minute"},"schema":{"@context":"https:\/\/schema.org","@graph":[{"@type":"WebPage","@id":"https:\/\/www.fortunyo.es\/fr\/product\/tripes-de-porc-cuites","url":"https:\/\/www.fortunyo.es\/fr\/product\/tripes-de-porc-cuites","name":"Tripes de porc cuites - Fortu\u00f1o","isPartOf":{"@id":"https:\/\/www.fortunyo.es\/fr#website"},"primaryImageOfPage":{"@id":"https:\/\/www.fortunyo.es\/fr\/product\/tripes-de-porc-cuites#primaryimage"},"image":{"@id":"https:\/\/www.fortunyo.es\/fr\/product\/tripes-de-porc-cuites#primaryimage"},"thumbnailUrl":"https:\/\/www.fortunyo.es\/wp-content\/uploads\/2024\/09\/VENTRE-PORC.png","datePublished":"2024-09-13T11:13:59+00:00","dateModified":"2025-04-16T14:31:29+00:00","breadcrumb":{"@id":"https:\/\/www.fortunyo.es\/fr\/product\/tripes-de-porc-cuites#breadcrumb"},"inLanguage":"fr-FR","potentialAction":[{"@type":"ReadAction","target":["https:\/\/www.fortunyo.es\/fr\/product\/tripes-de-porc-cuites"]}]},{"@type":"ImageObject","inLanguage":"fr-FR","@id":"https:\/\/www.fortunyo.es\/fr\/product\/tripes-de-porc-cuites#primaryimage","url":"https:\/\/www.fortunyo.es\/wp-content\/uploads\/2024\/09\/VENTRE-PORC.png","contentUrl":"https:\/\/www.fortunyo.es\/wp-content\/uploads\/2024\/09\/VENTRE-PORC.png","width":4240,"height":2384,"caption":"tripes de porc cuites carns fortunyo"},{"@type":"BreadcrumbList","@id":"https:\/\/www.fortunyo.es\/fr\/product\/tripes-de-porc-cuites#breadcrumb","itemListElement":[{"@type":"ListItem","position":1,"name":"Portada","item":"https:\/\/www.fortunyo.es\/fr"},{"@type":"ListItem","position":2,"name":"Produits","item":"https:\/\/www.fortunyo.es\/produits"},{"@type":"ListItem","position":3,"name":"Tripes de porc cuites"}]},{"@type":"WebSite","@id":"https:\/\/www.fortunyo.es\/fr#website","url":"https:\/\/www.fortunyo.es\/fr","name":"Fortu\u00f1o","description":"Carns i menuts","potentialAction":[{"@type":"SearchAction","target":{"@type":"EntryPoint","urlTemplate":"https:\/\/www.fortunyo.es\/fr?s={search_term_string}"},"query-input":{"@type":"PropertyValueSpecification","valueRequired":true,"valueName":"search_term_string"}}],"inLanguage":"fr-FR"}]}},"_links":{"self":[{"href":"https:\/\/www.fortunyo.es\/fr\/wp-json\/wp\/v2\/product\/38665","targetHints":{"allow":["GET"]}}],"collection":[{"href":"https:\/\/www.fortunyo.es\/fr\/wp-json\/wp\/v2\/product"}],"about":[{"href":"https:\/\/www.fortunyo.es\/fr\/wp-json\/wp\/v2\/types\/product"}],"replies":[{"embeddable":true,"href":"https:\/\/www.fortunyo.es\/fr\/wp-json\/wp\/v2\/comments?post=38665"}],"version-history":[{"count":1,"href":"https:\/\/www.fortunyo.es\/fr\/wp-json\/wp\/v2\/product\/38665\/revisions"}],"predecessor-version":[{"id":38730,"href":"https:\/\/www.fortunyo.es\/fr\/wp-json\/wp\/v2\/product\/38665\/revisions\/38730"}],"wp:featuredmedia":[{"embeddable":true,"href":"https:\/\/www.fortunyo.es\/fr\/wp-json\/wp\/v2\/media\/38044"}],"wp:attachment":[{"href":"https:\/\/www.fortunyo.es\/fr\/wp-json\/wp\/v2\/media?parent=38665"}],"wp:term":[{"taxonomy":"product_brand","embeddable":true,"href":"https:\/\/www.fortunyo.es\/fr\/wp-json\/wp\/v2\/product_brand?post=38665"},{"taxonomy":"product_cat","embeddable":true,"href":"https:\/\/www.fortunyo.es\/fr\/wp-json\/wp\/v2\/product_cat?post=38665"},{"taxonomy":"product_tag","embeddable":true,"href":"https:\/\/www.fortunyo.es\/fr\/wp-json\/wp\/v2\/product_tag?post=38665"}],"curies":[{"name":"wp","href":"https:\/\/api.w.org\/{rel}","templated":true}]}}