{"id":38667,"date":"2024-09-13T07:02:49","date_gmt":"2024-09-13T07:02:49","guid":{"rendered":"https:\/\/www.fortunyo.es\/product\/tripes-de-boeuf-brunes-cuites"},"modified":"2024-09-13T07:02:49","modified_gmt":"2024-09-13T07:02:49","slug":"tripes-de-boeuf-brunes-cuites","status":"publish","type":"product","link":"https:\/\/www.fortunyo.es\/fr\/product\/tripes-de-boeuf-brunes-cuites","title":{"rendered":"Tripes de b\u0153uf brunes cuites"},"content":{"rendered":"<p>Entier<\/p>\n<p>Couper:<\/p>\n<ul>\n<li>Sacs de 2 kg<\/li>\n<li>Bo\u00eetes de 6 kg<\/li>\n<\/ul>\n","protected":false},"excerpt":{"rendered":"<p>Nettoy\u00e9es et pr\u00eates \u00e0 cuire, nos tripes de b\u0153uf sont polyvalentes et essentielles pour les plats traditionnels comme les tripes ou les rago\u00fbts.<\/p>\n","protected":false},"featured_media":38029,"comment_status":"open","ping_status":"closed","template":"","meta":{"_acf_changed":false},"product_brand":[],"product_cat":[198,201,199],"product_tag":[],"class_list":{"0":"post-38667","1":"product","2":"type-product","3":"status-publish","4":"has-post-thumbnail","6":"product_cat-nos-produits","7":"product_cat-precuites","8":"product_cat-viandes","10":"first","11":"instock","12":"shipping-taxable","13":"product-type-simple"},"acf":[],"yoast_head":"<!-- This site is optimized with the Yoast SEO plugin v24.7 - https:\/\/yoast.com\/wordpress\/plugins\/seo\/ -->\n<title>Tripes de b\u0153uf brunes cuites - Fortu\u00f1o<\/title>\n<meta name=\"robots\" content=\"index, follow, max-snippet:-1, max-image-preview:large, max-video-preview:-1\" \/>\n<link rel=\"canonical\" href=\"https:\/\/www.fortunyo.es\/fr\/product\/tripes-de-boeuf-brunes-cuites\" \/>\n<meta property=\"og:locale\" content=\"fr_FR\" \/>\n<meta property=\"og:type\" content=\"article\" \/>\n<meta property=\"og:title\" content=\"Tripes de b\u0153uf brunes cuites - Fortu\u00f1o\" \/>\n<meta property=\"og:description\" content=\"Nettoy\u00e9es et pr\u00eates \u00e0 cuire, nos tripes de b\u0153uf sont polyvalentes et essentielles pour les plats traditionnels comme les tripes ou les rago\u00fbts.\" \/>\n<meta property=\"og:url\" content=\"https:\/\/www.fortunyo.es\/fr\/product\/tripes-de-boeuf-brunes-cuites\" \/>\n<meta property=\"og:site_name\" content=\"Fortu\u00f1o\" \/>\n<meta property=\"og:image\" content=\"https:\/\/www.fortunyo.es\/wp-content\/uploads\/2024\/09\/TRIPA-MORENA-VADELLA-e1726211606239-1024x572.png\" \/>\n\t<meta property=\"og:image:width\" content=\"1024\" \/>\n\t<meta property=\"og:image:height\" content=\"572\" \/>\n\t<meta property=\"og:image:type\" content=\"image\/png\" \/>\n<meta name=\"twitter:card\" content=\"summary_large_image\" \/>\n<script type=\"application\/ld+json\" class=\"yoast-schema-graph\">{\"@context\":\"https:\/\/schema.org\",\"@graph\":[{\"@type\":\"WebPage\",\"@id\":\"https:\/\/www.fortunyo.es\/fr\/product\/tripes-de-boeuf-brunes-cuites\",\"url\":\"https:\/\/www.fortunyo.es\/fr\/product\/tripes-de-boeuf-brunes-cuites\",\"name\":\"Tripes de b\u0153uf brunes cuites - Fortu\u00f1o\",\"isPartOf\":{\"@id\":\"https:\/\/www.fortunyo.es\/fr#website\"},\"primaryImageOfPage\":{\"@id\":\"https:\/\/www.fortunyo.es\/fr\/product\/tripes-de-boeuf-brunes-cuites#primaryimage\"},\"image\":{\"@id\":\"https:\/\/www.fortunyo.es\/fr\/product\/tripes-de-boeuf-brunes-cuites#primaryimage\"},\"thumbnailUrl\":\"https:\/\/www.fortunyo.es\/wp-content\/uploads\/2024\/09\/TRIPA-MORENA-VADELLA-e1726211606239.png\",\"datePublished\":\"2024-09-13T07:02:49+00:00\",\"breadcrumb\":{\"@id\":\"https:\/\/www.fortunyo.es\/fr\/product\/tripes-de-boeuf-brunes-cuites#breadcrumb\"},\"inLanguage\":\"fr-FR\",\"potentialAction\":[{\"@type\":\"ReadAction\",\"target\":[\"https:\/\/www.fortunyo.es\/fr\/product\/tripes-de-boeuf-brunes-cuites\"]}]},{\"@type\":\"ImageObject\",\"inLanguage\":\"fr-FR\",\"@id\":\"https:\/\/www.fortunyo.es\/fr\/product\/tripes-de-boeuf-brunes-cuites#primaryimage\",\"url\":\"https:\/\/www.fortunyo.es\/wp-content\/uploads\/2024\/09\/TRIPA-MORENA-VADELLA-e1726211606239.png\",\"contentUrl\":\"https:\/\/www.fortunyo.es\/wp-content\/uploads\/2024\/09\/TRIPA-MORENA-VADELLA-e1726211606239.png\",\"width\":3264,\"height\":1823,\"caption\":\"tripes de b\u0153uf brunes cuites carns fortunyo\"},{\"@type\":\"BreadcrumbList\",\"@id\":\"https:\/\/www.fortunyo.es\/fr\/product\/tripes-de-boeuf-brunes-cuites#breadcrumb\",\"itemListElement\":[{\"@type\":\"ListItem\",\"position\":1,\"name\":\"Portada\",\"item\":\"https:\/\/www.fortunyo.es\/fr\"},{\"@type\":\"ListItem\",\"position\":2,\"name\":\"Produits\",\"item\":\"https:\/\/www.fortunyo.es\/produits\"},{\"@type\":\"ListItem\",\"position\":3,\"name\":\"Tripes de b\u0153uf brunes cuites\"}]},{\"@type\":\"WebSite\",\"@id\":\"https:\/\/www.fortunyo.es\/fr#website\",\"url\":\"https:\/\/www.fortunyo.es\/fr\",\"name\":\"Fortu\u00f1o\",\"description\":\"Carns i menuts\",\"potentialAction\":[{\"@type\":\"SearchAction\",\"target\":{\"@type\":\"EntryPoint\",\"urlTemplate\":\"https:\/\/www.fortunyo.es\/fr?s={search_term_string}\"},\"query-input\":{\"@type\":\"PropertyValueSpecification\",\"valueRequired\":true,\"valueName\":\"search_term_string\"}}],\"inLanguage\":\"fr-FR\"}]}<\/script>\n<!-- \/ Yoast SEO plugin. -->","yoast_head_json":{"title":"Tripes de b\u0153uf brunes cuites - Fortu\u00f1o","robots":{"index":"index","follow":"follow","max-snippet":"max-snippet:-1","max-image-preview":"max-image-preview:large","max-video-preview":"max-video-preview:-1"},"canonical":"https:\/\/www.fortunyo.es\/fr\/product\/tripes-de-boeuf-brunes-cuites","og_locale":"fr_FR","og_type":"article","og_title":"Tripes de b\u0153uf brunes cuites - Fortu\u00f1o","og_description":"Nettoy\u00e9es et pr\u00eates \u00e0 cuire, nos tripes de b\u0153uf sont polyvalentes et essentielles pour les plats traditionnels comme les tripes ou les rago\u00fbts.","og_url":"https:\/\/www.fortunyo.es\/fr\/product\/tripes-de-boeuf-brunes-cuites","og_site_name":"Fortu\u00f1o","og_image":[{"width":1024,"height":572,"url":"https:\/\/www.fortunyo.es\/wp-content\/uploads\/2024\/09\/TRIPA-MORENA-VADELLA-e1726211606239-1024x572.png","type":"image\/png"}],"twitter_card":"summary_large_image","schema":{"@context":"https:\/\/schema.org","@graph":[{"@type":"WebPage","@id":"https:\/\/www.fortunyo.es\/fr\/product\/tripes-de-boeuf-brunes-cuites","url":"https:\/\/www.fortunyo.es\/fr\/product\/tripes-de-boeuf-brunes-cuites","name":"Tripes de b\u0153uf brunes cuites - Fortu\u00f1o","isPartOf":{"@id":"https:\/\/www.fortunyo.es\/fr#website"},"primaryImageOfPage":{"@id":"https:\/\/www.fortunyo.es\/fr\/product\/tripes-de-boeuf-brunes-cuites#primaryimage"},"image":{"@id":"https:\/\/www.fortunyo.es\/fr\/product\/tripes-de-boeuf-brunes-cuites#primaryimage"},"thumbnailUrl":"https:\/\/www.fortunyo.es\/wp-content\/uploads\/2024\/09\/TRIPA-MORENA-VADELLA-e1726211606239.png","datePublished":"2024-09-13T07:02:49+00:00","breadcrumb":{"@id":"https:\/\/www.fortunyo.es\/fr\/product\/tripes-de-boeuf-brunes-cuites#breadcrumb"},"inLanguage":"fr-FR","potentialAction":[{"@type":"ReadAction","target":["https:\/\/www.fortunyo.es\/fr\/product\/tripes-de-boeuf-brunes-cuites"]}]},{"@type":"ImageObject","inLanguage":"fr-FR","@id":"https:\/\/www.fortunyo.es\/fr\/product\/tripes-de-boeuf-brunes-cuites#primaryimage","url":"https:\/\/www.fortunyo.es\/wp-content\/uploads\/2024\/09\/TRIPA-MORENA-VADELLA-e1726211606239.png","contentUrl":"https:\/\/www.fortunyo.es\/wp-content\/uploads\/2024\/09\/TRIPA-MORENA-VADELLA-e1726211606239.png","width":3264,"height":1823,"caption":"tripes de b\u0153uf brunes cuites carns fortunyo"},{"@type":"BreadcrumbList","@id":"https:\/\/www.fortunyo.es\/fr\/product\/tripes-de-boeuf-brunes-cuites#breadcrumb","itemListElement":[{"@type":"ListItem","position":1,"name":"Portada","item":"https:\/\/www.fortunyo.es\/fr"},{"@type":"ListItem","position":2,"name":"Produits","item":"https:\/\/www.fortunyo.es\/produits"},{"@type":"ListItem","position":3,"name":"Tripes de b\u0153uf brunes cuites"}]},{"@type":"WebSite","@id":"https:\/\/www.fortunyo.es\/fr#website","url":"https:\/\/www.fortunyo.es\/fr","name":"Fortu\u00f1o","description":"Carns i menuts","potentialAction":[{"@type":"SearchAction","target":{"@type":"EntryPoint","urlTemplate":"https:\/\/www.fortunyo.es\/fr?s={search_term_string}"},"query-input":{"@type":"PropertyValueSpecification","valueRequired":true,"valueName":"search_term_string"}}],"inLanguage":"fr-FR"}]}},"_links":{"self":[{"href":"https:\/\/www.fortunyo.es\/fr\/wp-json\/wp\/v2\/product\/38667","targetHints":{"allow":["GET"]}}],"collection":[{"href":"https:\/\/www.fortunyo.es\/fr\/wp-json\/wp\/v2\/product"}],"about":[{"href":"https:\/\/www.fortunyo.es\/fr\/wp-json\/wp\/v2\/types\/product"}],"replies":[{"embeddable":true,"href":"https:\/\/www.fortunyo.es\/fr\/wp-json\/wp\/v2\/comments?post=38667"}],"version-history":[{"count":0,"href":"https:\/\/www.fortunyo.es\/fr\/wp-json\/wp\/v2\/product\/38667\/revisions"}],"wp:featuredmedia":[{"embeddable":true,"href":"https:\/\/www.fortunyo.es\/fr\/wp-json\/wp\/v2\/media\/38029"}],"wp:attachment":[{"href":"https:\/\/www.fortunyo.es\/fr\/wp-json\/wp\/v2\/media?parent=38667"}],"wp:term":[{"taxonomy":"product_brand","embeddable":true,"href":"https:\/\/www.fortunyo.es\/fr\/wp-json\/wp\/v2\/product_brand?post=38667"},{"taxonomy":"product_cat","embeddable":true,"href":"https:\/\/www.fortunyo.es\/fr\/wp-json\/wp\/v2\/product_cat?post=38667"},{"taxonomy":"product_tag","embeddable":true,"href":"https:\/\/www.fortunyo.es\/fr\/wp-json\/wp\/v2\/product_tag?post=38667"}],"curies":[{"name":"wp","href":"https:\/\/api.w.org\/{rel}","templated":true}]}}